{"id":1008,"date":"2017-06-05T16:09:25","date_gmt":"2017-06-05T16:09:25","guid":{"rendered":"https:\/\/www.berchemcare.be\/onze-raadplegingen\/paramedische-beroepen\/logopedie\/"},"modified":"2023-11-24T08:38:09","modified_gmt":"2023-11-24T08:38:09","slug":"logopedie","status":"publish","type":"page","link":"https:\/\/www.berchemcare.be\/nl\/logopedie\/","title":{"rendered":"Logop\u00e9die"},"content":{"rendered":"<div class=\"wpb-content-wrapper\"><p>[vc_row el_class=&#8221;text_intro&#8221;][vc_column][vc_column_text]Notre \u00e9quipe de logop\u00e8des exp\u00e9riment\u00e9s met \u00e0 votre disposition <strong>une expertise vari\u00e9e<\/strong>, couvrant un large \u00e9ventail de troubles de la communication, de la parole et du langage. Que ce soit pour traiter des retards de langage chez les enfants, des troubles de la d\u00e9glutition, des difficult\u00e9s de prononciation ou des d\u00e9fis li\u00e9s \u00e0 la voix, nos professionnels sont engag\u00e9s \u00e0 fournir des soins attentifs et sp\u00e9cialis\u00e9s.<br \/>\nCliquez ci-dessous pour <strong>planifier votre s\u00e9ance<\/strong> en ligne.[\/vc_column_text][\/vc_column][\/vc_row][vc_row mobile_visibility=&#8221;hide&#8221;][vc_column][vc_empty_space][\/vc_column][\/vc_row][vc_row column_gap=&#8221;20&#8243; el_class=&#8221;team team_kine&#8221;][vc_column width=&#8221;1\/2&#8243; tablet_width=&#8221;1&#8243; tablet_sm_width=&#8221;1&#8243; mobile_width=&#8221;1&#8243; el_class=&#8221;d-flex&#8221;]<div class=\"grve-element grve-image img_medecin grve-align-left\" style=\"\"><img decoding=\"async\" width=\"726\" height=\"728\" src=\"https:\/\/www.berchemcare.be\/files\/uploads\/2018\/03\/Capture-d\u2019e\u0301cran-2018-11-22-a\u0300-12.08.33.png\" class=\"attachment-full size-full\" alt=\"\" srcset=\"https:\/\/www.berchemcare.be\/files\/uploads\/2018\/03\/Capture-d\u2019e\u0301cran-2018-11-22-a\u0300-12.08.33.png 1x,https:\/\/www.berchemcare.be\/files\/uploads\/2018\/03\/Capture-d\u2019e\u0301cran-2018-11-22-a\u0300-12.08.33.png 2x\" \/><\/div>[vc_row_inner el_class=&#8221;col_right&#8221;][vc_column_inner el_class=&#8221;right_col&#8221;]<div class=\"grve-element grve-title grve-align-left grve-h3 subtitle_medecin\" style=\"\"><span>Logop\u00e8de<\/span><\/div><div class=\"grve-element grve-title grve-align-left grve-h3 title_medecin\" style=\"\"><span>Julie Decond\u00e9<\/span><\/div>[vc_column_text el_class=&#8221;mention&#8221;]<span class=\"langue\">frans<\/span>[\/vc_column_text][vc_column_text el_class=&#8221;text_medecin&#8221;]Consultations sur rendez-vous au num\u00e9ro suivant <a href=\"tel:0032496803972\">0496\/80.39.72<\/a>.[\/vc_column_text]<div class=\"grve-element grve-align-left button_medecin\"><a href=\"tel:0032496803972\" target=\"_blank\" class=\"grve-btn grve-btn-medium grve-square grve-bg-primary-1 grve-bg-hover-black\"><span><i class=\"fas fa-chevron-right\"><\/i>Prendre rendez-vous<\/span><\/a><\/div>[\/vc_column_inner][\/vc_row_inner][\/vc_column][vc_column width=&#8221;1\/2&#8243; tablet_width=&#8221;1&#8243; tablet_sm_width=&#8221;1&#8243; el_class=&#8221;d-flex&#8221;]<div class=\"grve-element grve-image img_medecin grve-align-left\" style=\"\"><img decoding=\"async\" width=\"450\" height=\"450\" src=\"https:\/\/www.berchemcare.be\/files\/uploads\/2023\/11\/doctor-woman.png\" class=\"attachment-full size-full\" alt=\"\" srcset=\"https:\/\/www.berchemcare.be\/files\/uploads\/2023\/11\/doctor-woman.png 1x,https:\/\/www.berchemcare.be\/files\/uploads\/2023\/11\/doctor-woman.png 2x\" \/><\/div>[vc_row_inner el_class=&#8221;col_right&#8221;][vc_column_inner el_class=&#8221;right_col&#8221;]<div class=\"grve-element grve-title grve-align-left grve-h3 subtitle_medecin\" style=\"\"><span>Logop\u00e8de<\/span><\/div><div class=\"grve-element grve-title grve-align-left grve-h3 title_medecin\" style=\"\"><span>Najoua El Hamouti<\/span><\/div>[vc_column_text el_class=&#8221;mention&#8221;]<span class=\"langue\">frans<\/span>[\/vc_column_text][vc_column_text el_class=&#8221;text_medecin&#8221;]Consultations sur rendez-vous au num\u00e9ro suivant : <a href=\"tel:0032486386184\">0486\/38.61.84<\/a>.[\/vc_column_text]<div class=\"grve-element grve-align-left button_medecin\"><a href=\"tel:0032486386184\" target=\"_blank\" class=\"grve-btn grve-btn-medium grve-square grve-bg-primary-1 grve-bg-hover-black\"><span><i class=\"fas fa-chevron-right\"><\/i>Prendre rendez-vous<\/span><\/a><\/div>[\/vc_column_inner][\/vc_row_inner][\/vc_column][\/vc_row]<\/p>\n<\/div>","protected":false},"excerpt":{"rendered":"<p>[vc_row el_class=&#8221;text_intro&#8221;][vc_column][vc_column_text]Notre \u00e9quipe de logop\u00e8des exp\u00e9riment\u00e9s met \u00e0 votre disposition une expertise vari\u00e9e, couvrant un large \u00e9ventail de troubles de la communication, de la parole et du langage. Que ce soit pour traiter des retards de langage chez les enfants, des troubles de la d\u00e9glutition, des difficult\u00e9s de prononciation ou des d\u00e9fis li\u00e9s \u00e0 la [&hellip;]<\/p>\n","protected":false},"author":1,"featured_media":1001,"parent":0,"menu_order":0,"comment_status":"closed","ping_status":"closed","template":"","meta":{"footnotes":""},"class_list":["post-1008","page","type-page","status-publish","has-post-thumbnail","hentry"],"yoast_head":"<!-- This site is optimized with the Yoast SEO plugin v27.3 - https:\/\/yoast.com\/product\/yoast-seo-wordpress\/ -->\n<title>Logop\u00e9die - Berchem Care<\/title>\n<meta name=\"description\" content=\"Le cabinet m\u00e9dical Berchem Care \u00e0 Berchem-Sainte-Agathe vous propose ses services de logop\u00e9die.\" \/>\n<meta name=\"robots\" content=\"index, follow, max-snippet:-1, max-image-preview:large, max-video-preview:-1\" \/>\n<link rel=\"canonical\" href=\"https:\/\/www.berchemcare.be\/nl\/logopedie\/\" \/>\n<meta property=\"og:locale\" content=\"nl_NL\" \/>\n<meta property=\"og:type\" content=\"article\" \/>\n<meta property=\"og:title\" content=\"Logop\u00e9die - Berchem Care\" \/>\n<meta property=\"og:description\" content=\"Le cabinet m\u00e9dical Berchem Care \u00e0 Berchem-Sainte-Agathe vous propose ses services de logop\u00e9die.\" \/>\n<meta property=\"og:url\" content=\"https:\/\/www.berchemcare.be\/nl\/logopedie\/\" \/>\n<meta property=\"og:site_name\" content=\"Berchem Care\" \/>\n<meta property=\"article:modified_time\" content=\"2023-11-24T08:38:09+00:00\" \/>\n<meta property=\"og:image\" content=\"https:\/\/www.berchemcare.be\/files\/uploads\/2017\/07\/logopedie.jpg\" \/>\n\t<meta property=\"og:image:width\" content=\"1280\" \/>\n\t<meta property=\"og:image:height\" content=\"960\" \/>\n\t<meta property=\"og:image:type\" content=\"image\/jpeg\" \/>\n<meta name=\"twitter:card\" content=\"summary_large_image\" \/>\n<meta name=\"twitter:label1\" content=\"Geschatte leestijd\" \/>\n\t<meta name=\"twitter:data1\" content=\"1 minuut\" \/>\n<script type=\"application\/ld+json\" class=\"yoast-schema-graph\">{\"@context\":\"https:\\\/\\\/schema.org\",\"@graph\":[{\"@type\":\"WebPage\",\"@id\":\"https:\\\/\\\/www.berchemcare.be\\\/nl\\\/logopedie\\\/\",\"url\":\"https:\\\/\\\/www.berchemcare.be\\\/nl\\\/logopedie\\\/\",\"name\":\"Logop\u00e9die - Berchem Care\",\"isPartOf\":{\"@id\":\"https:\\\/\\\/www.berchemcare.be\\\/#website\"},\"primaryImageOfPage\":{\"@id\":\"https:\\\/\\\/www.berchemcare.be\\\/nl\\\/logopedie\\\/#primaryimage\"},\"image\":{\"@id\":\"https:\\\/\\\/www.berchemcare.be\\\/nl\\\/logopedie\\\/#primaryimage\"},\"thumbnailUrl\":\"https:\\\/\\\/www.berchemcare.be\\\/files\\\/uploads\\\/2017\\\/07\\\/logopedie.jpg\",\"datePublished\":\"2017-06-05T16:09:25+00:00\",\"dateModified\":\"2023-11-24T08:38:09+00:00\",\"description\":\"Le cabinet m\u00e9dical Berchem Care \u00e0 Berchem-Sainte-Agathe vous propose ses services de logop\u00e9die.\",\"breadcrumb\":{\"@id\":\"https:\\\/\\\/www.berchemcare.be\\\/nl\\\/logopedie\\\/#breadcrumb\"},\"inLanguage\":\"nl-NL\",\"potentialAction\":[{\"@type\":\"ReadAction\",\"target\":[\"https:\\\/\\\/www.berchemcare.be\\\/nl\\\/logopedie\\\/\"]}]},{\"@type\":\"ImageObject\",\"inLanguage\":\"nl-NL\",\"@id\":\"https:\\\/\\\/www.berchemcare.be\\\/nl\\\/logopedie\\\/#primaryimage\",\"url\":\"https:\\\/\\\/www.berchemcare.be\\\/files\\\/uploads\\\/2017\\\/07\\\/logopedie.jpg\",\"contentUrl\":\"https:\\\/\\\/www.berchemcare.be\\\/files\\\/uploads\\\/2017\\\/07\\\/logopedie.jpg\",\"width\":1280,\"height\":960},{\"@type\":\"BreadcrumbList\",\"@id\":\"https:\\\/\\\/www.berchemcare.be\\\/nl\\\/logopedie\\\/#breadcrumb\",\"itemListElement\":[{\"@type\":\"ListItem\",\"position\":1,\"name\":\"Home\",\"item\":\"https:\\\/\\\/www.berchemcare.be\\\/nl\\\/\"},{\"@type\":\"ListItem\",\"position\":2,\"name\":\"Logop\u00e9die\"}]},{\"@type\":\"WebSite\",\"@id\":\"https:\\\/\\\/www.berchemcare.be\\\/#website\",\"url\":\"https:\\\/\\\/www.berchemcare.be\\\/\",\"name\":\"Berchem Care\",\"description\":\"Medische praktijk\u00a0te Sint-Agatha-Berchem\",\"potentialAction\":[{\"@type\":\"SearchAction\",\"target\":{\"@type\":\"EntryPoint\",\"urlTemplate\":\"https:\\\/\\\/www.berchemcare.be\\\/?s={search_term_string}\"},\"query-input\":{\"@type\":\"PropertyValueSpecification\",\"valueRequired\":true,\"valueName\":\"search_term_string\"}}],\"inLanguage\":\"nl-NL\"}]}<\/script>\n<!-- \/ Yoast SEO plugin. -->","yoast_head_json":{"title":"Logop\u00e9die - Berchem Care","description":"Le cabinet m\u00e9dical Berchem Care \u00e0 Berchem-Sainte-Agathe vous propose ses services de logop\u00e9die.","robots":{"index":"index","follow":"follow","max-snippet":"max-snippet:-1","max-image-preview":"max-image-preview:large","max-video-preview":"max-video-preview:-1"},"canonical":"https:\/\/www.berchemcare.be\/nl\/logopedie\/","og_locale":"nl_NL","og_type":"article","og_title":"Logop\u00e9die - Berchem Care","og_description":"Le cabinet m\u00e9dical Berchem Care \u00e0 Berchem-Sainte-Agathe vous propose ses services de logop\u00e9die.","og_url":"https:\/\/www.berchemcare.be\/nl\/logopedie\/","og_site_name":"Berchem Care","article_modified_time":"2023-11-24T08:38:09+00:00","og_image":[{"width":1280,"height":960,"url":"https:\/\/www.berchemcare.be\/files\/uploads\/2017\/07\/logopedie.jpg","type":"image\/jpeg"}],"twitter_card":"summary_large_image","twitter_misc":{"Geschatte leestijd":"1 minuut"},"schema":{"@context":"https:\/\/schema.org","@graph":[{"@type":"WebPage","@id":"https:\/\/www.berchemcare.be\/nl\/logopedie\/","url":"https:\/\/www.berchemcare.be\/nl\/logopedie\/","name":"Logop\u00e9die - Berchem Care","isPartOf":{"@id":"https:\/\/www.berchemcare.be\/#website"},"primaryImageOfPage":{"@id":"https:\/\/www.berchemcare.be\/nl\/logopedie\/#primaryimage"},"image":{"@id":"https:\/\/www.berchemcare.be\/nl\/logopedie\/#primaryimage"},"thumbnailUrl":"https:\/\/www.berchemcare.be\/files\/uploads\/2017\/07\/logopedie.jpg","datePublished":"2017-06-05T16:09:25+00:00","dateModified":"2023-11-24T08:38:09+00:00","description":"Le cabinet m\u00e9dical Berchem Care \u00e0 Berchem-Sainte-Agathe vous propose ses services de logop\u00e9die.","breadcrumb":{"@id":"https:\/\/www.berchemcare.be\/nl\/logopedie\/#breadcrumb"},"inLanguage":"nl-NL","potentialAction":[{"@type":"ReadAction","target":["https:\/\/www.berchemcare.be\/nl\/logopedie\/"]}]},{"@type":"ImageObject","inLanguage":"nl-NL","@id":"https:\/\/www.berchemcare.be\/nl\/logopedie\/#primaryimage","url":"https:\/\/www.berchemcare.be\/files\/uploads\/2017\/07\/logopedie.jpg","contentUrl":"https:\/\/www.berchemcare.be\/files\/uploads\/2017\/07\/logopedie.jpg","width":1280,"height":960},{"@type":"BreadcrumbList","@id":"https:\/\/www.berchemcare.be\/nl\/logopedie\/#breadcrumb","itemListElement":[{"@type":"ListItem","position":1,"name":"Home","item":"https:\/\/www.berchemcare.be\/nl\/"},{"@type":"ListItem","position":2,"name":"Logop\u00e9die"}]},{"@type":"WebSite","@id":"https:\/\/www.berchemcare.be\/#website","url":"https:\/\/www.berchemcare.be\/","name":"Berchem Care","description":"Medische praktijk\u00a0te Sint-Agatha-Berchem","potentialAction":[{"@type":"SearchAction","target":{"@type":"EntryPoint","urlTemplate":"https:\/\/www.berchemcare.be\/?s={search_term_string}"},"query-input":{"@type":"PropertyValueSpecification","valueRequired":true,"valueName":"search_term_string"}}],"inLanguage":"nl-NL"}]}},"_links":{"self":[{"href":"https:\/\/www.berchemcare.be\/nl\/wp-json\/wp\/v2\/pages\/1008","targetHints":{"allow":["GET"]}}],"collection":[{"href":"https:\/\/www.berchemcare.be\/nl\/wp-json\/wp\/v2\/pages"}],"about":[{"href":"https:\/\/www.berchemcare.be\/nl\/wp-json\/wp\/v2\/types\/page"}],"author":[{"embeddable":true,"href":"https:\/\/www.berchemcare.be\/nl\/wp-json\/wp\/v2\/users\/1"}],"replies":[{"embeddable":true,"href":"https:\/\/www.berchemcare.be\/nl\/wp-json\/wp\/v2\/comments?post=1008"}],"version-history":[{"count":4,"href":"https:\/\/www.berchemcare.be\/nl\/wp-json\/wp\/v2\/pages\/1008\/revisions"}],"predecessor-version":[{"id":1450,"href":"https:\/\/www.berchemcare.be\/nl\/wp-json\/wp\/v2\/pages\/1008\/revisions\/1450"}],"wp:featuredmedia":[{"embeddable":true,"href":"https:\/\/www.berchemcare.be\/nl\/wp-json\/wp\/v2\/media\/1001"}],"wp:attachment":[{"href":"https:\/\/www.berchemcare.be\/nl\/wp-json\/wp\/v2\/media?parent=1008"}],"curies":[{"name":"wp","href":"https:\/\/api.w.org\/{rel}","templated":true}]}}