{"id":1010,"date":"2017-06-05T16:21:03","date_gmt":"2017-06-05T16:21:03","guid":{"rendered":"https:\/\/www.berchemcare.be\/onze-raadplegingen\/paramedische-beroepen\/neuropsychologie\/"},"modified":"2023-11-24T08:40:21","modified_gmt":"2023-11-24T08:40:21","slug":"neuropsychologie","status":"publish","type":"page","link":"https:\/\/www.berchemcare.be\/nl\/neuropsychologie\/","title":{"rendered":"Neuropsychologie"},"content":{"rendered":"<div class=\"wpb-content-wrapper\"><p>[vc_row el_class=&#8221;text_intro&#8221;][vc_column][vc_column_text]Notre \u00e9quipe de neuropsychologues qualifi\u00e9s met \u00e0 votre disposition <strong>une expertise approfondie<\/strong>, couvrant un large spectre de troubles cognitifs, \u00e9motionnels et comportementaux. Que ce soit pour traiter des troubles de l&#8217;apprentissage, des d\u00e9ficits de l&#8217;attention, des s\u00e9quelles de traumatismes cr\u00e2niens ou des probl\u00e8mes li\u00e9s au vieillissement c\u00e9r\u00e9bral, nos professionnels sont d\u00e9vou\u00e9s \u00e0 fournir des soins attentifs et sp\u00e9cialis\u00e9s.<br \/>\nCliquez ci-dessous pour <strong>prendre un rendez-vous<\/strong>.[\/vc_column_text][\/vc_column][\/vc_row][vc_row mobile_visibility=&#8221;hide&#8221;][vc_column][vc_empty_space][\/vc_column][\/vc_row][vc_row column_gap=&#8221;20&#8243; el_class=&#8221;team team_kine&#8221;][vc_column width=&#8221;1\/2&#8243; tablet_width=&#8221;1&#8243; tablet_sm_width=&#8221;1&#8243; mobile_width=&#8221;1&#8243; el_class=&#8221;d-flex&#8221;]<div class=\"grve-element grve-image img_medecin grve-align-left\" style=\"\"><img decoding=\"async\" width=\"728\" height=\"730\" src=\"https:\/\/www.berchemcare.be\/files\/uploads\/2023\/11\/Bosquart-celine.png\" class=\"attachment-full size-full\" alt=\"\" srcset=\"https:\/\/www.berchemcare.be\/files\/uploads\/2023\/11\/Bosquart-celine.png 1x,https:\/\/www.berchemcare.be\/files\/uploads\/2023\/11\/Bosquart-celine.png 2x\" \/><\/div>[vc_row_inner el_class=&#8221;col_right&#8221;][vc_column_inner el_class=&#8221;right_col&#8221;]<div class=\"grve-element grve-title grve-align-left grve-h3 subtitle_medecin\" style=\"\"><span>Neuropsychologue<\/span><\/div><div class=\"grve-element grve-title grve-align-left grve-h3 title_medecin\" style=\"\"><span>C\u00e9line Bosquart<\/span><\/div>[vc_column_text el_class=&#8221;mention&#8221;]<span class=\"langue\">frans<\/span>[\/vc_column_text][vc_column_text el_class=&#8221;text_medecin&#8221;]Consulten op afspraak op het volgende nummer <a href=\"tel:0032494288315\">0494\/28.83.15<\/a> of per mail <a href=\"mailto:celinebosquart@gmail.com\">celinebosquart@gmail.com<\/a>.[\/vc_column_text]<div class=\"grve-element grve-align-left button_medecin\"><a href=\"tel:0032494288315\" target=\"_blank\" class=\"grve-btn grve-btn-medium grve-square grve-bg-primary-1 grve-bg-hover-black\"><span><i class=\"fas fa-chevron-right\"><\/i>Een afspraak maken<\/span><\/a><\/div>[\/vc_column_inner][\/vc_row_inner][\/vc_column][vc_column width=&#8221;1\/2&#8243; el_class=&#8221;d-flex&#8221;]<div class=\"grve-element grve-image img_medecin grve-align-left\" style=\"\"><img decoding=\"async\" width=\"450\" height=\"450\" src=\"https:\/\/www.berchemcare.be\/files\/uploads\/2023\/11\/doctor-woman.png\" class=\"attachment-full size-full\" alt=\"\" srcset=\"https:\/\/www.berchemcare.be\/files\/uploads\/2023\/11\/doctor-woman.png 1x,https:\/\/www.berchemcare.be\/files\/uploads\/2023\/11\/doctor-woman.png 2x\" \/><\/div>[vc_row_inner el_class=&#8221;col_right&#8221;][vc_column_inner el_class=&#8221;right_col&#8221;]<div class=\"grve-element grve-title grve-align-left grve-h3 subtitle_medecin\" style=\"\"><span>Neuropsychologue<\/span><\/div><div class=\"grve-element grve-title grve-align-left grve-h3 title_medecin\" style=\"\"><span>Laetitia Vande Vreken<\/span><\/div>[vc_column_text el_class=&#8221;mention&#8221;]<span class=\"langue\">frans<\/span>[\/vc_column_text][vc_column_text el_class=&#8221;text_medecin&#8221;]Consulten op afspraak op het volgende nummer <a href=\"tel:0032486695955\">0486\/69.59.55<\/a> of per mail <a href=\"mailto:neuropsychologuevdv@gmail.com\">neuropsychologuevdv@gmail.com<\/a>.[\/vc_column_text]<div class=\"grve-element grve-align-left button_medecin\"><a href=\"tel:0032486695955\" target=\"_blank\" class=\"grve-btn grve-btn-medium grve-square grve-bg-primary-1 grve-bg-hover-black\"><span><i class=\"fas fa-chevron-right\"><\/i>Een afspraak maken<\/span><\/a><\/div>[\/vc_column_inner][\/vc_row_inner][\/vc_column][\/vc_row][vc_row column_gap=&#8221;20&#8243; el_class=&#8221;team team_kine&#8221;][vc_column width=&#8221;1\/2&#8243; tablet_width=&#8221;1&#8243; tablet_sm_width=&#8221;1&#8243; mobile_width=&#8221;1&#8243; el_class=&#8221;d-flex&#8221;]<div class=\"grve-element grve-image img_medecin grve-align-left\" style=\"\"><img decoding=\"async\" width=\"450\" height=\"450\" src=\"https:\/\/www.berchemcare.be\/files\/uploads\/2023\/11\/doctor-woman.png\" class=\"attachment-full size-full\" alt=\"\" srcset=\"https:\/\/www.berchemcare.be\/files\/uploads\/2023\/11\/doctor-woman.png 1x,https:\/\/www.berchemcare.be\/files\/uploads\/2023\/11\/doctor-woman.png 2x\" \/><\/div>[vc_row_inner el_class=&#8221;col_right&#8221;][vc_column_inner el_class=&#8221;right_col&#8221;]<div class=\"grve-element grve-title grve-align-left grve-h3 subtitle_medecin\" style=\"\"><span>Neuropsychologue<\/span><\/div><div class=\"grve-element grve-title grve-align-left grve-h3 title_medecin\" style=\"\"><span>Isabelle Cornil<\/span><\/div>[vc_column_text el_class=&#8221;mention&#8221;]<span class=\"langue\">frans<\/span>[\/vc_column_text][vc_column_text el_class=&#8221;text_medecin&#8221;]Consulten op afspraak op het volgende nummer <a href=\"tel:0032486244220\">0486\/24.42.20<\/a> of per mail <a href=\"mailto:cornil.neuropsy@gmail.com\">cornil.neuropsy@gmail.com<\/a>.[\/vc_column_text]<div class=\"grve-element grve-align-left button_medecin\"><a href=\"tel:0032486244220\" target=\"_blank\" class=\"grve-btn grve-btn-medium grve-square grve-bg-primary-1 grve-bg-hover-black\"><span><i class=\"fas fa-chevron-right\"><\/i>Een afspraak maken<\/span><\/a><\/div>[\/vc_column_inner][\/vc_row_inner][\/vc_column][vc_column width=&#8221;1\/2&#8243; el_class=&#8221;d-flex&#8221;]<div class=\"grve-element grve-image img_medecin grve-align-left\" style=\"\"><img decoding=\"async\" width=\"450\" height=\"450\" src=\"https:\/\/www.berchemcare.be\/files\/uploads\/2023\/11\/doctor-man.png\" class=\"attachment-full size-full\" alt=\"\" srcset=\"https:\/\/www.berchemcare.be\/files\/uploads\/2023\/11\/doctor-man.png 1x,https:\/\/www.berchemcare.be\/files\/uploads\/2023\/11\/doctor-man.png 2x\" \/><\/div>[vc_row_inner el_class=&#8221;col_right&#8221;][vc_column_inner el_class=&#8221;right_col&#8221;]<div class=\"grve-element grve-title grve-align-left grve-h3 subtitle_medecin\" style=\"\"><span>Neuropsychologue<\/span><\/div><div class=\"grve-element grve-title grve-align-left grve-h3 title_medecin\" style=\"\"><span>Ben Khelil Chems-Eddine<\/span><\/div>[vc_column_text el_class=&#8221;mention&#8221;]<span class=\"langue\">frans<\/span>[\/vc_column_text][vc_column_text el_class=&#8221;text_medecin&#8221;]Consulten op afspraak op het volgende nummer <a href=\"tel:0032494772529\">0494\/77.25.29<\/a> of per mail <a href=\"mailto:neuropsyBK@outlook.be\">neuropsyBK@outlook.be<\/a>.[\/vc_column_text]<div class=\"grve-element grve-align-left button_medecin\"><a href=\"tel:0032494772529\" target=\"_blank\" class=\"grve-btn grve-btn-medium grve-square grve-bg-primary-1 grve-bg-hover-black\"><span><i class=\"fas fa-chevron-right\"><\/i>Een afspraak maken<\/span><\/a><\/div>[\/vc_column_inner][\/vc_row_inner][\/vc_column][\/vc_row]<\/p>\n<\/div>","protected":false},"excerpt":{"rendered":"<p>[vc_row el_class=&#8221;text_intro&#8221;][vc_column][vc_column_text]Notre \u00e9quipe de neuropsychologues qualifi\u00e9s met \u00e0 votre disposition une expertise approfondie, couvrant un large spectre de troubles cognitifs, \u00e9motionnels et comportementaux. Que ce soit pour traiter des troubles de l&#8217;apprentissage, des d\u00e9ficits de l&#8217;attention, des s\u00e9quelles de traumatismes cr\u00e2niens ou des probl\u00e8mes li\u00e9s au vieillissement c\u00e9r\u00e9bral, nos professionnels sont d\u00e9vou\u00e9s \u00e0 fournir des [&hellip;]<\/p>\n","protected":false},"author":1,"featured_media":1004,"parent":0,"menu_order":0,"comment_status":"closed","ping_status":"closed","template":"","meta":{"footnotes":""},"class_list":["post-1010","page","type-page","status-publish","has-post-thumbnail","hentry"],"yoast_head":"<!-- This site is optimized with the Yoast SEO plugin v27.3 - https:\/\/yoast.com\/product\/yoast-seo-wordpress\/ -->\n<title>Neuropsychologie - Berchem Care<\/title>\n<meta name=\"description\" content=\"Le cabinet m\u00e9dical Berchem Care \u00e0 Berchem-Sainte-Agathe sur Bruxelles vous propose ses services de neuropsychologie.\" \/>\n<meta name=\"robots\" content=\"index, follow, max-snippet:-1, max-image-preview:large, max-video-preview:-1\" \/>\n<link rel=\"canonical\" href=\"https:\/\/www.berchemcare.be\/nl\/neuropsychologie\/\" \/>\n<meta property=\"og:locale\" content=\"nl_NL\" \/>\n<meta property=\"og:type\" content=\"article\" \/>\n<meta property=\"og:title\" content=\"Neuropsychologie - Berchem Care\" \/>\n<meta property=\"og:description\" content=\"Le cabinet m\u00e9dical Berchem Care \u00e0 Berchem-Sainte-Agathe sur Bruxelles vous propose ses services de neuropsychologie.\" \/>\n<meta property=\"og:url\" content=\"https:\/\/www.berchemcare.be\/nl\/neuropsychologie\/\" \/>\n<meta property=\"og:site_name\" content=\"Berchem Care\" \/>\n<meta property=\"article:modified_time\" content=\"2023-11-24T08:40:21+00:00\" \/>\n<meta property=\"og:image\" content=\"https:\/\/www.berchemcare.be\/files\/uploads\/2017\/07\/neuropsychologie.jpg\" \/>\n\t<meta property=\"og:image:width\" content=\"1280\" \/>\n\t<meta property=\"og:image:height\" content=\"960\" \/>\n\t<meta property=\"og:image:type\" content=\"image\/jpeg\" \/>\n<meta name=\"twitter:card\" content=\"summary_large_image\" \/>\n<meta name=\"twitter:label1\" content=\"Geschatte leestijd\" \/>\n\t<meta name=\"twitter:data1\" content=\"2 minuten\" \/>\n<script type=\"application\/ld+json\" class=\"yoast-schema-graph\">{\"@context\":\"https:\\\/\\\/schema.org\",\"@graph\":[{\"@type\":\"WebPage\",\"@id\":\"https:\\\/\\\/www.berchemcare.be\\\/nl\\\/neuropsychologie\\\/\",\"url\":\"https:\\\/\\\/www.berchemcare.be\\\/nl\\\/neuropsychologie\\\/\",\"name\":\"Neuropsychologie - Berchem Care\",\"isPartOf\":{\"@id\":\"https:\\\/\\\/www.berchemcare.be\\\/#website\"},\"primaryImageOfPage\":{\"@id\":\"https:\\\/\\\/www.berchemcare.be\\\/nl\\\/neuropsychologie\\\/#primaryimage\"},\"image\":{\"@id\":\"https:\\\/\\\/www.berchemcare.be\\\/nl\\\/neuropsychologie\\\/#primaryimage\"},\"thumbnailUrl\":\"https:\\\/\\\/www.berchemcare.be\\\/files\\\/uploads\\\/2017\\\/07\\\/neuropsychologie.jpg\",\"datePublished\":\"2017-06-05T16:21:03+00:00\",\"dateModified\":\"2023-11-24T08:40:21+00:00\",\"description\":\"Le cabinet m\u00e9dical Berchem Care \u00e0 Berchem-Sainte-Agathe sur Bruxelles vous propose ses services de neuropsychologie.\",\"breadcrumb\":{\"@id\":\"https:\\\/\\\/www.berchemcare.be\\\/nl\\\/neuropsychologie\\\/#breadcrumb\"},\"inLanguage\":\"nl-NL\",\"potentialAction\":[{\"@type\":\"ReadAction\",\"target\":[\"https:\\\/\\\/www.berchemcare.be\\\/nl\\\/neuropsychologie\\\/\"]}]},{\"@type\":\"ImageObject\",\"inLanguage\":\"nl-NL\",\"@id\":\"https:\\\/\\\/www.berchemcare.be\\\/nl\\\/neuropsychologie\\\/#primaryimage\",\"url\":\"https:\\\/\\\/www.berchemcare.be\\\/files\\\/uploads\\\/2017\\\/07\\\/neuropsychologie.jpg\",\"contentUrl\":\"https:\\\/\\\/www.berchemcare.be\\\/files\\\/uploads\\\/2017\\\/07\\\/neuropsychologie.jpg\",\"width\":1280,\"height\":960},{\"@type\":\"BreadcrumbList\",\"@id\":\"https:\\\/\\\/www.berchemcare.be\\\/nl\\\/neuropsychologie\\\/#breadcrumb\",\"itemListElement\":[{\"@type\":\"ListItem\",\"position\":1,\"name\":\"Home\",\"item\":\"https:\\\/\\\/www.berchemcare.be\\\/nl\\\/\"},{\"@type\":\"ListItem\",\"position\":2,\"name\":\"Neuropsychologie\"}]},{\"@type\":\"WebSite\",\"@id\":\"https:\\\/\\\/www.berchemcare.be\\\/#website\",\"url\":\"https:\\\/\\\/www.berchemcare.be\\\/\",\"name\":\"Berchem Care\",\"description\":\"Medische praktijk\u00a0te Sint-Agatha-Berchem\",\"potentialAction\":[{\"@type\":\"SearchAction\",\"target\":{\"@type\":\"EntryPoint\",\"urlTemplate\":\"https:\\\/\\\/www.berchemcare.be\\\/?s={search_term_string}\"},\"query-input\":{\"@type\":\"PropertyValueSpecification\",\"valueRequired\":true,\"valueName\":\"search_term_string\"}}],\"inLanguage\":\"nl-NL\"}]}<\/script>\n<!-- \/ Yoast SEO plugin. -->","yoast_head_json":{"title":"Neuropsychologie - Berchem Care","description":"Le cabinet m\u00e9dical Berchem Care \u00e0 Berchem-Sainte-Agathe sur Bruxelles vous propose ses services de neuropsychologie.","robots":{"index":"index","follow":"follow","max-snippet":"max-snippet:-1","max-image-preview":"max-image-preview:large","max-video-preview":"max-video-preview:-1"},"canonical":"https:\/\/www.berchemcare.be\/nl\/neuropsychologie\/","og_locale":"nl_NL","og_type":"article","og_title":"Neuropsychologie - Berchem Care","og_description":"Le cabinet m\u00e9dical Berchem Care \u00e0 Berchem-Sainte-Agathe sur Bruxelles vous propose ses services de neuropsychologie.","og_url":"https:\/\/www.berchemcare.be\/nl\/neuropsychologie\/","og_site_name":"Berchem Care","article_modified_time":"2023-11-24T08:40:21+00:00","og_image":[{"width":1280,"height":960,"url":"https:\/\/www.berchemcare.be\/files\/uploads\/2017\/07\/neuropsychologie.jpg","type":"image\/jpeg"}],"twitter_card":"summary_large_image","twitter_misc":{"Geschatte leestijd":"2 minuten"},"schema":{"@context":"https:\/\/schema.org","@graph":[{"@type":"WebPage","@id":"https:\/\/www.berchemcare.be\/nl\/neuropsychologie\/","url":"https:\/\/www.berchemcare.be\/nl\/neuropsychologie\/","name":"Neuropsychologie - Berchem Care","isPartOf":{"@id":"https:\/\/www.berchemcare.be\/#website"},"primaryImageOfPage":{"@id":"https:\/\/www.berchemcare.be\/nl\/neuropsychologie\/#primaryimage"},"image":{"@id":"https:\/\/www.berchemcare.be\/nl\/neuropsychologie\/#primaryimage"},"thumbnailUrl":"https:\/\/www.berchemcare.be\/files\/uploads\/2017\/07\/neuropsychologie.jpg","datePublished":"2017-06-05T16:21:03+00:00","dateModified":"2023-11-24T08:40:21+00:00","description":"Le cabinet m\u00e9dical Berchem Care \u00e0 Berchem-Sainte-Agathe sur Bruxelles vous propose ses services de neuropsychologie.","breadcrumb":{"@id":"https:\/\/www.berchemcare.be\/nl\/neuropsychologie\/#breadcrumb"},"inLanguage":"nl-NL","potentialAction":[{"@type":"ReadAction","target":["https:\/\/www.berchemcare.be\/nl\/neuropsychologie\/"]}]},{"@type":"ImageObject","inLanguage":"nl-NL","@id":"https:\/\/www.berchemcare.be\/nl\/neuropsychologie\/#primaryimage","url":"https:\/\/www.berchemcare.be\/files\/uploads\/2017\/07\/neuropsychologie.jpg","contentUrl":"https:\/\/www.berchemcare.be\/files\/uploads\/2017\/07\/neuropsychologie.jpg","width":1280,"height":960},{"@type":"BreadcrumbList","@id":"https:\/\/www.berchemcare.be\/nl\/neuropsychologie\/#breadcrumb","itemListElement":[{"@type":"ListItem","position":1,"name":"Home","item":"https:\/\/www.berchemcare.be\/nl\/"},{"@type":"ListItem","position":2,"name":"Neuropsychologie"}]},{"@type":"WebSite","@id":"https:\/\/www.berchemcare.be\/#website","url":"https:\/\/www.berchemcare.be\/","name":"Berchem Care","description":"Medische praktijk\u00a0te Sint-Agatha-Berchem","potentialAction":[{"@type":"SearchAction","target":{"@type":"EntryPoint","urlTemplate":"https:\/\/www.berchemcare.be\/?s={search_term_string}"},"query-input":{"@type":"PropertyValueSpecification","valueRequired":true,"valueName":"search_term_string"}}],"inLanguage":"nl-NL"}]}},"_links":{"self":[{"href":"https:\/\/www.berchemcare.be\/nl\/wp-json\/wp\/v2\/pages\/1010","targetHints":{"allow":["GET"]}}],"collection":[{"href":"https:\/\/www.berchemcare.be\/nl\/wp-json\/wp\/v2\/pages"}],"about":[{"href":"https:\/\/www.berchemcare.be\/nl\/wp-json\/wp\/v2\/types\/page"}],"author":[{"embeddable":true,"href":"https:\/\/www.berchemcare.be\/nl\/wp-json\/wp\/v2\/users\/1"}],"replies":[{"embeddable":true,"href":"https:\/\/www.berchemcare.be\/nl\/wp-json\/wp\/v2\/comments?post=1010"}],"version-history":[{"count":6,"href":"https:\/\/www.berchemcare.be\/nl\/wp-json\/wp\/v2\/pages\/1010\/revisions"}],"predecessor-version":[{"id":1452,"href":"https:\/\/www.berchemcare.be\/nl\/wp-json\/wp\/v2\/pages\/1010\/revisions\/1452"}],"wp:featuredmedia":[{"embeddable":true,"href":"https:\/\/www.berchemcare.be\/nl\/wp-json\/wp\/v2\/media\/1004"}],"wp:attachment":[{"href":"https:\/\/www.berchemcare.be\/nl\/wp-json\/wp\/v2\/media?parent=1010"}],"curies":[{"name":"wp","href":"https:\/\/api.w.org\/{rel}","templated":true}]}}