{"id":1147,"date":"2022-05-23T13:07:30","date_gmt":"2022-05-23T13:07:30","guid":{"rendered":"https:\/\/www.berchemcare.be\/onze-raadplegingen\/gespecialiseerde-geneeskunde\/pediatrie\/"},"modified":"2023-11-24T08:33:35","modified_gmt":"2023-11-24T08:33:35","slug":"pediatrie","status":"publish","type":"page","link":"https:\/\/www.berchemcare.be\/nl\/pediatrie\/","title":{"rendered":"Kindergeneeskunde"},"content":{"rendered":"<div class=\"wpb-content-wrapper\"><p>[vc_row el_class=&#8221;text_intro&#8221;][vc_column][vc_column_text]Nos m\u00e9decins sp\u00e9cialis\u00e9s sont d\u00e9vou\u00e9s \u00e0 offrir des<strong> consultations sur mesure<\/strong> pour les plus jeunes membres de votre famille. De la petite enfance \u00e0 l&#8217;adolescence, notre \u00e9quipe m\u00e9dicale est comp\u00e9tente pour assurer un <strong>suivi m\u00e9dical adapt\u00e9<\/strong> \u00e0 chaque \u00e9tape du d\u00e9veloppement de votre enfant.<br \/>\nQue ce soit pour des consultations de routine, des vaccinations, des bilans de croissance ou des pr\u00e9occupations particuli\u00e8res concernant la sant\u00e9 de votre enfant, nos professionnels de la p\u00e9diatrie sont l\u00e0 pour vous accompagner.<br \/>\nCliquez ci-dessous pour <strong>prendre rendez-vous en ligne<\/strong> avec l&#8217;un de nos m\u00e9decins p\u00e9diatres.[\/vc_column_text][\/vc_column][\/vc_row][vc_row mobile_visibility=&#8221;hide&#8221;][vc_column][vc_empty_space][\/vc_column][\/vc_row][vc_row column_gap=&#8221;20&#8243; el_class=&#8221;team team_spe&#8221;][vc_column width=&#8221;1\/2&#8243; tablet_width=&#8221;1&#8243; tablet_sm_width=&#8221;1&#8243; mobile_width=&#8221;1&#8243; el_class=&#8221;d-flex&#8221;]<div class=\"grve-element grve-image img_medecin grve-align-left\" style=\"\"><img decoding=\"async\" width=\"716\" height=\"724\" src=\"https:\/\/www.berchemcare.be\/files\/uploads\/2022\/05\/Capture-de\u0301cran-2022-05-24-a\u0300-23.43.35.png\" class=\"attachment-full size-full\" alt=\"\" srcset=\"https:\/\/www.berchemcare.be\/files\/uploads\/2022\/05\/Capture-de\u0301cran-2022-05-24-a\u0300-23.43.35.png 1x,https:\/\/www.berchemcare.be\/files\/uploads\/2022\/05\/Capture-de\u0301cran-2022-05-24-a\u0300-23.43.35.png 2x\" \/><\/div>[vc_row_inner el_class=&#8221;col_right&#8221;][vc_column_inner el_class=&#8221;right_col&#8221;]<div class=\"grve-element grve-title grve-align-left grve-h3 subtitle_medecin\" style=\"\"><span>P\u00e9diatre<\/span><\/div><div class=\"grve-element grve-title grve-align-left grve-h3 title_medecin\" style=\"\"><span>Dr Maureen Vandenbroucke<\/span><\/div>[vc_column_text el_class=&#8221;mention&#8221;]<span class=\"langue\">frans<\/span>[\/vc_column_text][vc_column_text el_class=&#8221;text_medecin&#8221;]Consulten op afspraak.[\/vc_column_text]<div class=\"grve-element grve-align-left button_medecin\"><a href=\"https:\/\/progenda.be\/calendars\/docteur-vandenbroucke-maureen-pediatre-berchem-saint-agathe\" target=\"_blank\" class=\"grve-btn grve-btn-medium grve-square grve-bg-primary-1 grve-bg-hover-black\"><span><i class=\"fas fa-chevron-right\"><\/i>Een afspraak maken<\/span><\/a><\/div>[\/vc_column_inner][\/vc_row_inner][\/vc_column][\/vc_row]<\/p>\n<\/div>","protected":false},"excerpt":{"rendered":"<p>[vc_row el_class=&#8221;text_intro&#8221;][vc_column][vc_column_text]Nos m\u00e9decins sp\u00e9cialis\u00e9s sont d\u00e9vou\u00e9s \u00e0 offrir des consultations sur mesure pour les plus jeunes membres de votre famille. De la petite enfance \u00e0 l&#8217;adolescence, notre \u00e9quipe m\u00e9dicale est comp\u00e9tente pour assurer un suivi m\u00e9dical adapt\u00e9 \u00e0 chaque \u00e9tape du d\u00e9veloppement de votre enfant. Que ce soit pour des consultations de routine, des vaccinations, [&hellip;]<\/p>\n","protected":false},"author":1,"featured_media":0,"parent":0,"menu_order":0,"comment_status":"closed","ping_status":"closed","template":"","meta":{"footnotes":""},"class_list":["post-1147","page","type-page","status-publish","hentry"],"yoast_head":"<!-- This site is optimized with the Yoast SEO plugin v27.3 - https:\/\/yoast.com\/product\/yoast-seo-wordpress\/ -->\n<title>Kindergeneeskunde - Berchem Care<\/title>\n<meta name=\"robots\" content=\"index, follow, max-snippet:-1, max-image-preview:large, max-video-preview:-1\" \/>\n<link rel=\"canonical\" href=\"https:\/\/www.berchemcare.be\/nl\/pediatrie\/\" \/>\n<meta property=\"og:locale\" content=\"nl_NL\" \/>\n<meta property=\"og:type\" content=\"article\" \/>\n<meta property=\"og:title\" content=\"Kindergeneeskunde - Berchem Care\" \/>\n<meta property=\"og:description\" content=\"[vc_row el_class=&#8221;text_intro&#8221;][vc_column][vc_column_text]Nos m\u00e9decins sp\u00e9cialis\u00e9s sont d\u00e9vou\u00e9s \u00e0 offrir des consultations sur mesure pour les plus jeunes membres de votre famille. De la petite enfance \u00e0 l&#8217;adolescence, notre \u00e9quipe m\u00e9dicale est comp\u00e9tente pour assurer un suivi m\u00e9dical adapt\u00e9 \u00e0 chaque \u00e9tape du d\u00e9veloppement de votre enfant. Que ce soit pour des consultations de routine, des vaccinations, [&hellip;]\" \/>\n<meta property=\"og:url\" content=\"https:\/\/www.berchemcare.be\/nl\/pediatrie\/\" \/>\n<meta property=\"og:site_name\" content=\"Berchem Care\" \/>\n<meta property=\"article:modified_time\" content=\"2023-11-24T08:33:35+00:00\" \/>\n<meta name=\"twitter:card\" content=\"summary_large_image\" \/>\n<meta name=\"twitter:label1\" content=\"Geschatte leestijd\" \/>\n\t<meta name=\"twitter:data1\" content=\"1 minuut\" \/>\n<script type=\"application\/ld+json\" class=\"yoast-schema-graph\">{\"@context\":\"https:\\\/\\\/schema.org\",\"@graph\":[{\"@type\":\"WebPage\",\"@id\":\"https:\\\/\\\/www.berchemcare.be\\\/nl\\\/pediatrie\\\/\",\"url\":\"https:\\\/\\\/www.berchemcare.be\\\/nl\\\/pediatrie\\\/\",\"name\":\"Kindergeneeskunde - Berchem Care\",\"isPartOf\":{\"@id\":\"https:\\\/\\\/www.berchemcare.be\\\/#website\"},\"datePublished\":\"2022-05-23T13:07:30+00:00\",\"dateModified\":\"2023-11-24T08:33:35+00:00\",\"breadcrumb\":{\"@id\":\"https:\\\/\\\/www.berchemcare.be\\\/nl\\\/pediatrie\\\/#breadcrumb\"},\"inLanguage\":\"nl-NL\",\"potentialAction\":[{\"@type\":\"ReadAction\",\"target\":[\"https:\\\/\\\/www.berchemcare.be\\\/nl\\\/pediatrie\\\/\"]}]},{\"@type\":\"BreadcrumbList\",\"@id\":\"https:\\\/\\\/www.berchemcare.be\\\/nl\\\/pediatrie\\\/#breadcrumb\",\"itemListElement\":[{\"@type\":\"ListItem\",\"position\":1,\"name\":\"Home\",\"item\":\"https:\\\/\\\/www.berchemcare.be\\\/nl\\\/\"},{\"@type\":\"ListItem\",\"position\":2,\"name\":\"Kindergeneeskunde\"}]},{\"@type\":\"WebSite\",\"@id\":\"https:\\\/\\\/www.berchemcare.be\\\/#website\",\"url\":\"https:\\\/\\\/www.berchemcare.be\\\/\",\"name\":\"Berchem Care\",\"description\":\"Medische praktijk\u00a0te Sint-Agatha-Berchem\",\"potentialAction\":[{\"@type\":\"SearchAction\",\"target\":{\"@type\":\"EntryPoint\",\"urlTemplate\":\"https:\\\/\\\/www.berchemcare.be\\\/?s={search_term_string}\"},\"query-input\":{\"@type\":\"PropertyValueSpecification\",\"valueRequired\":true,\"valueName\":\"search_term_string\"}}],\"inLanguage\":\"nl-NL\"}]}<\/script>\n<!-- \/ Yoast SEO plugin. -->","yoast_head_json":{"title":"Kindergeneeskunde - Berchem Care","robots":{"index":"index","follow":"follow","max-snippet":"max-snippet:-1","max-image-preview":"max-image-preview:large","max-video-preview":"max-video-preview:-1"},"canonical":"https:\/\/www.berchemcare.be\/nl\/pediatrie\/","og_locale":"nl_NL","og_type":"article","og_title":"Kindergeneeskunde - Berchem Care","og_description":"[vc_row el_class=&#8221;text_intro&#8221;][vc_column][vc_column_text]Nos m\u00e9decins sp\u00e9cialis\u00e9s sont d\u00e9vou\u00e9s \u00e0 offrir des consultations sur mesure pour les plus jeunes membres de votre famille. De la petite enfance \u00e0 l&#8217;adolescence, notre \u00e9quipe m\u00e9dicale est comp\u00e9tente pour assurer un suivi m\u00e9dical adapt\u00e9 \u00e0 chaque \u00e9tape du d\u00e9veloppement de votre enfant. Que ce soit pour des consultations de routine, des vaccinations, [&hellip;]","og_url":"https:\/\/www.berchemcare.be\/nl\/pediatrie\/","og_site_name":"Berchem Care","article_modified_time":"2023-11-24T08:33:35+00:00","twitter_card":"summary_large_image","twitter_misc":{"Geschatte leestijd":"1 minuut"},"schema":{"@context":"https:\/\/schema.org","@graph":[{"@type":"WebPage","@id":"https:\/\/www.berchemcare.be\/nl\/pediatrie\/","url":"https:\/\/www.berchemcare.be\/nl\/pediatrie\/","name":"Kindergeneeskunde - Berchem Care","isPartOf":{"@id":"https:\/\/www.berchemcare.be\/#website"},"datePublished":"2022-05-23T13:07:30+00:00","dateModified":"2023-11-24T08:33:35+00:00","breadcrumb":{"@id":"https:\/\/www.berchemcare.be\/nl\/pediatrie\/#breadcrumb"},"inLanguage":"nl-NL","potentialAction":[{"@type":"ReadAction","target":["https:\/\/www.berchemcare.be\/nl\/pediatrie\/"]}]},{"@type":"BreadcrumbList","@id":"https:\/\/www.berchemcare.be\/nl\/pediatrie\/#breadcrumb","itemListElement":[{"@type":"ListItem","position":1,"name":"Home","item":"https:\/\/www.berchemcare.be\/nl\/"},{"@type":"ListItem","position":2,"name":"Kindergeneeskunde"}]},{"@type":"WebSite","@id":"https:\/\/www.berchemcare.be\/#website","url":"https:\/\/www.berchemcare.be\/","name":"Berchem Care","description":"Medische praktijk\u00a0te Sint-Agatha-Berchem","potentialAction":[{"@type":"SearchAction","target":{"@type":"EntryPoint","urlTemplate":"https:\/\/www.berchemcare.be\/?s={search_term_string}"},"query-input":{"@type":"PropertyValueSpecification","valueRequired":true,"valueName":"search_term_string"}}],"inLanguage":"nl-NL"}]}},"_links":{"self":[{"href":"https:\/\/www.berchemcare.be\/nl\/wp-json\/wp\/v2\/pages\/1147","targetHints":{"allow":["GET"]}}],"collection":[{"href":"https:\/\/www.berchemcare.be\/nl\/wp-json\/wp\/v2\/pages"}],"about":[{"href":"https:\/\/www.berchemcare.be\/nl\/wp-json\/wp\/v2\/types\/page"}],"author":[{"embeddable":true,"href":"https:\/\/www.berchemcare.be\/nl\/wp-json\/wp\/v2\/users\/1"}],"replies":[{"embeddable":true,"href":"https:\/\/www.berchemcare.be\/nl\/wp-json\/wp\/v2\/comments?post=1147"}],"version-history":[{"count":5,"href":"https:\/\/www.berchemcare.be\/nl\/wp-json\/wp\/v2\/pages\/1147\/revisions"}],"predecessor-version":[{"id":1444,"href":"https:\/\/www.berchemcare.be\/nl\/wp-json\/wp\/v2\/pages\/1147\/revisions\/1444"}],"wp:attachment":[{"href":"https:\/\/www.berchemcare.be\/nl\/wp-json\/wp\/v2\/media?parent=1147"}],"curies":[{"name":"wp","href":"https:\/\/api.w.org\/{rel}","templated":true}]}}