{"id":1567,"date":"2026-04-13T13:49:13","date_gmt":"2026-04-13T13:49:13","guid":{"rendered":"https:\/\/www.berchemcare.be\/sexologie\/"},"modified":"2026-04-13T14:30:36","modified_gmt":"2026-04-13T14:30:36","slug":"sexologie","status":"publish","type":"page","link":"https:\/\/www.berchemcare.be\/nl\/sexologie\/","title":{"rendered":"Sexologie"},"content":{"rendered":"<div class=\"wpb-content-wrapper\"><p>[vc_row el_class=&#8221;text_intro&#8221;][vc_column][vc_column_text css=&#8221;&#8221;]Notre \u00e9quipe est d\u00e9di\u00e9e \u00e0 <strong>am\u00e9liorer le bien-\u00eatre mental<\/strong> en favorisant une compr\u00e9hension approfondie des \u00e9motions et des pens\u00e9es. Que ce soit pour traiter l&#8217;anxi\u00e9t\u00e9, la d\u00e9pression, les troubles de l&#8217;humeur, ou pour offrir un soutien face aux transitions de la vie, nos professionnels sont d\u00e9vou\u00e9s \u00e0 <strong>fournir des soins attentifs et sp\u00e9cialis\u00e9s<\/strong>.<br \/>\nVous trouverez ci-dessous les num\u00e9ros de nos diff\u00e9rentes sexologues pour <strong>prendre rendez-vous.<\/strong>[\/vc_column_text][\/vc_column][\/vc_row][vc_row mobile_visibility=&#8221;hide&#8221;][vc_column][vc_empty_space][\/vc_column][\/vc_row][vc_row column_gap=&#8221;20&#8243; el_class=&#8221;team team_kine&#8221;][vc_column width=&#8221;1\/2&#8243; tablet_width=&#8221;1&#8243; tablet_sm_width=&#8221;1&#8243; el_class=&#8221;d-flex&#8221;]<div class=\"grve-element grve-image img_medecin grve-align-left\" style=\"\"><img decoding=\"async\" width=\"450\" height=\"450\" src=\"https:\/\/www.berchemcare.be\/files\/uploads\/2023\/11\/doctor-woman.png\" class=\"attachment-full size-full\" alt=\"\" srcset=\"https:\/\/www.berchemcare.be\/files\/uploads\/2023\/11\/doctor-woman.png 1x,https:\/\/www.berchemcare.be\/files\/uploads\/2023\/11\/doctor-woman.png 2x\" \/><\/div>[vc_row_inner el_class=&#8221;col_right&#8221;][vc_column_inner el_class=&#8221;right_col&#8221;]<div class=\"grve-element grve-title grve-align-left grve-h3 subtitle_medecin\" style=\"\"><span>Sexologue clinicienne<\/span><\/div><div class=\"grve-element grve-title grve-align-left grve-h3 title_medecin\" style=\"\"><span>V\u00e9ronique Vrydagh<\/span><\/div>[vc_column_text el_class=&#8221;mention&#8221;]<span class=\"langue\">frans<\/span>[\/vc_column_text][vc_column_text css=&#8221;&#8221; el_class=&#8221;text_medecin&#8221;]Consultations sur rendez-vous au num\u00e9ro suivant <a href=\"tel:0032491130680\">0491\/13.06.80<\/a>.[\/vc_column_text]<div class=\"grve-element grve-align-left button_medecin\"><a href=\"tel:0032491130680\" target=\"_blank\" class=\"grve-btn grve-btn-medium grve-square grve-bg-primary-1 grve-bg-hover-black\"><span><i class=\"fa fa-solid fa-angle-right\"><\/i>Prendre rendez-vous<\/span><\/a><\/div>[\/vc_column_inner][\/vc_row_inner][\/vc_column][\/vc_row]<\/p>\n<\/div>","protected":false},"excerpt":{"rendered":"<p>[vc_row el_class=&#8221;text_intro&#8221;][vc_column][vc_column_text css=&#8221;&#8221;]Notre \u00e9quipe est d\u00e9di\u00e9e \u00e0 am\u00e9liorer le bien-\u00eatre mental en favorisant une compr\u00e9hension approfondie des \u00e9motions et des pens\u00e9es. Que ce soit pour traiter l&#8217;anxi\u00e9t\u00e9, la d\u00e9pression, les troubles de l&#8217;humeur, ou pour offrir un soutien face aux transitions de la vie, nos professionnels sont d\u00e9vou\u00e9s \u00e0 fournir des soins attentifs et sp\u00e9cialis\u00e9s. [&hellip;]<\/p>\n","protected":false},"author":1,"featured_media":0,"parent":0,"menu_order":0,"comment_status":"closed","ping_status":"closed","template":"","meta":{"footnotes":""},"class_list":["post-1567","page","type-page","status-publish","hentry"],"yoast_head":"<!-- This site is optimized with the Yoast SEO plugin v27.3 - https:\/\/yoast.com\/product\/yoast-seo-wordpress\/ -->\n<title>Sexologie - Berchem Care<\/title>\n<meta name=\"robots\" content=\"index, follow, max-snippet:-1, max-image-preview:large, max-video-preview:-1\" \/>\n<link rel=\"canonical\" href=\"https:\/\/www.berchemcare.be\/nl\/sexologie\/\" \/>\n<meta property=\"og:locale\" content=\"nl_NL\" \/>\n<meta property=\"og:type\" content=\"article\" \/>\n<meta property=\"og:title\" content=\"Sexologie - Berchem Care\" \/>\n<meta property=\"og:description\" content=\"[vc_row el_class=&#8221;text_intro&#8221;][vc_column][vc_column_text css=&#8221;&#8221;]Notre \u00e9quipe est d\u00e9di\u00e9e \u00e0 am\u00e9liorer le bien-\u00eatre mental en favorisant une compr\u00e9hension approfondie des \u00e9motions et des pens\u00e9es. Que ce soit pour traiter l&#8217;anxi\u00e9t\u00e9, la d\u00e9pression, les troubles de l&#8217;humeur, ou pour offrir un soutien face aux transitions de la vie, nos professionnels sont d\u00e9vou\u00e9s \u00e0 fournir des soins attentifs et sp\u00e9cialis\u00e9s. [&hellip;]\" \/>\n<meta property=\"og:url\" content=\"https:\/\/www.berchemcare.be\/nl\/sexologie\/\" \/>\n<meta property=\"og:site_name\" content=\"Berchem Care\" \/>\n<meta property=\"article:modified_time\" content=\"2026-04-13T14:30:36+00:00\" \/>\n<meta name=\"twitter:card\" content=\"summary_large_image\" \/>\n<meta name=\"twitter:label1\" content=\"Geschatte leestijd\" \/>\n\t<meta name=\"twitter:data1\" content=\"1 minuut\" \/>\n<script type=\"application\/ld+json\" class=\"yoast-schema-graph\">{\"@context\":\"https:\\\/\\\/schema.org\",\"@graph\":[{\"@type\":\"WebPage\",\"@id\":\"https:\\\/\\\/www.berchemcare.be\\\/nl\\\/sexologie\\\/\",\"url\":\"https:\\\/\\\/www.berchemcare.be\\\/nl\\\/sexologie\\\/\",\"name\":\"Sexologie - Berchem Care\",\"isPartOf\":{\"@id\":\"https:\\\/\\\/www.berchemcare.be\\\/#website\"},\"datePublished\":\"2026-04-13T13:49:13+00:00\",\"dateModified\":\"2026-04-13T14:30:36+00:00\",\"breadcrumb\":{\"@id\":\"https:\\\/\\\/www.berchemcare.be\\\/nl\\\/sexologie\\\/#breadcrumb\"},\"inLanguage\":\"nl-NL\",\"potentialAction\":[{\"@type\":\"ReadAction\",\"target\":[\"https:\\\/\\\/www.berchemcare.be\\\/nl\\\/sexologie\\\/\"]}]},{\"@type\":\"BreadcrumbList\",\"@id\":\"https:\\\/\\\/www.berchemcare.be\\\/nl\\\/sexologie\\\/#breadcrumb\",\"itemListElement\":[{\"@type\":\"ListItem\",\"position\":1,\"name\":\"Home\",\"item\":\"https:\\\/\\\/www.berchemcare.be\\\/nl\\\/\"},{\"@type\":\"ListItem\",\"position\":2,\"name\":\"Sexologie\"}]},{\"@type\":\"WebSite\",\"@id\":\"https:\\\/\\\/www.berchemcare.be\\\/#website\",\"url\":\"https:\\\/\\\/www.berchemcare.be\\\/\",\"name\":\"Berchem Care\",\"description\":\"Medische praktijk\u00a0te Sint-Agatha-Berchem\",\"potentialAction\":[{\"@type\":\"SearchAction\",\"target\":{\"@type\":\"EntryPoint\",\"urlTemplate\":\"https:\\\/\\\/www.berchemcare.be\\\/?s={search_term_string}\"},\"query-input\":{\"@type\":\"PropertyValueSpecification\",\"valueRequired\":true,\"valueName\":\"search_term_string\"}}],\"inLanguage\":\"nl-NL\"}]}<\/script>\n<!-- \/ Yoast SEO plugin. -->","yoast_head_json":{"title":"Sexologie - Berchem Care","robots":{"index":"index","follow":"follow","max-snippet":"max-snippet:-1","max-image-preview":"max-image-preview:large","max-video-preview":"max-video-preview:-1"},"canonical":"https:\/\/www.berchemcare.be\/nl\/sexologie\/","og_locale":"nl_NL","og_type":"article","og_title":"Sexologie - Berchem Care","og_description":"[vc_row el_class=&#8221;text_intro&#8221;][vc_column][vc_column_text css=&#8221;&#8221;]Notre \u00e9quipe est d\u00e9di\u00e9e \u00e0 am\u00e9liorer le bien-\u00eatre mental en favorisant une compr\u00e9hension approfondie des \u00e9motions et des pens\u00e9es. Que ce soit pour traiter l&#8217;anxi\u00e9t\u00e9, la d\u00e9pression, les troubles de l&#8217;humeur, ou pour offrir un soutien face aux transitions de la vie, nos professionnels sont d\u00e9vou\u00e9s \u00e0 fournir des soins attentifs et sp\u00e9cialis\u00e9s. [&hellip;]","og_url":"https:\/\/www.berchemcare.be\/nl\/sexologie\/","og_site_name":"Berchem Care","article_modified_time":"2026-04-13T14:30:36+00:00","twitter_card":"summary_large_image","twitter_misc":{"Geschatte leestijd":"1 minuut"},"schema":{"@context":"https:\/\/schema.org","@graph":[{"@type":"WebPage","@id":"https:\/\/www.berchemcare.be\/nl\/sexologie\/","url":"https:\/\/www.berchemcare.be\/nl\/sexologie\/","name":"Sexologie - Berchem Care","isPartOf":{"@id":"https:\/\/www.berchemcare.be\/#website"},"datePublished":"2026-04-13T13:49:13+00:00","dateModified":"2026-04-13T14:30:36+00:00","breadcrumb":{"@id":"https:\/\/www.berchemcare.be\/nl\/sexologie\/#breadcrumb"},"inLanguage":"nl-NL","potentialAction":[{"@type":"ReadAction","target":["https:\/\/www.berchemcare.be\/nl\/sexologie\/"]}]},{"@type":"BreadcrumbList","@id":"https:\/\/www.berchemcare.be\/nl\/sexologie\/#breadcrumb","itemListElement":[{"@type":"ListItem","position":1,"name":"Home","item":"https:\/\/www.berchemcare.be\/nl\/"},{"@type":"ListItem","position":2,"name":"Sexologie"}]},{"@type":"WebSite","@id":"https:\/\/www.berchemcare.be\/#website","url":"https:\/\/www.berchemcare.be\/","name":"Berchem Care","description":"Medische praktijk\u00a0te Sint-Agatha-Berchem","potentialAction":[{"@type":"SearchAction","target":{"@type":"EntryPoint","urlTemplate":"https:\/\/www.berchemcare.be\/?s={search_term_string}"},"query-input":{"@type":"PropertyValueSpecification","valueRequired":true,"valueName":"search_term_string"}}],"inLanguage":"nl-NL"}]}},"_links":{"self":[{"href":"https:\/\/www.berchemcare.be\/nl\/wp-json\/wp\/v2\/pages\/1567","targetHints":{"allow":["GET"]}}],"collection":[{"href":"https:\/\/www.berchemcare.be\/nl\/wp-json\/wp\/v2\/pages"}],"about":[{"href":"https:\/\/www.berchemcare.be\/nl\/wp-json\/wp\/v2\/types\/page"}],"author":[{"embeddable":true,"href":"https:\/\/www.berchemcare.be\/nl\/wp-json\/wp\/v2\/users\/1"}],"replies":[{"embeddable":true,"href":"https:\/\/www.berchemcare.be\/nl\/wp-json\/wp\/v2\/comments?post=1567"}],"version-history":[{"count":8,"href":"https:\/\/www.berchemcare.be\/nl\/wp-json\/wp\/v2\/pages\/1567\/revisions"}],"predecessor-version":[{"id":1588,"href":"https:\/\/www.berchemcare.be\/nl\/wp-json\/wp\/v2\/pages\/1567\/revisions\/1588"}],"wp:attachment":[{"href":"https:\/\/www.berchemcare.be\/nl\/wp-json\/wp\/v2\/media?parent=1567"}],"curies":[{"name":"wp","href":"https:\/\/api.w.org\/{rel}","templated":true}]}}