{"id":281,"date":"2017-06-25T20:26:51","date_gmt":"2017-06-25T20:26:51","guid":{"rendered":"http:\/\/dev.berchemcare.be\/?page_id=281\/"},"modified":"2023-11-23T16:10:05","modified_gmt":"2023-11-23T16:10:05","slug":"home","status":"publish","type":"page","link":"https:\/\/www.berchemcare.be\/nl\/","title":{"rendered":"Home"},"content":{"rendered":"<div class=\"wpb-content-wrapper\"><p>[vc_row heading_color=&#8221;light&#8221; header_feature=&#8221;yes&#8221; equal_column_height=&#8221;equal-column&#8221; font_color=&#8221;#ffffff&#8221;][vc_column width=&#8221;1\/4&#8243; css=&#8221;.vc_custom_1494176445185{padding-top: 20px !important;padding-bottom: 20px !important;background-color: #6c0008 !important;}&#8221;]<div class=\"grve-element grve-box-icon grve-align-center grve-small grve-animated-item grve-fadeIn grve-hover-effect grve-with-shape\" style=\"\" data-delay=\"200\"><a href=\"\/nl\/onze-raadplegingen\/algemene-geneeskunde\/\" target=\"_self\" class=\"\">  <div class=\"grve-wrapper-icon grve-outline grve-circle grve-text-white\"><i class=\"fa fa-check grve-text-white\"><\/i><\/div>  <div class=\"grve-box-content\">      <h5 class=\"grve-box-title grve-h5\">Algemene geneeskunde<\/h5>  <\/div><\/a><\/div>[\/vc_column][vc_column width=&#8221;1\/4&#8243; css=&#8221;.vc_custom_1494176533166{padding-top: 20px !important;padding-bottom: 20px !important;background-color: #d78d72 !important;}&#8221;]<div class=\"grve-element grve-box-icon grve-align-center grve-small grve-animated-item grve-fadeIn grve-hover-effect grve-with-shape\" style=\"\" data-delay=\"400\"><a href=\"\/nl\/onze-raadplegingen\/gespecialiseerde-geneeskunde\/\" target=\"_self\" class=\"\">  <div class=\"grve-wrapper-icon grve-outline grve-circle grve-text-white\"><i class=\"fa fa-check grve-text-white\"><\/i><\/div>  <div class=\"grve-box-content\">      <h5 class=\"grve-box-title grve-h5\">Gespecialiseerde geneeskunde<\/h5>  <\/div><\/a><\/div>[\/vc_column][vc_column width=&#8221;1\/4&#8243; css=&#8221;.vc_custom_1494176539689{padding-top: 20px !important;padding-bottom: 20px !important;background-color: #aa9a83 !important;}&#8221;]<div class=\"grve-element grve-box-icon grve-align-center grve-small grve-animated-item grve-fadeIn grve-hover-effect grve-with-shape\" style=\"\" data-delay=\"600\"><a href=\"\/nl\/onze-raadplegingen\/paramedische-beroepen\/\" target=\"_self\" class=\"\">  <div class=\"grve-wrapper-icon grve-outline grve-circle grve-text-white\"><i class=\"fa fa-check grve-text-white\"><\/i><\/div>  <div class=\"grve-box-content\">      <h5 class=\"grve-box-title grve-h5\">Paramedische beroepen<\/h5>  <\/div><\/a><\/div>[\/vc_column][vc_column width=&#8221;1\/4&#8243; heading_color=&#8221;primary-1&#8243; css=&#8221;.vc_custom_1495392915531{padding-top: 20px !important;padding-bottom: 20px !important;background-color: #e5e5e5 !important;}&#8221; font_color=&#8221;#a81d27&#8243;]<div class=\"grve-element grve-box-icon grve-align-center grve-small grve-animated-item grve-fadeIn grve-hover-effect grve-with-shape\" style=\"\" data-delay=\"800\"><a href=\"\/nl\/een-afspraak-maken\/\" target=\"_self\" class=\"\">  <div class=\"grve-wrapper-icon grve-outline grve-circle grve-text-primary-1\"><i class=\"smp-icon-call-end grve-text-primary-1\"><\/i><\/div>  <div class=\"grve-box-content\">      <h5 class=\"grve-box-title grve-h5\">Een afspraak maken<\/h5>  <\/div><\/a><\/div>[\/vc_column][\/vc_row][vc_row el_class=&#8221;about&#8221;][vc_column css=&#8221;.vc_custom_1494708117864{padding-top: 50px !important;padding-bottom: 50px !important;}&#8221;]<div class=\"grve-element grve-slogan grve-align-left grve-animated-item grve-fadeIn slogan\" style=\"\" data-delay=\"200\"><div class=\"grve-subtitle\">Berchem Care<\/div><h2 class=\"grve-slogan-title grve-align-left grve-h2\"><span>De medische en paramedische praktijk Berchem Care<\/span><\/h2><\/div>[vc_row_inner el_class=&#8221;double_col_about&#8221;][vc_column_inner width=&#8221;1\/2&#8243;][vc_column_text animation=&#8221;fadeIn&#8221;]Berchem Care is een medische en paramedische praktijk. U kunt er een pluridisciplinair team van huisartsen, specialisten, kinesisten, logopedisten enz. raadplegen.<\/p>\n<p>[\/vc_column_text][\/vc_column_inner][vc_column_inner width=&#8221;1\/2&#8243;][vc_column_text animation=&#8221;fadeIn&#8221;]Berchem Care beoogt hiermede U kwaliteitszorgen te verlenen in het raam van een geindividualiseerde behandeling.<\/p>\n<p>[\/vc_column_text][\/vc_column_inner][\/vc_row_inner][\/vc_column][\/vc_row][vc_row bg_type=&#8221;color&#8221; bg_color=&#8221;#c23741&#8243; el_class=&#8221;section_gallery&#8221; padding_top=&#8221;100px&#8221;][vc_column]<div class=\"grve-element grve-title grve-align-left grve-h3 small_title\" style=\"\"><span>De praktijk in beeld<\/span><\/div>[vc_column_text el_class=&#8221;text_section_gallery&#8221;]D\u00e9couvrez le Cabinet M\u00e9dical et Param\u00e9dical Berchem Care. Notre \u00e9quipe vous accueille chaleureusement, offrant une exp\u00e9rience de soins de sant\u00e9 personnalis\u00e9e et \u00e0 la pointe de la technologie.[\/vc_column_text]<div class=\"grve-element grve-align-left cta_white\"><a href=\"\/nl\/een-afspraak-maken\/\" class=\"grve-btn grve-btn-medium grve-square grve-bg-primary-1 grve-bg-hover-black\"><span>Een afspraak maken<\/span><\/a><\/div><div class=\"grve-element grve-carousel-wrapper grve-with-gap\" style=\"\">\t<div class=\"grve-carousel grve-gallery-popup grve-carousel-element \" data-items=\"3\" data-slider-autoplay=\"yes\" data-slider-speed=\"3000\" data-slider-pause=\"yes\" data-pagination-speed=\"400\" data-pagination=\"no\" data-gutter-size=\"10\">\r\n\r\n\t\t\t<div class=\"grve-carousel-item\"><figure class=\"grve-image-hover\"><div class=\"grve-media\"><img decoding=\"async\" width=\"800\" height=\"600\" src=\"https:\/\/www.berchemcare.be\/files\/uploads\/2019\/05\/Cabinet-3-800x600.jpeg\" class=\"attachment-blade-grve-small-rect-horizontal size-blade-grve-small-rect-horizontal\" alt=\"\" srcset=\"https:\/\/www.berchemcare.be\/files\/uploads\/2019\/05\/Cabinet-3-800x600.jpeg 800w, https:\/\/www.berchemcare.be\/files\/uploads\/2019\/05\/Cabinet-3-300x225.jpeg 300w, https:\/\/www.berchemcare.be\/files\/uploads\/2019\/05\/Cabinet-3-768x576.jpeg 768w, https:\/\/www.berchemcare.be\/files\/uploads\/2019\/05\/Cabinet-3-1024x768.jpeg 1024w, https:\/\/www.berchemcare.be\/files\/uploads\/2019\/05\/Cabinet-3-500x375.jpeg 500w, https:\/\/www.berchemcare.be\/files\/uploads\/2019\/05\/Cabinet-3.jpeg 1600w\" sizes=\"(max-width: 800px) 100vw, 800px\" \/><\/div><\/figure><\/div><div class=\"grve-carousel-item\"><figure class=\"grve-image-hover\"><div class=\"grve-media\"><img decoding=\"async\" width=\"800\" height=\"600\" src=\"https:\/\/www.berchemcare.be\/files\/uploads\/2019\/05\/Cabinet-5-800x600.jpeg\" class=\"attachment-blade-grve-small-rect-horizontal size-blade-grve-small-rect-horizontal\" alt=\"\" srcset=\"https:\/\/www.berchemcare.be\/files\/uploads\/2019\/05\/Cabinet-5-800x600.jpeg 800w, https:\/\/www.berchemcare.be\/files\/uploads\/2019\/05\/Cabinet-5-300x225.jpeg 300w, https:\/\/www.berchemcare.be\/files\/uploads\/2019\/05\/Cabinet-5-768x576.jpeg 768w, https:\/\/www.berchemcare.be\/files\/uploads\/2019\/05\/Cabinet-5-1024x768.jpeg 1024w, https:\/\/www.berchemcare.be\/files\/uploads\/2019\/05\/Cabinet-5-500x375.jpeg 500w, https:\/\/www.berchemcare.be\/files\/uploads\/2019\/05\/Cabinet-5.jpeg 1600w\" sizes=\"(max-width: 800px) 100vw, 800px\" \/><\/div><\/figure><\/div><div class=\"grve-carousel-item\"><figure class=\"grve-image-hover\"><div class=\"grve-media\"><img decoding=\"async\" width=\"800\" height=\"600\" src=\"https:\/\/www.berchemcare.be\/files\/uploads\/2018\/12\/WhatsApp-Image-2018-12-06-at-12.52.25-800x600.jpeg\" class=\"attachment-blade-grve-small-rect-horizontal size-blade-grve-small-rect-horizontal\" alt=\"\" srcset=\"https:\/\/www.berchemcare.be\/files\/uploads\/2018\/12\/WhatsApp-Image-2018-12-06-at-12.52.25-800x600.jpeg 800w, https:\/\/www.berchemcare.be\/files\/uploads\/2018\/12\/WhatsApp-Image-2018-12-06-at-12.52.25-300x225.jpeg 300w, https:\/\/www.berchemcare.be\/files\/uploads\/2018\/12\/WhatsApp-Image-2018-12-06-at-12.52.25-768x576.jpeg 768w, https:\/\/www.berchemcare.be\/files\/uploads\/2018\/12\/WhatsApp-Image-2018-12-06-at-12.52.25-1024x768.jpeg 1024w, https:\/\/www.berchemcare.be\/files\/uploads\/2018\/12\/WhatsApp-Image-2018-12-06-at-12.52.25-500x375.jpeg 500w, https:\/\/www.berchemcare.be\/files\/uploads\/2018\/12\/WhatsApp-Image-2018-12-06-at-12.52.25.jpeg 1600w\" sizes=\"(max-width: 800px) 100vw, 800px\" \/><\/div><\/figure><\/div><div class=\"grve-carousel-item\"><figure class=\"grve-image-hover\"><div class=\"grve-media\"><img decoding=\"async\" width=\"800\" height=\"600\" src=\"https:\/\/www.berchemcare.be\/files\/uploads\/2019\/05\/Cabinet-5-1-800x600.jpeg\" class=\"attachment-blade-grve-small-rect-horizontal size-blade-grve-small-rect-horizontal\" alt=\"\" srcset=\"https:\/\/www.berchemcare.be\/files\/uploads\/2019\/05\/Cabinet-5-1-800x600.jpeg 800w, https:\/\/www.berchemcare.be\/files\/uploads\/2019\/05\/Cabinet-5-1-300x225.jpeg 300w, https:\/\/www.berchemcare.be\/files\/uploads\/2019\/05\/Cabinet-5-1-768x576.jpeg 768w, https:\/\/www.berchemcare.be\/files\/uploads\/2019\/05\/Cabinet-5-1-1024x768.jpeg 1024w, https:\/\/www.berchemcare.be\/files\/uploads\/2019\/05\/Cabinet-5-1-500x375.jpeg 500w, https:\/\/www.berchemcare.be\/files\/uploads\/2019\/05\/Cabinet-5-1.jpeg 1600w\" sizes=\"(max-width: 800px) 100vw, 800px\" \/><\/div><\/figure><\/div><div class=\"grve-carousel-item\"><figure class=\"grve-image-hover\"><div class=\"grve-media\"><img decoding=\"async\" width=\"800\" height=\"600\" src=\"https:\/\/www.berchemcare.be\/files\/uploads\/2019\/05\/Salle-dattente-1-800x600.jpeg\" class=\"attachment-blade-grve-small-rect-horizontal size-blade-grve-small-rect-horizontal\" alt=\"\" srcset=\"https:\/\/www.berchemcare.be\/files\/uploads\/2019\/05\/Salle-dattente-1-800x600.jpeg 800w, https:\/\/www.berchemcare.be\/files\/uploads\/2019\/05\/Salle-dattente-1-300x225.jpeg 300w, https:\/\/www.berchemcare.be\/files\/uploads\/2019\/05\/Salle-dattente-1-768x576.jpeg 768w, https:\/\/www.berchemcare.be\/files\/uploads\/2019\/05\/Salle-dattente-1-1024x768.jpeg 1024w, https:\/\/www.berchemcare.be\/files\/uploads\/2019\/05\/Salle-dattente-1-500x375.jpeg 500w, https:\/\/www.berchemcare.be\/files\/uploads\/2019\/05\/Salle-dattente-1.jpeg 1600w\" sizes=\"(max-width: 800px) 100vw, 800px\" \/><\/div><\/figure><\/div><div class=\"grve-carousel-item\"><figure class=\"grve-image-hover\"><div class=\"grve-media\"><img decoding=\"async\" width=\"800\" height=\"600\" src=\"https:\/\/www.berchemcare.be\/files\/uploads\/2019\/05\/Cabinet-6-800x600.jpeg\" class=\"attachment-blade-grve-small-rect-horizontal size-blade-grve-small-rect-horizontal\" alt=\"\" srcset=\"https:\/\/www.berchemcare.be\/files\/uploads\/2019\/05\/Cabinet-6-800x600.jpeg 800w, https:\/\/www.berchemcare.be\/files\/uploads\/2019\/05\/Cabinet-6-300x225.jpeg 300w, https:\/\/www.berchemcare.be\/files\/uploads\/2019\/05\/Cabinet-6-768x576.jpeg 768w, https:\/\/www.berchemcare.be\/files\/uploads\/2019\/05\/Cabinet-6-1024x768.jpeg 1024w, https:\/\/www.berchemcare.be\/files\/uploads\/2019\/05\/Cabinet-6-500x375.jpeg 500w, https:\/\/www.berchemcare.be\/files\/uploads\/2019\/05\/Cabinet-6.jpeg 1600w\" sizes=\"(max-width: 800px) 100vw, 800px\" \/><\/div><\/figure><\/div><div class=\"grve-carousel-item\"><figure class=\"grve-image-hover\"><div class=\"grve-media\"><img decoding=\"async\" width=\"800\" height=\"600\" src=\"https:\/\/www.berchemcare.be\/files\/uploads\/2019\/05\/Cabinet-1-800x600.jpg\" class=\"attachment-blade-grve-small-rect-horizontal size-blade-grve-small-rect-horizontal\" alt=\"\" srcset=\"https:\/\/www.berchemcare.be\/files\/uploads\/2019\/05\/Cabinet-1-800x600.jpg 800w, https:\/\/www.berchemcare.be\/files\/uploads\/2019\/05\/Cabinet-1-300x225.jpg 300w, https:\/\/www.berchemcare.be\/files\/uploads\/2019\/05\/Cabinet-1-768x576.jpg 768w, https:\/\/www.berchemcare.be\/files\/uploads\/2019\/05\/Cabinet-1-1024x768.jpg 1024w, https:\/\/www.berchemcare.be\/files\/uploads\/2019\/05\/Cabinet-1-500x375.jpg 500w, https:\/\/www.berchemcare.be\/files\/uploads\/2019\/05\/Cabinet-1.jpg 1600w\" sizes=\"(max-width: 800px) 100vw, 800px\" \/><\/div><\/figure><\/div>\t<\/div><\/div>[\/vc_column][\/vc_row][vc_row section_type=&#8221;fullwidth&#8221; el_class=&#8221;white_row&#8221;][vc_column][\/vc_column][\/vc_row][vc_row font_color=&#8221;#0a0a0a&#8221; el_class=&#8221;section_actu&#8221; padding_bottom=&#8221;100px&#8221; section_id=&#8221;actu&#8221;][vc_column]<div class=\"grve-element grve-title grve-align-left grve-h3 small_title\" style=\"\"><span>Nieuws uit de praktijk<\/span><\/div>[vc_column_text animation=&#8221;fadeIn&#8221;]Nous vous invitons \u00e0 consulter r\u00e9guli\u00e8rement les actualit\u00e9s du cabinet regroupant les dates des cong\u00e9s, les remplacements et autres informations pratiques.[\/vc_column_text]\t\t<div class=\"grve-element grve-with-gap grve-carousel-wrapper blog\" style=\"\" >\r\n<div class=\"grve-carousel-navigation grve-dark grve-navigation-1 grve-navigation-carousel\">\t<div class=\"grve-carousel-buttons\">\t\t<div class=\"grve-carousel-prev\">\t\t\t<i class=\"grve-icon-arrow-left-alt\"><\/i>\t\t<\/div>\t\t<div class=\"grve-carousel-next\">\t\t\t<i class=\"grve-icon-arrow-right-alt\"><\/i>\t\t<\/div>\t<\/div><\/div>\r\n\t\t\t<div class=\"grve-carousel grve-blog-carousel grve-carousel-element\" data-items=\"3\" data-slider-speed=\"3000\" data-slider-pause=\"no\" data-pagination-speed=\"400\" data-pagination=\"no\" data-slider-autoplay=\"yes\" data-gutter-size=\"20\">\r\n\t\t\t\t<div class=\"grve-carousel-item\">\r\n\t\t\t\t\t<article class=\"grve-post-item post-1433 post type-post status-publish format-standard has-post-thumbnail hentry category-conges-nl category-geen-onderdeel-van-een-categorie\" itemscope itemType=\"http:\/\/schema.org\/BlogPosting\">\r\n\t\t\t\t\t\t\t\t\t\t\t\t<div class=\"grve-post-content\">\r\n\t\t\t\t\t\t\t<div class=\"grve-post-meta grve-border grve-small-text grve-text-content\">\r\n\t\t\t\t\t\t\t\t\t\t\t<time class=\"grve-post-date\" datetime=\"2023-11-23T15:20:48+00:00\">\r\n\t\t\t\t23\/11\/2023\t\t\t<\/time>\r\n\t\t\t\t\t\t\t<\/div>\r\n\t\t\t\t\t\t\t<a href=\"https:\/\/www.berchemcare.be\/nl\/conges-du-dr-audrey-havaux\/\" rel=\"bookmark\"><h2 class=\"grve-post-title grve-text-hover-primary-1 grve-h6\" itemprop=\"headline\">Vakantie<\/h2><\/a>\t\t\t\t\t\t\t\t\t<span class=\"grve-hidden\">\r\n\t\t\t<span class=\"grve-structured-data entry-title\">Vakantie<\/span>\r\n\t\t\t<span class=\"grve-structured-data\" itemprop=\"image\" itemscope itemtype=\"http:\/\/schema.org\/ImageObject\">\r\n\t\t\t   <span itemprop='url' >https:\/\/www.berchemcare.be\/files\/uploads\/2017\/09\/Capture-d\u2019e\u0301cran-2018-11-21-a\u0300-22.29.48.png<\/span>\r\n\t\t\t   <span itemprop='height' >732<\/span>\r\n\t\t\t   <span itemprop='width' >733<\/span>\r\n\t\t\t<\/span>\r\n\t\t\t\t\t\t<span class=\"grve-structured-data vcard author\" itemprop=\"author\" itemscope itemtype=\"http:\/\/schema.org\/Person\">\r\n\t\t\t\t<span itemprop=\"name\" class=\"fn\">andrei<\/span>\r\n\t\t\t<\/span>\r\n\t\t\t<span class=\"grve-structured-data\" itemprop=\"publisher\" itemscope itemtype=\"http:\/\/schema.org\/Organization\">\r\n\t\t\t\t<span itemprop='name'>andrei<\/span>\r\n\t\t\t\t<span itemprop='logo' itemscope itemtype='http:\/\/schema.org\/ImageObject'>\r\n\t\t\t\t\t<span itemprop='url'>https:\/\/secure.gravatar.com\/avatar\/85150ad5aac4954f8fe031ed55c8f5656092a3a7e156f23f1c8e3154b4321fe8?s=96&#038;d=mm&#038;r=g<\/span>\r\n\t\t\t\t<\/span>\r\n\t\t\t<\/span>\r\n\t\t\t\t\t\t<time class=\"grve-structured-data date published\" itemprop=\"datePublished\" datetime=\"2023-11-23T15:20:48+00:00\">23\/11\/2023<\/time>\r\n\t\t\t<time class=\"grve-structured-data date updated\" itemprop=\"dateModified\"  datetime=\"2023-11-23T16:12:00+00:00\">23\/11\/2023<\/time>\r\n\t\t\t<span class=\"grve-structured-data\" itemprop=\"mainEntityOfPage\" itemscope itemtype=\"http:\/\/schema.org\/WebPage\" itemid=\"https:\/\/www.berchemcare.be\/nl\/conges-du-dr-audrey-havaux\/\"><\/span>\r\n\t\t<\/span><!-- END grve-hidden -->\r\n\t\t\t\t\t\t\t\t<div itemprop=\"articleBody\"><p>Le <strong>Dr Audrey Havaux<\/strong> sera en cong\u00e9 du 4 au 6 d\u00e9cembre et du 13 au 15 d\u00e9cembre.<\/p>\n<\/div>\t\t\t\t\t\t<\/div>\r\n\t\t\t\t\t<\/article>\r\n\t\t\t\t<\/div>\r\n\t\t\t<\/div>\r\n\t\t<\/div>\r\n[\/vc_column][\/vc_row]<\/p>\n<\/div>","protected":false},"excerpt":{"rendered":"<p>[vc_row heading_color=&#8221;light&#8221; header_feature=&#8221;yes&#8221; equal_column_height=&#8221;equal-column&#8221; font_color=&#8221;#ffffff&#8221;][vc_column width=&#8221;1\/4&#8243; css=&#8221;.vc_custom_1494176445185{padding-top: 20px !important;padding-bottom: 20px !important;background-color: #6c0008 !important;}&#8221;][\/vc_column][vc_column width=&#8221;1\/4&#8243; css=&#8221;.vc_custom_1494176533166{padding-top: 20px !important;padding-bottom: 20px !important;background-color: #d78d72 !important;}&#8221;][\/vc_column][vc_column width=&#8221;1\/4&#8243; css=&#8221;.vc_custom_1494176539689{padding-top: 20px !important;padding-bottom: 20px !important;background-color: #aa9a83 !important;}&#8221;][\/vc_column][vc_column width=&#8221;1\/4&#8243; heading_color=&#8221;primary-1&#8243; css=&#8221;.vc_custom_1495392915531{padding-top: 20px !important;padding-bottom: 20px !important;background-color: #e5e5e5 !important;}&#8221; font_color=&#8221;#a81d27&#8243;][\/vc_column][\/vc_row][vc_row el_class=&#8221;about&#8221;][vc_column css=&#8221;.vc_custom_1494708117864{padding-top: 50px !important;padding-bottom: 50px !important;}&#8221;][vc_row_inner el_class=&#8221;double_col_about&#8221;][vc_column_inner width=&#8221;1\/2&#8243;][vc_column_text animation=&#8221;fadeIn&#8221;]Berchem Care is een medische en paramedische praktijk. [&hellip;]<\/p>\n","protected":false},"author":1,"featured_media":0,"parent":0,"menu_order":0,"comment_status":"closed","ping_status":"closed","template":"","meta":{"footnotes":""},"class_list":["post-281","page","type-page","status-publish","hentry"],"yoast_head":"<!-- This site is optimized with the Yoast SEO plugin v27.3 - https:\/\/yoast.com\/product\/yoast-seo-wordpress\/ -->\n<title>Home - Berchem Care<\/title>\n<meta name=\"description\" content=\"Berchem Care is een medische en paramedische praktijk. U kunt er een pluridisciplinair team van huisartsen, specialisten, kinesisten, logopedisten ...\" \/>\n<meta name=\"robots\" content=\"index, follow, max-snippet:-1, max-image-preview:large, max-video-preview:-1\" \/>\n<link rel=\"canonical\" href=\"https:\/\/www.berchemcare.be\/nl\/\" \/>\n<meta property=\"og:locale\" content=\"nl_NL\" \/>\n<meta property=\"og:type\" content=\"article\" \/>\n<meta property=\"og:title\" content=\"Home - Berchem Care\" \/>\n<meta property=\"og:description\" content=\"Berchem Care is een medische en paramedische praktijk. U kunt er een pluridisciplinair team van huisartsen, specialisten, kinesisten, logopedisten ...\" \/>\n<meta property=\"og:url\" content=\"https:\/\/www.berchemcare.be\/nl\/\" \/>\n<meta property=\"og:site_name\" content=\"Berchem Care\" \/>\n<meta property=\"article:modified_time\" content=\"2023-11-23T16:10:05+00:00\" \/>\n<meta name=\"twitter:card\" content=\"summary_large_image\" \/>\n<meta name=\"twitter:label1\" content=\"Geschatte leestijd\" \/>\n\t<meta name=\"twitter:data1\" content=\"2 minuten\" \/>\n<script type=\"application\/ld+json\" class=\"yoast-schema-graph\">{\"@context\":\"https:\\\/\\\/schema.org\",\"@graph\":[{\"@type\":\"WebPage\",\"@id\":\"https:\\\/\\\/www.berchemcare.be\\\/nl\\\/\",\"url\":\"https:\\\/\\\/www.berchemcare.be\\\/nl\\\/\",\"name\":\"Home - Berchem Care\",\"isPartOf\":{\"@id\":\"https:\\\/\\\/www.berchemcare.be\\\/#website\"},\"datePublished\":\"2017-06-25T20:26:51+00:00\",\"dateModified\":\"2023-11-23T16:10:05+00:00\",\"description\":\"Berchem Care is een medische en paramedische praktijk. U kunt er een pluridisciplinair team van huisartsen, specialisten, kinesisten, logopedisten ...\",\"breadcrumb\":{\"@id\":\"https:\\\/\\\/www.berchemcare.be\\\/nl\\\/#breadcrumb\"},\"inLanguage\":\"nl-NL\",\"potentialAction\":[{\"@type\":\"ReadAction\",\"target\":[\"https:\\\/\\\/www.berchemcare.be\\\/nl\\\/\"]}]},{\"@type\":\"BreadcrumbList\",\"@id\":\"https:\\\/\\\/www.berchemcare.be\\\/nl\\\/#breadcrumb\",\"itemListElement\":[{\"@type\":\"ListItem\",\"position\":1,\"name\":\"Home\",\"item\":\"https:\\\/\\\/www.berchemcare.be\\\/nl\\\/\"},{\"@type\":\"ListItem\",\"position\":2,\"name\":\"Home\"}]},{\"@type\":\"WebSite\",\"@id\":\"https:\\\/\\\/www.berchemcare.be\\\/#website\",\"url\":\"https:\\\/\\\/www.berchemcare.be\\\/\",\"name\":\"Berchem Care\",\"description\":\"Medische praktijk\u00a0te Sint-Agatha-Berchem\",\"potentialAction\":[{\"@type\":\"SearchAction\",\"target\":{\"@type\":\"EntryPoint\",\"urlTemplate\":\"https:\\\/\\\/www.berchemcare.be\\\/?s={search_term_string}\"},\"query-input\":{\"@type\":\"PropertyValueSpecification\",\"valueRequired\":true,\"valueName\":\"search_term_string\"}}],\"inLanguage\":\"nl-NL\"}]}<\/script>\n<!-- \/ Yoast SEO plugin. -->","yoast_head_json":{"title":"Home - Berchem Care","description":"Berchem Care is een medische en paramedische praktijk. U kunt er een pluridisciplinair team van huisartsen, specialisten, kinesisten, logopedisten ...","robots":{"index":"index","follow":"follow","max-snippet":"max-snippet:-1","max-image-preview":"max-image-preview:large","max-video-preview":"max-video-preview:-1"},"canonical":"https:\/\/www.berchemcare.be\/nl\/","og_locale":"nl_NL","og_type":"article","og_title":"Home - Berchem Care","og_description":"Berchem Care is een medische en paramedische praktijk. U kunt er een pluridisciplinair team van huisartsen, specialisten, kinesisten, logopedisten ...","og_url":"https:\/\/www.berchemcare.be\/nl\/","og_site_name":"Berchem Care","article_modified_time":"2023-11-23T16:10:05+00:00","twitter_card":"summary_large_image","twitter_misc":{"Geschatte leestijd":"2 minuten"},"schema":{"@context":"https:\/\/schema.org","@graph":[{"@type":"WebPage","@id":"https:\/\/www.berchemcare.be\/nl\/","url":"https:\/\/www.berchemcare.be\/nl\/","name":"Home - Berchem Care","isPartOf":{"@id":"https:\/\/www.berchemcare.be\/#website"},"datePublished":"2017-06-25T20:26:51+00:00","dateModified":"2023-11-23T16:10:05+00:00","description":"Berchem Care is een medische en paramedische praktijk. U kunt er een pluridisciplinair team van huisartsen, specialisten, kinesisten, logopedisten ...","breadcrumb":{"@id":"https:\/\/www.berchemcare.be\/nl\/#breadcrumb"},"inLanguage":"nl-NL","potentialAction":[{"@type":"ReadAction","target":["https:\/\/www.berchemcare.be\/nl\/"]}]},{"@type":"BreadcrumbList","@id":"https:\/\/www.berchemcare.be\/nl\/#breadcrumb","itemListElement":[{"@type":"ListItem","position":1,"name":"Home","item":"https:\/\/www.berchemcare.be\/nl\/"},{"@type":"ListItem","position":2,"name":"Home"}]},{"@type":"WebSite","@id":"https:\/\/www.berchemcare.be\/#website","url":"https:\/\/www.berchemcare.be\/","name":"Berchem Care","description":"Medische praktijk\u00a0te Sint-Agatha-Berchem","potentialAction":[{"@type":"SearchAction","target":{"@type":"EntryPoint","urlTemplate":"https:\/\/www.berchemcare.be\/?s={search_term_string}"},"query-input":{"@type":"PropertyValueSpecification","valueRequired":true,"valueName":"search_term_string"}}],"inLanguage":"nl-NL"}]}},"_links":{"self":[{"href":"https:\/\/www.berchemcare.be\/nl\/wp-json\/wp\/v2\/pages\/281","targetHints":{"allow":["GET"]}}],"collection":[{"href":"https:\/\/www.berchemcare.be\/nl\/wp-json\/wp\/v2\/pages"}],"about":[{"href":"https:\/\/www.berchemcare.be\/nl\/wp-json\/wp\/v2\/types\/page"}],"author":[{"embeddable":true,"href":"https:\/\/www.berchemcare.be\/nl\/wp-json\/wp\/v2\/users\/1"}],"replies":[{"embeddable":true,"href":"https:\/\/www.berchemcare.be\/nl\/wp-json\/wp\/v2\/comments?post=281"}],"version-history":[{"count":24,"href":"https:\/\/www.berchemcare.be\/nl\/wp-json\/wp\/v2\/pages\/281\/revisions"}],"predecessor-version":[{"id":1431,"href":"https:\/\/www.berchemcare.be\/nl\/wp-json\/wp\/v2\/pages\/281\/revisions\/1431"}],"wp:attachment":[{"href":"https:\/\/www.berchemcare.be\/nl\/wp-json\/wp\/v2\/media?parent=281"}],"curies":[{"name":"wp","href":"https:\/\/api.w.org\/{rel}","templated":true}]}}