{"id":283,"date":"2017-06-25T20:57:53","date_gmt":"2017-06-25T20:57:53","guid":{"rendered":"http:\/\/dev.berchemcare.be\/?page_id=283\/"},"modified":"2023-11-22T16:20:08","modified_gmt":"2023-11-22T16:20:08","slug":"contact","status":"publish","type":"page","link":"https:\/\/www.berchemcare.be\/nl\/contact\/","title":{"rendered":"Contact"},"content":{"rendered":"<div class=\"wpb-content-wrapper\"><p>[vc_row bg_type=&#8221;color&#8221; bg_color=&#8221;#f2f2f2&#8243;][vc_column]<h1 class=\"grve-element grve-title grve-align-left grve-animated-item grve-fadeIn grve-h3 title_contact\" style=\"\" data-delay=\"200\"><span>Toegang &amp; contact<\/span><\/h1>[\/vc_column][\/vc_row][vc_row bg_type=&#8221;color&#8221; el_class=&#8221;section_contact section_rdv&#8221; padding_bottom=&#8221;65px&#8221; bg_color=&#8221;#f2f2f2&#8243;][vc_column][vc_column_text el_class=&#8221;medium_text&#8221;]Contactez le secr\u00e9tariat du cabinet <strong>par t\u00e9l\u00e9phone<\/strong> au <a href=\"tel:003224275505\">02\/427.55.05<\/a><br \/>\nou prenez directement <strong>rendez-vous en ligne<\/strong> aupr\u00e8s de l&#8217;un de nos praticiens en cliquant ci-dessous.<\/p>\n<p>[\/vc_column_text]<div class=\"grve-element grve-align-left btn_contact\"><a href=\"\/nl\/een-afspraak-maken\/\" class=\"grve-btn grve-btn-medium grve-square grve-bg-primary-1 grve-bg-hover-black\"><span>Een afspraak maken<\/span><\/a><\/div>[\/vc_column][\/vc_row][vc_row bg_type=&#8221;color&#8221; el_class=&#8221;section_contact title_solo&#8221; bg_color=&#8221;#f2f2f2&#8243;][vc_column]<h2 class=\"grve-element grve-title grve-align-left grve-h3 subtitle_contact\" style=\"\"><span>Se rendre au cabinet<\/span><\/h2>[vc_column_text el_class=&#8221;text_black&#8221;]<a href=\"https:\/\/www.google.com\/maps\/dir\/\/BERCHEM+CARE,+Av.+du+Roi+Albert+58,+1082+Berchem-Sainte-Agathe\/@50.8649896,4.2930073,15z\/data=!4m9!4m8!1m0!1m5!1m1!1s0x47c3c1441b100751:0x668c17654a69d316!2m2!1d4.2930736!2d50.8650666!3e0?entry=ttu\" target=\"_blank\" rel=\"noopener\">Koning Albertlaan, 58<br \/>\n1082 Berchem-Sainte-Agathe<\/a>[\/vc_column_text]<div class=\"grve-element grve-align-left button_medecin\"><a href=\"https:\/\/www.google.com\/maps\/dir\/\/BERCHEM+CARE,+Av.+du+Roi+Albert+58,+1082+Berchem-Sainte-Agathe\/@50.8649896,4.2930073,15z\/data=!4m9!4m8!1m0!1m5!1m1!1s0x47c3c1441b100751:0x668c17654a69d316!2m2!1d4.2930736!2d50.8650666!3e0?entry=ttu\" target=\"_blank\" class=\"grve-btn grve-btn-medium grve-square grve-bg-primary-1 grve-bg-hover-black\"><span><i class=\"fas fa-chevron-right\"><\/i>Route Google map<\/span><\/a><\/div><div class=\"grve-element grve-align-left button_medecin\"><a href=\"https:\/\/www.waze.com\/fr\/live-map\/directions\/be\/bruxelles\/berchem-sainte-agathe\/berchem-care?to=place.ChIJUQcQG0TBw0cRFtNpSmUXjGY\" target=\"_blank\" class=\"grve-btn grve-btn-medium grve-square grve-bg-primary-1 grve-bg-hover-black\"><span><i class=\"fas fa-chevron-right\"><\/i>Route Waze<\/span><\/a><\/div>[\/vc_column][\/vc_row][vc_row bg_type=&#8221;color&#8221; bg_color=&#8221;#f2f2f2&#8243;][vc_column]<div class=\"grve-element grve-hr divider_contact\" style=\"\"><span class=\"grve-title-line grve-bg-primary-2\" style=\"width: 100%;height: 2px;\"><\/span><\/div>[\/vc_column][\/vc_row][vc_row bg_type=&#8221;color&#8221; el_class=&#8221;section_contact&#8221; bg_color=&#8221;#f2f2f2&#8243; padding_top=&#8221;20px&#8221;][vc_column]<h2 class=\"grve-element grve-title grve-align-left grve-h3 subtitle_contact\" style=\"\"><span>Infos pratiques<\/span><\/h2>[vc_column_text el_class=&#8221;text_black&#8221;]Vous venez en <strong>voiture<\/strong> ?<br \/>\nStationnement <strong>zone bleue<\/strong>. N&#8217;oubliez pas de placer votre disque.[\/vc_column_text][vc_column_text el_class=&#8221;text_black&#8221;]Vous venez en <strong>transports en commun<\/strong> ?<br \/>\nArr\u00eats <strong>Vereman<\/strong> (Tram 19 ou Bus De Lijn 355) et <strong>Schweitzer<\/strong> (Tram 82 ou Bus STIB 20)[\/vc_column_text][\/vc_column][\/vc_row][vc_row desktop_visibility=&#8221;hide&#8221; tablet_visibility=&#8221;hide&#8221; tablet_sm_visibility=&#8221;hide&#8221; mobile_visibility=&#8221;hide&#8221;][vc_column width=&#8221;1\/6&#8243;][\/vc_column][vc_column width=&#8221;2\/3&#8243;]<h3 class=\"grve-element grve-title grve-align-center grve-animated-item grve-fadeIn grve-h3\" style=\"\" data-delay=\"200\"><span>Contacteer ons<span class=\"grve-title-line grve-bg-primary-1\" style=\"width: 50px;height: 2px;\"><\/span><\/span><\/h3>\n<div class=\"wpcf7 no-js\" id=\"wpcf7-f379-o1\" lang=\"en-US\" dir=\"ltr\" data-wpcf7-id=\"379\">\n<div class=\"screen-reader-response\"><p role=\"status\" aria-live=\"polite\" aria-atomic=\"true\"><\/p> <ul><\/ul><\/div>\n<form action=\"\/nl\/wp-json\/wp\/v2\/pages\/283#wpcf7-f379-o1\" method=\"post\" class=\"wpcf7-form init\" aria-label=\"Contact form\" novalidate=\"novalidate\" data-status=\"init\">\n<fieldset class=\"hidden-fields-container\"><input type=\"hidden\" name=\"_wpcf7\" value=\"379\" \/><input type=\"hidden\" name=\"_wpcf7_version\" value=\"6.1.5\" \/><input type=\"hidden\" name=\"_wpcf7_locale\" value=\"en_US\" \/><input type=\"hidden\" name=\"_wpcf7_unit_tag\" value=\"wpcf7-f379-o1\" \/><input type=\"hidden\" name=\"_wpcf7_container_post\" value=\"0\" \/><input type=\"hidden\" name=\"_wpcf7_posted_data_hash\" value=\"\" \/><input type=\"hidden\" name=\"_wpcf7_recaptcha_response\" value=\"\" \/>\n<\/fieldset>\n<div class=\"grve-form-style-2 grve-form-dark\">\n\t<div class=\"grve-one-half\">\n\t\t<p><span class=\"wpcf7-form-control-wrap\" data-name=\"your-name\"><input size=\"40\" maxlength=\"400\" class=\"wpcf7-form-control wpcf7-text wpcf7-validates-as-required\" aria-required=\"true\" aria-invalid=\"false\" placeholder=\"Uw naam (vereist)\" value=\"\" type=\"text\" name=\"your-name\" \/><\/span>\n\t\t<\/p>\n\t<\/div>\n\t<div class=\"grve-one-half grve-last-column\">\n\t\t<p><span class=\"wpcf7-form-control-wrap\" data-name=\"your-email\"><input size=\"40\" maxlength=\"400\" class=\"wpcf7-form-control wpcf7-email wpcf7-validates-as-required wpcf7-text wpcf7-validates-as-email\" aria-required=\"true\" aria-invalid=\"false\" placeholder=\"Uw e-mailadres (vereist)\" value=\"\" type=\"email\" name=\"your-email\" \/><\/span>\n\t\t<\/p>\n\t<\/div>\n\t<div>\n\t\t<p><span class=\"wpcf7-form-control-wrap\" data-name=\"your-subject\"><input size=\"40\" maxlength=\"400\" class=\"wpcf7-form-control wpcf7-text wpcf7-validates-as-required\" aria-required=\"true\" aria-invalid=\"false\" placeholder=\"Onderwerp\" value=\"\" type=\"text\" name=\"your-subject\" \/><\/span>\n\t\t<\/p>\n\t<\/div>\n\t<div>\n\t\t<p><span class=\"wpcf7-form-control-wrap\" data-name=\"your-message\"><textarea cols=\"40\" rows=\"10\" maxlength=\"2000\" class=\"wpcf7-form-control wpcf7-textarea wpcf7-validates-as-required\" aria-required=\"true\" aria-invalid=\"false\" placeholder=\"Uw bericht\" name=\"your-message\"><\/textarea><\/span>\n\t\t<\/p>\n\t<\/div>\n\t<div>\n\t\t<p><span class=\"wpcf7-form-control-wrap\" data-name=\"acceptance-283\"><span class=\"wpcf7-form-control wpcf7-acceptance\"><span class=\"wpcf7-list-item\"><label><input type=\"checkbox\" name=\"acceptance-283\" value=\"1\" aria-invalid=\"false\" \/><span class=\"wpcf7-list-item-label\">Ik ga akkoord met <a href=\"https:\/\/www.berchemcare.be\/nl\/privacy-en-cookie-policy\/\" target=\"_blank\">Privacy policy<\/a><\/span><\/label><\/span><\/span><\/span>\n\t\t<\/p>\n\t<\/div>\n\t<div>\n\t\t<p><input class=\"wpcf7-form-control wpcf7-submit has-spinner grve-custom-btn\" type=\"submit\" value=\"Verzenden\" \/>\n\t\t<\/p>\n\t<\/div>\n<\/div><div class=\"wpcf7-response-output\" aria-hidden=\"true\"><\/div>\n<\/form>\n<\/div>\n[\/vc_column][vc_column width=&#8221;1\/6&#8243;][\/vc_column][\/vc_row]<\/p>\n<\/div>","protected":false},"excerpt":{"rendered":"<p>[vc_row bg_type=&#8221;color&#8221; bg_color=&#8221;#f2f2f2&#8243;][vc_column][\/vc_column][\/vc_row][vc_row bg_type=&#8221;color&#8221; el_class=&#8221;section_contact section_rdv&#8221; padding_bottom=&#8221;65px&#8221; bg_color=&#8221;#f2f2f2&#8243;][vc_column][vc_column_text el_class=&#8221;medium_text&#8221;]Contactez le secr\u00e9tariat du cabinet par t\u00e9l\u00e9phone au 02\/427.55.05 ou prenez directement rendez-vous en ligne aupr\u00e8s de l&#8217;un de nos praticiens en cliquant ci-dessous. [\/vc_column_text][\/vc_column][\/vc_row][vc_row bg_type=&#8221;color&#8221; el_class=&#8221;section_contact title_solo&#8221; bg_color=&#8221;#f2f2f2&#8243;][vc_column][vc_column_text el_class=&#8221;text_black&#8221;]Koning Albertlaan, 58 1082 Berchem-Sainte-Agathe[\/vc_column_text][\/vc_column][\/vc_row][vc_row bg_type=&#8221;color&#8221; bg_color=&#8221;#f2f2f2&#8243;][vc_column][\/vc_column][\/vc_row][vc_row bg_type=&#8221;color&#8221; el_class=&#8221;section_contact&#8221; bg_color=&#8221;#f2f2f2&#8243; padding_top=&#8221;20px&#8221;][vc_column][vc_column_text el_class=&#8221;text_black&#8221;]Vous venez en voiture ? Stationnement zone [&hellip;]<\/p>\n","protected":false},"author":1,"featured_media":0,"parent":0,"menu_order":0,"comment_status":"closed","ping_status":"closed","template":"","meta":{"footnotes":""},"class_list":["post-283","page","type-page","status-publish","hentry"],"yoast_head":"<!-- This site is optimized with the Yoast SEO plugin v27.3 - https:\/\/yoast.com\/product\/yoast-seo-wordpress\/ -->\n<title>Contact - Berchem Care<\/title>\n<meta name=\"description\" content=\"Neem contact op met het Berchem Medisch Centrum in Brussel.\" \/>\n<meta name=\"robots\" content=\"index, follow, max-snippet:-1, max-image-preview:large, max-video-preview:-1\" \/>\n<link rel=\"canonical\" href=\"https:\/\/www.berchemcare.be\/nl\/contact\/\" \/>\n<meta property=\"og:locale\" content=\"nl_NL\" \/>\n<meta property=\"og:type\" content=\"article\" \/>\n<meta property=\"og:title\" content=\"Contact - Berchem Care\" \/>\n<meta property=\"og:description\" content=\"Neem contact op met het Berchem Medisch Centrum in Brussel.\" \/>\n<meta property=\"og:url\" content=\"https:\/\/www.berchemcare.be\/nl\/contact\/\" \/>\n<meta property=\"og:site_name\" content=\"Berchem Care\" \/>\n<meta property=\"article:modified_time\" content=\"2023-11-22T16:20:08+00:00\" \/>\n<meta name=\"twitter:card\" content=\"summary_large_image\" \/>\n<meta name=\"twitter:label1\" content=\"Geschatte leestijd\" \/>\n\t<meta name=\"twitter:data1\" content=\"1 minuut\" \/>\n<script type=\"application\/ld+json\" class=\"yoast-schema-graph\">{\"@context\":\"https:\\\/\\\/schema.org\",\"@graph\":[{\"@type\":\"WebPage\",\"@id\":\"https:\\\/\\\/www.berchemcare.be\\\/nl\\\/contact\\\/\",\"url\":\"https:\\\/\\\/www.berchemcare.be\\\/nl\\\/contact\\\/\",\"name\":\"Contact - Berchem Care\",\"isPartOf\":{\"@id\":\"https:\\\/\\\/www.berchemcare.be\\\/#website\"},\"datePublished\":\"2017-06-25T20:57:53+00:00\",\"dateModified\":\"2023-11-22T16:20:08+00:00\",\"description\":\"Neem contact op met het Berchem Medisch Centrum in Brussel.\",\"breadcrumb\":{\"@id\":\"https:\\\/\\\/www.berchemcare.be\\\/nl\\\/contact\\\/#breadcrumb\"},\"inLanguage\":\"nl-NL\",\"potentialAction\":[{\"@type\":\"ReadAction\",\"target\":[\"https:\\\/\\\/www.berchemcare.be\\\/nl\\\/contact\\\/\"]}]},{\"@type\":\"BreadcrumbList\",\"@id\":\"https:\\\/\\\/www.berchemcare.be\\\/nl\\\/contact\\\/#breadcrumb\",\"itemListElement\":[{\"@type\":\"ListItem\",\"position\":1,\"name\":\"Home\",\"item\":\"https:\\\/\\\/www.berchemcare.be\\\/nl\\\/\"},{\"@type\":\"ListItem\",\"position\":2,\"name\":\"Contact\"}]},{\"@type\":\"WebSite\",\"@id\":\"https:\\\/\\\/www.berchemcare.be\\\/#website\",\"url\":\"https:\\\/\\\/www.berchemcare.be\\\/\",\"name\":\"Berchem Care\",\"description\":\"Medische praktijk\u00a0te Sint-Agatha-Berchem\",\"potentialAction\":[{\"@type\":\"SearchAction\",\"target\":{\"@type\":\"EntryPoint\",\"urlTemplate\":\"https:\\\/\\\/www.berchemcare.be\\\/?s={search_term_string}\"},\"query-input\":{\"@type\":\"PropertyValueSpecification\",\"valueRequired\":true,\"valueName\":\"search_term_string\"}}],\"inLanguage\":\"nl-NL\"}]}<\/script>\n<!-- \/ Yoast SEO plugin. -->","yoast_head_json":{"title":"Contact - Berchem Care","description":"Neem contact op met het Berchem Medisch Centrum in Brussel.","robots":{"index":"index","follow":"follow","max-snippet":"max-snippet:-1","max-image-preview":"max-image-preview:large","max-video-preview":"max-video-preview:-1"},"canonical":"https:\/\/www.berchemcare.be\/nl\/contact\/","og_locale":"nl_NL","og_type":"article","og_title":"Contact - Berchem Care","og_description":"Neem contact op met het Berchem Medisch Centrum in Brussel.","og_url":"https:\/\/www.berchemcare.be\/nl\/contact\/","og_site_name":"Berchem Care","article_modified_time":"2023-11-22T16:20:08+00:00","twitter_card":"summary_large_image","twitter_misc":{"Geschatte leestijd":"1 minuut"},"schema":{"@context":"https:\/\/schema.org","@graph":[{"@type":"WebPage","@id":"https:\/\/www.berchemcare.be\/nl\/contact\/","url":"https:\/\/www.berchemcare.be\/nl\/contact\/","name":"Contact - Berchem Care","isPartOf":{"@id":"https:\/\/www.berchemcare.be\/#website"},"datePublished":"2017-06-25T20:57:53+00:00","dateModified":"2023-11-22T16:20:08+00:00","description":"Neem contact op met het Berchem Medisch Centrum in Brussel.","breadcrumb":{"@id":"https:\/\/www.berchemcare.be\/nl\/contact\/#breadcrumb"},"inLanguage":"nl-NL","potentialAction":[{"@type":"ReadAction","target":["https:\/\/www.berchemcare.be\/nl\/contact\/"]}]},{"@type":"BreadcrumbList","@id":"https:\/\/www.berchemcare.be\/nl\/contact\/#breadcrumb","itemListElement":[{"@type":"ListItem","position":1,"name":"Home","item":"https:\/\/www.berchemcare.be\/nl\/"},{"@type":"ListItem","position":2,"name":"Contact"}]},{"@type":"WebSite","@id":"https:\/\/www.berchemcare.be\/#website","url":"https:\/\/www.berchemcare.be\/","name":"Berchem Care","description":"Medische praktijk\u00a0te Sint-Agatha-Berchem","potentialAction":[{"@type":"SearchAction","target":{"@type":"EntryPoint","urlTemplate":"https:\/\/www.berchemcare.be\/?s={search_term_string}"},"query-input":{"@type":"PropertyValueSpecification","valueRequired":true,"valueName":"search_term_string"}}],"inLanguage":"nl-NL"}]}},"_links":{"self":[{"href":"https:\/\/www.berchemcare.be\/nl\/wp-json\/wp\/v2\/pages\/283","targetHints":{"allow":["GET"]}}],"collection":[{"href":"https:\/\/www.berchemcare.be\/nl\/wp-json\/wp\/v2\/pages"}],"about":[{"href":"https:\/\/www.berchemcare.be\/nl\/wp-json\/wp\/v2\/types\/page"}],"author":[{"embeddable":true,"href":"https:\/\/www.berchemcare.be\/nl\/wp-json\/wp\/v2\/users\/1"}],"replies":[{"embeddable":true,"href":"https:\/\/www.berchemcare.be\/nl\/wp-json\/wp\/v2\/comments?post=283"}],"version-history":[{"count":6,"href":"https:\/\/www.berchemcare.be\/nl\/wp-json\/wp\/v2\/pages\/283\/revisions"}],"predecessor-version":[{"id":1372,"href":"https:\/\/www.berchemcare.be\/nl\/wp-json\/wp\/v2\/pages\/283\/revisions\/1372"}],"wp:attachment":[{"href":"https:\/\/www.berchemcare.be\/nl\/wp-json\/wp\/v2\/media?parent=283"}],"curies":[{"name":"wp","href":"https:\/\/api.w.org\/{rel}","templated":true}]}}