{"id":285,"date":"2017-06-27T19:50:36","date_gmt":"2017-06-27T19:50:36","guid":{"rendered":"http:\/\/dev.berchemcare.be\/?page_id=285\/"},"modified":"2023-11-22T15:48:50","modified_gmt":"2023-11-22T15:48:50","slug":"belangrijke-links-en-nummers","status":"publish","type":"page","link":"https:\/\/www.berchemcare.be\/nl\/belangrijke-links-en-nummers\/","title":{"rendered":"Belangrijke links en nummers"},"content":{"rendered":"<div class=\"wpb-content-wrapper\"><p>[vc_row heading_color=&#8221;light&#8221; el_class=&#8221;section_title_rdv_general section_title_grey&#8221; padding_top=&#8221;50px&#8221; padding_bottom=&#8221;50px&#8221; section_id=&#8221;medecins&#8221;][vc_column]<h2 class=\"grve-element grve-title grve-align-left grve-h3 title_rdv\" style=\"\"><span>Huisartsen van wacht<\/span><\/h2>[\/vc_column][\/vc_row][vc_row padding_bottom=&#8221;20px&#8221;][vc_column][vc_column_text]Si votre \u00e9tat de sant\u00e9 n\u00e9cessite une assistance m\u00e9dicale <strong>en dehors des plages horaires du cabinet<\/strong>, nous vous invitons \u00e0 vous rapprocher d&#8217;un des centre m\u00e9dicaux suivants en composant le num\u00e9ro suivant : <strong><a href=\"tel:003222012222\">02\/201.22.22<\/a><\/strong>.<br \/>\nCes postes m\u00e9dicaux offrent un <strong>service de garde<\/strong> pendant la semaine, les week-ends et les jours f\u00e9ri\u00e9s.<\/p>\n<p>Plus d&#8217;informations sur le site <strong><a href=\"https:\/\/www.gbbw.be\" target=\"_blank\" rel=\"noopener\">www.gbbw.be<\/a><\/strong>[\/vc_column_text][\/vc_column][\/vc_row][vc_row el_class=&#8221;team team_rdv help&#8221;][vc_column tablet_width=&#8221;1&#8243; tablet_sm_width=&#8221;1&#8243; mobile_width=&#8221;1&#8243;]<div class=\"grve-element grve-title grve-align-left grve-h3 title_medecin\" style=\"\"><span>Huisbezoeken<\/span><\/div>[vc_column_text el_class=&#8221;text_medecin&#8221;]Si vous \u00eates dans l&#8217;incapacit\u00e9 de vous d\u00e9placer, composez le <strong><a href=\"tel:1733\">1733<\/a><\/strong>, un m\u00e9decin de permanence se rendra \u00e0 votre domicile.[\/vc_column_text]<div class=\"grve-element grve-align-left button_medecin\"><a href=\"https:\/\/www.gbbw.be\" target=\"_blank\" class=\"grve-btn grve-btn-medium grve-square grve-bg-primary-1 grve-bg-hover-black\"><span><i class=\"fas fa-chevron-right\"><\/i>Meer informatie<\/span><\/a><\/div>[\/vc_column][\/vc_row][vc_row el_class=&#8221;team team_rdv help&#8221; padding_top=&#8221;30px&#8221;][vc_column tablet_width=&#8221;1&#8243; tablet_sm_width=&#8221;1&#8243; mobile_width=&#8221;1&#8243;]<div class=\"grve-element grve-title grve-align-left grve-h3 subtitle_medecin\" style=\"\"><span>Athena wachtpost<\/span><\/div><div class=\"grve-element grve-title grve-align-left grve-h3 title_medecin\" style=\"\"><span>1000 Brussel<\/span><\/div>[vc_column_text el_class=&#8221;text_medecin&#8221;]<a href=\"https:\/\/www.google.com\/maps\/dir\/\/GBBW+1000+Bruxelles+-+Brussel+(Garde+Bruxelloise+-+Brusselse+Wachtdienst)\/data=!4m6!4m5!1m1!4e2!1m2!1m1!1s0x47c3c37f191cf93d:0xcbc81feb980ad68c?sa=X&amp;ved=2ahUKEwjXqM2J5sCCAxX24AIHHT81DfEQ9Rd6BAhKEAA\" target=\"_blank\" rel=\"noopener\">J.de Brouchoven de Bergeyckstraat, 2 &#8211; 1000 Brussel<\/a>[\/vc_column_text]<div class=\"grve-element grve-align-left button_medecin\"><a href=\"https:\/\/www.gbbw.be\/index.php\/nl\/\" target=\"_blank\" class=\"grve-btn grve-btn-medium grve-square grve-bg-primary-1 grve-bg-hover-black\"><span><i class=\"fas fa-chevron-right\"><\/i>Meer informatie<\/span><\/a><\/div>[\/vc_column][\/vc_row][vc_row el_class=&#8221;team team_rdv help&#8221; padding_top=&#8221;30px&#8221;][vc_column tablet_width=&#8221;1&#8243; tablet_sm_width=&#8221;1&#8243; mobile_width=&#8221;1&#8243;]<div class=\"grve-element grve-title grve-align-left grve-h3 subtitle_medecin\" style=\"\"><span>Athena wachtpost<\/span><\/div><div class=\"grve-element grve-title grve-align-left grve-h3 title_medecin\" style=\"\"><span>1030 Schaerbeek<\/span><\/div>[vc_column_text el_class=&#8221;text_medecin&#8221;]<a href=\"https:\/\/www.google.com\/maps\/dir\/\/Chau.+de+Haecht+579,+1031+Schaerbeek\/@50.8701788,4.3883175,17z\/data=!4m9!4m8!1m0!1m5!1m1!1s0x47c3c33e34846289:0x302d5853b5d6eb1c!2m2!1d4.3883175!2d50.8701788!3e0?entry=ttu\" target=\"_blank\" rel=\"noopener\">Aeropolis Haachtsesteenweg, 579 &#8211; 1030 Schaerbeek<\/a>[\/vc_column_text]<div class=\"grve-element grve-align-left button_medecin\"><a href=\"https:\/\/www.gbbw.be\/index.php\/nl\/\" target=\"_blank\" class=\"grve-btn grve-btn-medium grve-square grve-bg-primary-1 grve-bg-hover-black\"><span><i class=\"fas fa-chevron-right\"><\/i>Meer informatie<\/span><\/a><\/div>[\/vc_column][\/vc_row][vc_row el_class=&#8221;team team_rdv help&#8221; padding_top=&#8221;30px&#8221;][vc_column tablet_width=&#8221;1&#8243; tablet_sm_width=&#8221;1&#8243; mobile_width=&#8221;1&#8243;]<div class=\"grve-element grve-title grve-align-left grve-h3 subtitle_medecin\" style=\"\"><span>Athena wachtpost<\/span><\/div><div class=\"grve-element grve-title grve-align-left grve-h3 title_medecin\" style=\"\"><span>1040 Etterbeek<\/span><\/div>[vc_column_text el_class=&#8221;text_medecin&#8221;]<a href=\"https:\/\/www.google.com\/maps\/dir\/\/Rue+Charles+Degroux+%26+Rue+d'Oultremont,+1040+Etterbeek\/@50.8421588,4.3993721,17z\/data=!4m6!4m5!1m0!1m2!1m1!1s0x47c3c4a93da406ef:0xb7848c96749a61f3!3e0\" target=\"_blank\" rel=\"noopener\">Kruispunt tussen de d&#8217;Oultremontstraat &amp; de Charles Degrouxstraat &#8211; 1040 Etterbeek<\/a>[\/vc_column_text]<div class=\"grve-element grve-align-left button_medecin\"><a href=\"https:\/\/www.gbbw.be\/index.php\/nl\/\" target=\"_blank\" class=\"grve-btn grve-btn-medium grve-square grve-bg-primary-1 grve-bg-hover-black\"><span><i class=\"fas fa-chevron-right\"><\/i>Meer informatie<\/span><\/a><\/div>[\/vc_column][\/vc_row][vc_row el_class=&#8221;team team_rdv help&#8221; padding_top=&#8221;30px&#8221;][vc_column tablet_width=&#8221;1&#8243; tablet_sm_width=&#8221;1&#8243; mobile_width=&#8221;1&#8243;]<div class=\"grve-element grve-title grve-align-left grve-h3 subtitle_medecin\" style=\"\"><span>Athena wachtpost<\/span><\/div><div class=\"grve-element grve-title grve-align-left grve-h3 title_medecin\" style=\"\"><span>1070 Anderlecht<\/span><\/div>[vc_column_text el_class=&#8221;text_medecin&#8221;]<a href=\"https:\/\/www.google.com\/maps\/dir\/\/GBBW+1070+Anderlecht+(Garde+Bruxelloise+-+Brusselse+Wachtdienst)\/data=!4m6!4m5!1m1!4e2!1m2!1m1!1s0x47c3c7224efffefb:0xb81b0b158d56cade?sa=X&amp;ved=2ahUKEwiGouGx5sCCAxXQAewKHe9oAzAQ9Rd6BAg-EAA\" target=\"_blank\" rel=\"noopener\">Albertdecosterlaan, 3 &#8211; 1070 Anderlecht<\/a>[\/vc_column_text]<div class=\"grve-element grve-align-left button_medecin\"><a href=\"https:\/\/www.gbbw.be\/index.php\/nl\/\" target=\"_blank\" class=\"grve-btn grve-btn-medium grve-square grve-bg-primary-1 grve-bg-hover-black\"><span><i class=\"fas fa-chevron-right\"><\/i>Meer informatie<\/span><\/a><\/div>[\/vc_column][\/vc_row][vc_row el_class=&#8221;team team_rdv help&#8221; padding_top=&#8221;30px&#8221;][vc_column tablet_width=&#8221;1&#8243; tablet_sm_width=&#8221;1&#8243; mobile_width=&#8221;1&#8243;]<div class=\"grve-element grve-title grve-align-left grve-h3 subtitle_medecin\" style=\"\"><span>Athena wachtpost<\/span><\/div><div class=\"grve-element grve-title grve-align-left grve-h3 title_medecin\" style=\"\"><span>1090 Jette<\/span><\/div>[vc_column_text el_class=&#8221;text_medecin&#8221;]<a href=\"https:\/\/www.google.com\/maps\/dir\/\/Av.+de+l'Arbre+Ballon+128,+1090+Jette\/data=!4m6!4m5!1m1!4e2!1m2!1m1!1s0x47c3c17f48040af1:0xd1a3b01d47f3150e?sa=X&amp;ved=2ahUKEwj6i9W75sCCAxURzgIHHRPBDyUQwwV6BAgWEAA\" target=\"_blank\" rel=\"noopener\">Dikkebeuklaan 128 &#8211; ingang vlakbij Spoeddienst &#8211; 1090 Jette<\/a>[\/vc_column_text]<div class=\"grve-element grve-align-left button_medecin\"><a href=\"https:\/\/www.gbbw.be\/index.php\/nl\/\" target=\"_blank\" class=\"grve-btn grve-btn-medium grve-square grve-bg-primary-1 grve-bg-hover-black\"><span><i class=\"fas fa-chevron-right\"><\/i>Meer informatie<\/span><\/a><\/div>[\/vc_column][\/vc_row][vc_row el_class=&#8221;team team_rdv help&#8221; padding_top=&#8221;30px&#8221;][vc_column tablet_width=&#8221;1&#8243; tablet_sm_width=&#8221;1&#8243; mobile_width=&#8221;1&#8243;]<div class=\"grve-element grve-title grve-align-left grve-h3 subtitle_medecin\" style=\"\"><span>Athena wachtpost<\/span><\/div><div class=\"grve-element grve-title grve-align-left grve-h3 title_medecin\" style=\"\"><span>1190 Forest<\/span><\/div>[vc_column_text el_class=&#8221;text_medecin&#8221;]<a href=\"https:\/\/www.google.com\/maps\/dir\/\/GBBW+1190+Forest+-+Vorst+(Garde+Bruxelloise+-+Brusselse+Wachtdienst)\/data=!4m6!4m5!1m1!4e2!1m2!1m1!1s0x47c3c57a178e5d4f:0x922ce1353e4f160d?sa=X&amp;ved=2ahUKEwia_OXH5sCCAxXcxQIHHXObBPUQ9Rd6BAhcEAA\" target=\"_blank\" rel=\"noopener\">Moli\u00e8relaan, 34 &#8211; 1190 Forest<\/a>[\/vc_column_text]<div class=\"grve-element grve-align-left button_medecin\"><a href=\"https:\/\/www.gbbw.be\/index.php\/nl\/\" target=\"_blank\" class=\"grve-btn grve-btn-medium grve-square grve-bg-primary-1 grve-bg-hover-black\"><span><i class=\"fas fa-chevron-right\"><\/i>Meer informatie<\/span><\/a><\/div>[vc_empty_space height=&#8221;60px&#8221;][\/vc_column][\/vc_row][vc_row heading_color=&#8221;light&#8221; el_class=&#8221;section_title_rdv_general section_title_grey&#8221; padding_top=&#8221;50px&#8221; padding_bottom=&#8221;50px&#8221;][vc_column]<h2 class=\"grve-element grve-title grve-align-left grve-h3 title_rdv\" style=\"\"><span>Andere noodnummers<\/span><\/h2>[\/vc_column][\/vc_row][vc_row section_id=&#8221;pharmacies&#8221; padding_bottom=&#8221;20px&#8221;][vc_column]<div class=\"grve-element grve-title grve-align-left grve-h3 title_medecin\" style=\"\"><span>Apotheken van wacht<\/span><\/div>[vc_column_text]En cas d&#8217;<strong>urgence m\u00e9dicamenteuse<\/strong> en soir\u00e9e, la nuit ou pendant le week-end, localisez la pharmacie de garde la plus proche en cliquant sur le lien suivant :\u00a0<strong><a href=\"https:\/\/www.apotheek.be\/PharmacySearch\" target=\"_blank\" rel=\"noopener\">pharmacie.be\/PharmacySearch<\/a><\/strong> ou composez le <a href=\"tel:090399000\"><strong>0903\/99.000 <\/strong><\/a>(num\u00e9ro payant).[\/vc_column_text][\/vc_column][\/vc_row][vc_row section_id=&#8221;dentistes&#8221; padding_bottom=&#8221;20px&#8221;][vc_column]<div class=\"grve-element grve-title grve-align-left grve-h3 title_medecin\" style=\"\"><span>Tandartsen van wacht<\/span><\/div>[vc_column_text]Une <strong>urgence dentaire<\/strong> en soir\u00e9e, la nuit ou pendant le week-end ? Rendez-vous sur le site officiel du service de garde dentaire de Bruxelles en suivant ce lien : <a href=\"http:\/\/www.gardedentaire.be\/\" target=\"_blank\" rel=\"noopener\"><strong>www.gardedentaire.be<\/strong><\/a>\u00a0et trouvez le <strong>dentiste de garde le plus proche<\/strong>.[\/vc_column_text][\/vc_column][\/vc_row][vc_row section_id=&#8221;urgences&#8221; padding_bottom=&#8221;20px&#8221;][vc_column]<div class=\"grve-element grve-title grve-align-left grve-h3 title_medecin\" style=\"\"><span>Ziekenwagen<\/span><\/div>[vc_column_text]En cas d&#8217;<strong>urgence<\/strong> n\u00e9cessitant une <strong>intervention imm\u00e9diate<\/strong>, composez le <a href=\"tel:112\"><strong>num\u00e9ro 112<\/strong><\/a>. Ce service d&#8217;urgence est op\u00e9rationnel <strong>24h\/24, 7j\/7<\/strong>.[\/vc_column_text][\/vc_column][\/vc_row][vc_row section_id=&#8221;poison&#8221;][vc_column]<div class=\"grve-element grve-title grve-align-left grve-h3 title_medecin\" style=\"\"><span>Antigifcentrum<\/span><\/div>[vc_column_text]En cas d&#8217;ingestion accidentelle de substances toxiques ou tout autre empoisonnement, contactez imm\u00e9diatement le Centre Antipoison en composant le num\u00e9ro d&#8217;urgence <strong><a href=\"tel:070245245\">070\/245.245<\/a><\/strong> ou rendez-vous sur <a href=\"https:\/\/www.centreantipoisons.be\/\" target=\"_blank\" rel=\"noopener\"><strong>www.centreantipoisons.be<\/strong><\/a>.[\/vc_column_text][\/vc_column][\/vc_row]<\/p>\n<\/div>","protected":false},"excerpt":{"rendered":"<p>[vc_row heading_color=&#8221;light&#8221; el_class=&#8221;section_title_rdv_general section_title_grey&#8221; padding_top=&#8221;50px&#8221; padding_bottom=&#8221;50px&#8221; section_id=&#8221;medecins&#8221;][vc_column][\/vc_column][\/vc_row][vc_row padding_bottom=&#8221;20px&#8221;][vc_column][vc_column_text]Si votre \u00e9tat de sant\u00e9 n\u00e9cessite une assistance m\u00e9dicale en dehors des plages horaires du cabinet, nous vous invitons \u00e0 vous rapprocher d&#8217;un des centre m\u00e9dicaux suivants en composant le num\u00e9ro suivant : 02\/201.22.22. Ces postes m\u00e9dicaux offrent un service de garde pendant la semaine, les week-ends et [&hellip;]<\/p>\n","protected":false},"author":1,"featured_media":0,"parent":0,"menu_order":0,"comment_status":"closed","ping_status":"closed","template":"","meta":{"footnotes":""},"class_list":["post-285","page","type-page","status-publish","hentry"],"yoast_head":"<!-- This site is optimized with the Yoast SEO plugin v27.3 - https:\/\/yoast.com\/product\/yoast-seo-wordpress\/ -->\n<title>Belangrijke links en nummers - Berchem Care<\/title>\n<meta name=\"robots\" content=\"index, follow, max-snippet:-1, max-image-preview:large, max-video-preview:-1\" \/>\n<link rel=\"canonical\" href=\"https:\/\/www.berchemcare.be\/nl\/belangrijke-links-en-nummers\/\" \/>\n<meta property=\"og:locale\" content=\"nl_NL\" \/>\n<meta property=\"og:type\" content=\"article\" \/>\n<meta property=\"og:title\" content=\"Belangrijke links en nummers - Berchem Care\" \/>\n<meta property=\"og:description\" content=\"[vc_row heading_color=&#8221;light&#8221; el_class=&#8221;section_title_rdv_general section_title_grey&#8221; padding_top=&#8221;50px&#8221; padding_bottom=&#8221;50px&#8221; section_id=&#8221;medecins&#8221;][vc_column][\/vc_column][\/vc_row][vc_row padding_bottom=&#8221;20px&#8221;][vc_column][vc_column_text]Si votre \u00e9tat de sant\u00e9 n\u00e9cessite une assistance m\u00e9dicale en dehors des plages horaires du cabinet, nous vous invitons \u00e0 vous rapprocher d&#8217;un des centre m\u00e9dicaux suivants en composant le num\u00e9ro suivant : 02\/201.22.22. Ces postes m\u00e9dicaux offrent un service de garde pendant la semaine, les week-ends et [&hellip;]\" \/>\n<meta property=\"og:url\" content=\"https:\/\/www.berchemcare.be\/nl\/belangrijke-links-en-nummers\/\" \/>\n<meta property=\"og:site_name\" content=\"Berchem Care\" \/>\n<meta property=\"article:modified_time\" content=\"2023-11-22T15:48:50+00:00\" \/>\n<meta name=\"twitter:card\" content=\"summary_large_image\" \/>\n<meta name=\"twitter:label1\" content=\"Geschatte leestijd\" \/>\n\t<meta name=\"twitter:data1\" content=\"2 minuten\" \/>\n<script type=\"application\/ld+json\" class=\"yoast-schema-graph\">{\"@context\":\"https:\\\/\\\/schema.org\",\"@graph\":[{\"@type\":\"WebPage\",\"@id\":\"https:\\\/\\\/www.berchemcare.be\\\/nl\\\/belangrijke-links-en-nummers\\\/\",\"url\":\"https:\\\/\\\/www.berchemcare.be\\\/nl\\\/belangrijke-links-en-nummers\\\/\",\"name\":\"Belangrijke links en nummers - Berchem Care\",\"isPartOf\":{\"@id\":\"https:\\\/\\\/www.berchemcare.be\\\/#website\"},\"datePublished\":\"2017-06-27T19:50:36+00:00\",\"dateModified\":\"2023-11-22T15:48:50+00:00\",\"breadcrumb\":{\"@id\":\"https:\\\/\\\/www.berchemcare.be\\\/nl\\\/belangrijke-links-en-nummers\\\/#breadcrumb\"},\"inLanguage\":\"nl-NL\",\"potentialAction\":[{\"@type\":\"ReadAction\",\"target\":[\"https:\\\/\\\/www.berchemcare.be\\\/nl\\\/belangrijke-links-en-nummers\\\/\"]}]},{\"@type\":\"BreadcrumbList\",\"@id\":\"https:\\\/\\\/www.berchemcare.be\\\/nl\\\/belangrijke-links-en-nummers\\\/#breadcrumb\",\"itemListElement\":[{\"@type\":\"ListItem\",\"position\":1,\"name\":\"Home\",\"item\":\"https:\\\/\\\/www.berchemcare.be\\\/nl\\\/\"},{\"@type\":\"ListItem\",\"position\":2,\"name\":\"Belangrijke links en nummers\"}]},{\"@type\":\"WebSite\",\"@id\":\"https:\\\/\\\/www.berchemcare.be\\\/#website\",\"url\":\"https:\\\/\\\/www.berchemcare.be\\\/\",\"name\":\"Berchem Care\",\"description\":\"Medische praktijk\u00a0te Sint-Agatha-Berchem\",\"potentialAction\":[{\"@type\":\"SearchAction\",\"target\":{\"@type\":\"EntryPoint\",\"urlTemplate\":\"https:\\\/\\\/www.berchemcare.be\\\/?s={search_term_string}\"},\"query-input\":{\"@type\":\"PropertyValueSpecification\",\"valueRequired\":true,\"valueName\":\"search_term_string\"}}],\"inLanguage\":\"nl-NL\"}]}<\/script>\n<!-- \/ Yoast SEO plugin. -->","yoast_head_json":{"title":"Belangrijke links en nummers - Berchem Care","robots":{"index":"index","follow":"follow","max-snippet":"max-snippet:-1","max-image-preview":"max-image-preview:large","max-video-preview":"max-video-preview:-1"},"canonical":"https:\/\/www.berchemcare.be\/nl\/belangrijke-links-en-nummers\/","og_locale":"nl_NL","og_type":"article","og_title":"Belangrijke links en nummers - Berchem Care","og_description":"[vc_row heading_color=&#8221;light&#8221; el_class=&#8221;section_title_rdv_general section_title_grey&#8221; padding_top=&#8221;50px&#8221; padding_bottom=&#8221;50px&#8221; section_id=&#8221;medecins&#8221;][vc_column][\/vc_column][\/vc_row][vc_row padding_bottom=&#8221;20px&#8221;][vc_column][vc_column_text]Si votre \u00e9tat de sant\u00e9 n\u00e9cessite une assistance m\u00e9dicale en dehors des plages horaires du cabinet, nous vous invitons \u00e0 vous rapprocher d&#8217;un des centre m\u00e9dicaux suivants en composant le num\u00e9ro suivant : 02\/201.22.22. Ces postes m\u00e9dicaux offrent un service de garde pendant la semaine, les week-ends et [&hellip;]","og_url":"https:\/\/www.berchemcare.be\/nl\/belangrijke-links-en-nummers\/","og_site_name":"Berchem Care","article_modified_time":"2023-11-22T15:48:50+00:00","twitter_card":"summary_large_image","twitter_misc":{"Geschatte leestijd":"2 minuten"},"schema":{"@context":"https:\/\/schema.org","@graph":[{"@type":"WebPage","@id":"https:\/\/www.berchemcare.be\/nl\/belangrijke-links-en-nummers\/","url":"https:\/\/www.berchemcare.be\/nl\/belangrijke-links-en-nummers\/","name":"Belangrijke links en nummers - Berchem Care","isPartOf":{"@id":"https:\/\/www.berchemcare.be\/#website"},"datePublished":"2017-06-27T19:50:36+00:00","dateModified":"2023-11-22T15:48:50+00:00","breadcrumb":{"@id":"https:\/\/www.berchemcare.be\/nl\/belangrijke-links-en-nummers\/#breadcrumb"},"inLanguage":"nl-NL","potentialAction":[{"@type":"ReadAction","target":["https:\/\/www.berchemcare.be\/nl\/belangrijke-links-en-nummers\/"]}]},{"@type":"BreadcrumbList","@id":"https:\/\/www.berchemcare.be\/nl\/belangrijke-links-en-nummers\/#breadcrumb","itemListElement":[{"@type":"ListItem","position":1,"name":"Home","item":"https:\/\/www.berchemcare.be\/nl\/"},{"@type":"ListItem","position":2,"name":"Belangrijke links en nummers"}]},{"@type":"WebSite","@id":"https:\/\/www.berchemcare.be\/#website","url":"https:\/\/www.berchemcare.be\/","name":"Berchem Care","description":"Medische praktijk\u00a0te Sint-Agatha-Berchem","potentialAction":[{"@type":"SearchAction","target":{"@type":"EntryPoint","urlTemplate":"https:\/\/www.berchemcare.be\/?s={search_term_string}"},"query-input":{"@type":"PropertyValueSpecification","valueRequired":true,"valueName":"search_term_string"}}],"inLanguage":"nl-NL"}]}},"_links":{"self":[{"href":"https:\/\/www.berchemcare.be\/nl\/wp-json\/wp\/v2\/pages\/285","targetHints":{"allow":["GET"]}}],"collection":[{"href":"https:\/\/www.berchemcare.be\/nl\/wp-json\/wp\/v2\/pages"}],"about":[{"href":"https:\/\/www.berchemcare.be\/nl\/wp-json\/wp\/v2\/types\/page"}],"author":[{"embeddable":true,"href":"https:\/\/www.berchemcare.be\/nl\/wp-json\/wp\/v2\/users\/1"}],"replies":[{"embeddable":true,"href":"https:\/\/www.berchemcare.be\/nl\/wp-json\/wp\/v2\/comments?post=285"}],"version-history":[{"count":9,"href":"https:\/\/www.berchemcare.be\/nl\/wp-json\/wp\/v2\/pages\/285\/revisions"}],"predecessor-version":[{"id":1360,"href":"https:\/\/www.berchemcare.be\/nl\/wp-json\/wp\/v2\/pages\/285\/revisions\/1360"}],"wp:attachment":[{"href":"https:\/\/www.berchemcare.be\/nl\/wp-json\/wp\/v2\/media?parent=285"}],"curies":[{"name":"wp","href":"https:\/\/api.w.org\/{rel}","templated":true}]}}