{"id":289,"date":"2017-06-27T19:56:00","date_gmt":"2017-06-27T19:56:00","guid":{"rendered":"http:\/\/dev.berchemcare.be\/?page_id=289\/"},"modified":"2023-11-24T08:29:07","modified_gmt":"2023-11-24T08:29:07","slug":"algemene-geneeskunde","status":"publish","type":"page","link":"https:\/\/www.berchemcare.be\/nl\/algemene-geneeskunde\/","title":{"rendered":"Onze huisartsen"},"content":{"rendered":"<div class=\"wpb-content-wrapper\"><p>[vc_row el_class=&#8221;text_intro&#8221;][vc_column][vc_column_text]Forts de leur expertise en m\u00e9decine g\u00e9n\u00e9rale, nos m\u00e9decins offrent des <strong>consultations personnalis\u00e9es et attentionn\u00e9es<\/strong> pour tous les membres de la famille, de la petite enfance aux personnes \u00e2g\u00e9es.<br \/>\nCliquez ci-dessous pour <strong>prendre rendez-vous en ligne<\/strong> en quelques clics avec l&#8217;un de nos m\u00e9decins g\u00e9n\u00e9ralistes.[\/vc_column_text][\/vc_column][\/vc_row][vc_row mobile_visibility=&#8221;hide&#8221;][vc_column][vc_empty_space][\/vc_column][\/vc_row][vc_row column_gap=&#8221;20&#8243; el_class=&#8221;team&#8221;][vc_column width=&#8221;1\/2&#8243; tablet_width=&#8221;1&#8243; tablet_sm_width=&#8221;1&#8243; mobile_width=&#8221;1&#8243; el_class=&#8221;d-flex&#8221;]<div class=\"grve-element grve-image img_medecin grve-align-left\" style=\"\"><img decoding=\"async\" width=\"733\" height=\"731\" src=\"https:\/\/www.berchemcare.be\/files\/uploads\/2017\/09\/Capture-d\u2019e\u0301cran-2018-11-21-a\u0300-22.29.28.png\" class=\"attachment-full size-full\" alt=\"\" srcset=\"https:\/\/www.berchemcare.be\/files\/uploads\/2017\/09\/Capture-d\u2019e\u0301cran-2018-11-21-a\u0300-22.29.28.png 1x,https:\/\/www.berchemcare.be\/files\/uploads\/2017\/09\/Capture-d\u2019e\u0301cran-2018-11-21-a\u0300-22.29.28.png 2x\" \/><\/div>[vc_row_inner el_class=&#8221;col_right&#8221;][vc_column_inner el_class=&#8221;right_col&#8221;]<div class=\"grve-element grve-title grve-align-left grve-h3 subtitle_medecin\" style=\"\"><span>Huisart<\/span><\/div><div class=\"grve-element grve-title grve-align-left grve-h3 title_medecin\" style=\"\"><span>Dr Laurence Havaux<\/span><\/div>[vc_column_text el_class=&#8221;mention&#8221;]<span class=\"langue\">frans<\/span> <span class=\"langue\">dutch<\/span>[\/vc_column_text][vc_column_text el_class=&#8221;text_medecin&#8221;]Consulten op afspraak.<br \/>\nVoor dringende gevallen, ben ik beschikbaar op de: <a href=\"tel:0032483289379\">0483\/28.93.79<\/a>.[\/vc_column_text]<div class=\"grve-element grve-align-left button_medecin\"><a href=\"https:\/\/progenda.be\/calendars\/docteur-havaux-laurence-medecin-generaliste-berchem-sainte-agathe\" target=\"_blank\" class=\"grve-btn grve-btn-medium grve-square grve-bg-primary-1 grve-bg-hover-black\"><span><i class=\"fas fa-chevron-right\"><\/i>Een afspraak maken<\/span><\/a><\/div>[\/vc_column_inner][\/vc_row_inner][\/vc_column][vc_column width=&#8221;1\/2&#8243; tablet_width=&#8221;1&#8243; tablet_sm_width=&#8221;1&#8243; el_class=&#8221;d-flex&#8221;]<div class=\"grve-element grve-image img_medecin grve-align-left\" style=\"\"><img decoding=\"async\" width=\"733\" height=\"733\" src=\"https:\/\/www.berchemcare.be\/files\/uploads\/2017\/09\/Capture-d\u2019e\u0301cran-2018-11-21-a\u0300-22.30.02.png\" class=\"attachment-full size-full\" alt=\"\" srcset=\"https:\/\/www.berchemcare.be\/files\/uploads\/2017\/09\/Capture-d\u2019e\u0301cran-2018-11-21-a\u0300-22.30.02.png 1x,https:\/\/www.berchemcare.be\/files\/uploads\/2017\/09\/Capture-d\u2019e\u0301cran-2018-11-21-a\u0300-22.30.02.png 2x\" \/><\/div>[vc_row_inner el_class=&#8221;col_right&#8221;][vc_column_inner el_class=&#8221;right_col&#8221;]<div class=\"grve-element grve-title grve-align-left grve-h3 subtitle_medecin\" style=\"\"><span>Huisart<\/span><\/div><div class=\"grve-element grve-title grve-align-left grve-h3 title_medecin\" style=\"\"><span>Dr Bernard Bosquart<\/span><\/div>[vc_column_text el_class=&#8221;mention&#8221;]<span class=\"langue\">frans<\/span> <span class=\"langue\">dutch<\/span>[\/vc_column_text][vc_column_text el_class=&#8221;text_medecin&#8221;]U kunt een afspraak maken op de\u00a0: <a href=\"tel:003224275505\">02\/427.55.05<\/a>.[\/vc_column_text]<div class=\"grve-element grve-align-left button_medecin\"><a href=\"tel:003224275505\" target=\"_blank\" class=\"grve-btn grve-btn-medium grve-square grve-bg-primary-1 grve-bg-hover-black\"><span><i class=\"fas fa-chevron-right\"><\/i>Een afspraak maken<\/span><\/a><\/div>[\/vc_column_inner][\/vc_row_inner][\/vc_column][\/vc_row][vc_row column_gap=&#8221;20&#8243; el_class=&#8221;team&#8221;][vc_column width=&#8221;1\/2&#8243; tablet_width=&#8221;1&#8243; tablet_sm_width=&#8221;1&#8243; mobile_width=&#8221;1&#8243; el_class=&#8221;d-flex&#8221;]<div class=\"grve-element grve-image img_medecin grve-align-left\" style=\"\"><img decoding=\"async\" width=\"732\" height=\"733\" src=\"https:\/\/www.berchemcare.be\/files\/uploads\/2017\/09\/Capture-d\u2019e\u0301cran-2018-11-21-a\u0300-22.29.48.png\" class=\"attachment-full size-full\" alt=\"\" srcset=\"https:\/\/www.berchemcare.be\/files\/uploads\/2017\/09\/Capture-d\u2019e\u0301cran-2018-11-21-a\u0300-22.29.48.png 1x,https:\/\/www.berchemcare.be\/files\/uploads\/2017\/09\/Capture-d\u2019e\u0301cran-2018-11-21-a\u0300-22.29.48.png 2x\" \/><\/div>[vc_row_inner el_class=&#8221;col_right&#8221;][vc_column_inner el_class=&#8221;right_col&#8221;]<div class=\"grve-element grve-title grve-align-left grve-h3 subtitle_medecin\" style=\"\"><span>Huisart<\/span><\/div><div class=\"grve-element grve-title grve-align-left grve-h3 title_medecin\" style=\"\"><span>Dr Audrey Havaux<\/span><\/div>[vc_column_text el_class=&#8221;mention&#8221;]<span class=\"langue\">frans<\/span>[\/vc_column_text][vc_column_text el_class=&#8221;text_medecin&#8221;]Consulten op afspraak.<br \/>\nVoor dringende gevallen, ben ik beschikbaar op de: <a href=\"tel:0032488640555\">0488\/64.05.55<\/a>.[\/vc_column_text]<div class=\"grve-element grve-align-left button_medecin\"><a href=\"https:\/\/progenda.be\/calendars\/docteur-havaux-audrey-medecin-generaliste-berchem-sainte-agathe\" target=\"_blank\" class=\"grve-btn grve-btn-medium grve-square grve-bg-primary-1 grve-bg-hover-black\"><span><i class=\"fas fa-chevron-right\"><\/i>Een afspraak maken<\/span><\/a><\/div>[\/vc_column_inner][\/vc_row_inner][\/vc_column][\/vc_row]<\/p>\n<\/div>","protected":false},"excerpt":{"rendered":"<p>[vc_row el_class=&#8221;text_intro&#8221;][vc_column][vc_column_text]Forts de leur expertise en m\u00e9decine g\u00e9n\u00e9rale, nos m\u00e9decins offrent des consultations personnalis\u00e9es et attentionn\u00e9es pour tous les membres de la famille, de la petite enfance aux personnes \u00e2g\u00e9es. Cliquez ci-dessous pour prendre rendez-vous en ligne en quelques clics avec l&#8217;un de nos m\u00e9decins g\u00e9n\u00e9ralistes.[\/vc_column_text][\/vc_column][\/vc_row][vc_row mobile_visibility=&#8221;hide&#8221;][vc_column][vc_empty_space][\/vc_column][\/vc_row][vc_row column_gap=&#8221;20&#8243; el_class=&#8221;team&#8221;][vc_column width=&#8221;1\/2&#8243; tablet_width=&#8221;1&#8243; tablet_sm_width=&#8221;1&#8243; mobile_width=&#8221;1&#8243; el_class=&#8221;d-flex&#8221;][vc_row_inner el_class=&#8221;col_right&#8221;][vc_column_inner [&hellip;]<\/p>\n","protected":false},"author":1,"featured_media":0,"parent":0,"menu_order":0,"comment_status":"closed","ping_status":"closed","template":"","meta":{"footnotes":""},"class_list":["post-289","page","type-page","status-publish","hentry"],"yoast_head":"<!-- This site is optimized with the Yoast SEO plugin v27.3 - https:\/\/yoast.com\/product\/yoast-seo-wordpress\/ -->\n<title>Onze huisartsen - Berchem Care<\/title>\n<meta name=\"description\" content=\"Huisarts in Berchem-Sainte-Agathe - Brussel.\" \/>\n<meta name=\"robots\" content=\"index, follow, max-snippet:-1, max-image-preview:large, max-video-preview:-1\" \/>\n<link rel=\"canonical\" href=\"https:\/\/www.berchemcare.be\/nl\/algemene-geneeskunde\/\" \/>\n<meta property=\"og:locale\" content=\"nl_NL\" \/>\n<meta property=\"og:type\" content=\"article\" \/>\n<meta property=\"og:title\" content=\"Onze huisartsen - Berchem Care\" \/>\n<meta property=\"og:description\" content=\"Huisarts in Berchem-Sainte-Agathe - Brussel.\" \/>\n<meta property=\"og:url\" content=\"https:\/\/www.berchemcare.be\/nl\/algemene-geneeskunde\/\" \/>\n<meta property=\"og:site_name\" content=\"Berchem Care\" \/>\n<meta property=\"article:modified_time\" content=\"2023-11-24T08:29:07+00:00\" \/>\n<meta name=\"twitter:card\" content=\"summary_large_image\" \/>\n<meta name=\"twitter:label1\" content=\"Geschatte leestijd\" \/>\n\t<meta name=\"twitter:data1\" content=\"1 minuut\" \/>\n<script type=\"application\/ld+json\" class=\"yoast-schema-graph\">{\"@context\":\"https:\\\/\\\/schema.org\",\"@graph\":[{\"@type\":\"WebPage\",\"@id\":\"https:\\\/\\\/www.berchemcare.be\\\/nl\\\/algemene-geneeskunde\\\/\",\"url\":\"https:\\\/\\\/www.berchemcare.be\\\/nl\\\/algemene-geneeskunde\\\/\",\"name\":\"Onze huisartsen - Berchem Care\",\"isPartOf\":{\"@id\":\"https:\\\/\\\/www.berchemcare.be\\\/#website\"},\"datePublished\":\"2017-06-27T19:56:00+00:00\",\"dateModified\":\"2023-11-24T08:29:07+00:00\",\"description\":\"Huisarts in Berchem-Sainte-Agathe - Brussel.\",\"breadcrumb\":{\"@id\":\"https:\\\/\\\/www.berchemcare.be\\\/nl\\\/algemene-geneeskunde\\\/#breadcrumb\"},\"inLanguage\":\"nl-NL\",\"potentialAction\":[{\"@type\":\"ReadAction\",\"target\":[\"https:\\\/\\\/www.berchemcare.be\\\/nl\\\/algemene-geneeskunde\\\/\"]}]},{\"@type\":\"BreadcrumbList\",\"@id\":\"https:\\\/\\\/www.berchemcare.be\\\/nl\\\/algemene-geneeskunde\\\/#breadcrumb\",\"itemListElement\":[{\"@type\":\"ListItem\",\"position\":1,\"name\":\"Home\",\"item\":\"https:\\\/\\\/www.berchemcare.be\\\/nl\\\/\"},{\"@type\":\"ListItem\",\"position\":2,\"name\":\"Onze huisartsen\"}]},{\"@type\":\"WebSite\",\"@id\":\"https:\\\/\\\/www.berchemcare.be\\\/#website\",\"url\":\"https:\\\/\\\/www.berchemcare.be\\\/\",\"name\":\"Berchem Care\",\"description\":\"Medische praktijk\u00a0te Sint-Agatha-Berchem\",\"potentialAction\":[{\"@type\":\"SearchAction\",\"target\":{\"@type\":\"EntryPoint\",\"urlTemplate\":\"https:\\\/\\\/www.berchemcare.be\\\/?s={search_term_string}\"},\"query-input\":{\"@type\":\"PropertyValueSpecification\",\"valueRequired\":true,\"valueName\":\"search_term_string\"}}],\"inLanguage\":\"nl-NL\"}]}<\/script>\n<!-- \/ Yoast SEO plugin. -->","yoast_head_json":{"title":"Onze huisartsen - Berchem Care","description":"Huisarts in Berchem-Sainte-Agathe - Brussel.","robots":{"index":"index","follow":"follow","max-snippet":"max-snippet:-1","max-image-preview":"max-image-preview:large","max-video-preview":"max-video-preview:-1"},"canonical":"https:\/\/www.berchemcare.be\/nl\/algemene-geneeskunde\/","og_locale":"nl_NL","og_type":"article","og_title":"Onze huisartsen - Berchem Care","og_description":"Huisarts in Berchem-Sainte-Agathe - Brussel.","og_url":"https:\/\/www.berchemcare.be\/nl\/algemene-geneeskunde\/","og_site_name":"Berchem Care","article_modified_time":"2023-11-24T08:29:07+00:00","twitter_card":"summary_large_image","twitter_misc":{"Geschatte leestijd":"1 minuut"},"schema":{"@context":"https:\/\/schema.org","@graph":[{"@type":"WebPage","@id":"https:\/\/www.berchemcare.be\/nl\/algemene-geneeskunde\/","url":"https:\/\/www.berchemcare.be\/nl\/algemene-geneeskunde\/","name":"Onze huisartsen - Berchem Care","isPartOf":{"@id":"https:\/\/www.berchemcare.be\/#website"},"datePublished":"2017-06-27T19:56:00+00:00","dateModified":"2023-11-24T08:29:07+00:00","description":"Huisarts in Berchem-Sainte-Agathe - Brussel.","breadcrumb":{"@id":"https:\/\/www.berchemcare.be\/nl\/algemene-geneeskunde\/#breadcrumb"},"inLanguage":"nl-NL","potentialAction":[{"@type":"ReadAction","target":["https:\/\/www.berchemcare.be\/nl\/algemene-geneeskunde\/"]}]},{"@type":"BreadcrumbList","@id":"https:\/\/www.berchemcare.be\/nl\/algemene-geneeskunde\/#breadcrumb","itemListElement":[{"@type":"ListItem","position":1,"name":"Home","item":"https:\/\/www.berchemcare.be\/nl\/"},{"@type":"ListItem","position":2,"name":"Onze huisartsen"}]},{"@type":"WebSite","@id":"https:\/\/www.berchemcare.be\/#website","url":"https:\/\/www.berchemcare.be\/","name":"Berchem Care","description":"Medische praktijk\u00a0te Sint-Agatha-Berchem","potentialAction":[{"@type":"SearchAction","target":{"@type":"EntryPoint","urlTemplate":"https:\/\/www.berchemcare.be\/?s={search_term_string}"},"query-input":{"@type":"PropertyValueSpecification","valueRequired":true,"valueName":"search_term_string"}}],"inLanguage":"nl-NL"}]}},"_links":{"self":[{"href":"https:\/\/www.berchemcare.be\/nl\/wp-json\/wp\/v2\/pages\/289","targetHints":{"allow":["GET"]}}],"collection":[{"href":"https:\/\/www.berchemcare.be\/nl\/wp-json\/wp\/v2\/pages"}],"about":[{"href":"https:\/\/www.berchemcare.be\/nl\/wp-json\/wp\/v2\/types\/page"}],"author":[{"embeddable":true,"href":"https:\/\/www.berchemcare.be\/nl\/wp-json\/wp\/v2\/users\/1"}],"replies":[{"embeddable":true,"href":"https:\/\/www.berchemcare.be\/nl\/wp-json\/wp\/v2\/comments?post=289"}],"version-history":[{"count":20,"href":"https:\/\/www.berchemcare.be\/nl\/wp-json\/wp\/v2\/pages\/289\/revisions"}],"predecessor-version":[{"id":1439,"href":"https:\/\/www.berchemcare.be\/nl\/wp-json\/wp\/v2\/pages\/289\/revisions\/1439"}],"wp:attachment":[{"href":"https:\/\/www.berchemcare.be\/nl\/wp-json\/wp\/v2\/media?parent=289"}],"curies":[{"name":"wp","href":"https:\/\/api.w.org\/{rel}","templated":true}]}}