{"id":982,"date":"2018-05-01T10:22:59","date_gmt":"2018-05-01T10:22:59","guid":{"rendered":"https:\/\/www.berchemcare.be\/onze-raadplegingen\/gespecialiseerde-geneeskunde\/gynecologie-obstetrique\/"},"modified":"2023-11-24T08:32:17","modified_gmt":"2023-11-24T08:32:17","slug":"digestieve-heelkunde","status":"publish","type":"page","link":"https:\/\/www.berchemcare.be\/nl\/digestieve-heelkunde\/","title":{"rendered":"Digestieve heelkunde"},"content":{"rendered":"<div class=\"wpb-content-wrapper\"><p>[vc_row el_class=&#8221;text_intro&#8221;][vc_column][vc_column_text]Nos professionnels de la chirurgie digestive sont exp\u00e9riment\u00e9s dans le traitement des affections li\u00e9es au syst\u00e8me gastro-intestinal, allant des pathologies courantes aux cas plus complexes. Ils offrent des <strong>consultations approfondies<\/strong>, mettant en \u0153uvre leur expertise pour \u00e9tablir des diagnostics pr\u00e9cis et des plans de traitement adapt\u00e9s \u00e0 chaque patient.<br \/>\nDe la prise en charge des troubles digestifs aux interventions visant \u00e0 traiter l&#8217;ob\u00e9sit\u00e9, notre \u00e9quipe m\u00e9dicale d\u00e9di\u00e9e assure un <strong>suivi attentif<\/strong> \u00e0 chaque \u00e9tape du processus.<br \/>\nCliquez ci-dessous pour <strong>planifier votre rendez-vous en ligne<\/strong> en quelques clics avec l&#8217;un de nos chirurgiens[\/vc_column_text][\/vc_column][\/vc_row][vc_row mobile_visibility=&#8221;hide&#8221;][vc_column][vc_empty_space][\/vc_column][\/vc_row][vc_row column_gap=&#8221;20&#8243; el_class=&#8221;team team_spe&#8221;][vc_column width=&#8221;1\/2&#8243; tablet_width=&#8221;1&#8243; tablet_sm_width=&#8221;1&#8243; mobile_width=&#8221;1&#8243; el_class=&#8221;d-flex&#8221;]<div class=\"grve-element grve-image img_medecin grve-align-left\" style=\"\"><img decoding=\"async\" width=\"450\" height=\"450\" src=\"https:\/\/www.berchemcare.be\/files\/uploads\/2023\/11\/doctor-woman.png\" class=\"attachment-full size-full\" alt=\"\" srcset=\"https:\/\/www.berchemcare.be\/files\/uploads\/2023\/11\/doctor-woman.png 1x,https:\/\/www.berchemcare.be\/files\/uploads\/2023\/11\/doctor-woman.png 2x\" \/><\/div>[vc_row_inner el_class=&#8221;col_right&#8221;][vc_column_inner el_class=&#8221;right_col&#8221;]<div class=\"grve-element grve-title grve-align-left grve-h3 subtitle_medecin\" style=\"\"><span>Chirurgienne digestive<\/span><\/div><div class=\"grve-element grve-title grve-align-left grve-h3 title_medecin\" style=\"\"><span>Dr Julie Carro Valdes<\/span><\/div>[vc_column_text el_class=&#8221;mention&#8221;]<span class=\"langue\">frans<\/span>[\/vc_column_text][vc_column_text el_class=&#8221;text_medecin&#8221;]Consulten op afspraak op <a href=\"tel:003224275505\">02\/427.55.05<\/a>.[\/vc_column_text]<div class=\"grve-element grve-align-left button_medecin\"><a href=\"tel:003224275505\" target=\"_blank\" class=\"grve-btn grve-btn-medium grve-square grve-bg-primary-1 grve-bg-hover-black\"><span><i class=\"fas fa-chevron-right\"><\/i>Een afspraak maken<\/span><\/a><\/div>[\/vc_column_inner][\/vc_row_inner][\/vc_column][\/vc_row]<\/p>\n<\/div>","protected":false},"excerpt":{"rendered":"<p>[vc_row el_class=&#8221;text_intro&#8221;][vc_column][vc_column_text]Nos professionnels de la chirurgie digestive sont exp\u00e9riment\u00e9s dans le traitement des affections li\u00e9es au syst\u00e8me gastro-intestinal, allant des pathologies courantes aux cas plus complexes. Ils offrent des consultations approfondies, mettant en \u0153uvre leur expertise pour \u00e9tablir des diagnostics pr\u00e9cis et des plans de traitement adapt\u00e9s \u00e0 chaque patient. De la prise en charge [&hellip;]<\/p>\n","protected":false},"author":1,"featured_media":0,"parent":0,"menu_order":0,"comment_status":"closed","ping_status":"closed","template":"","meta":{"footnotes":""},"class_list":["post-982","page","type-page","status-publish","hentry"],"yoast_head":"<!-- This site is optimized with the Yoast SEO plugin v27.3 - https:\/\/yoast.com\/product\/yoast-seo-wordpress\/ -->\n<title>Digestieve heelkunde - Berchem Care<\/title>\n<meta name=\"robots\" content=\"index, follow, max-snippet:-1, max-image-preview:large, max-video-preview:-1\" \/>\n<link rel=\"canonical\" href=\"https:\/\/www.berchemcare.be\/nl\/digestieve-heelkunde\/\" \/>\n<meta property=\"og:locale\" content=\"nl_NL\" \/>\n<meta property=\"og:type\" content=\"article\" \/>\n<meta property=\"og:title\" content=\"Digestieve heelkunde - Berchem Care\" \/>\n<meta property=\"og:description\" content=\"[vc_row el_class=&#8221;text_intro&#8221;][vc_column][vc_column_text]Nos professionnels de la chirurgie digestive sont exp\u00e9riment\u00e9s dans le traitement des affections li\u00e9es au syst\u00e8me gastro-intestinal, allant des pathologies courantes aux cas plus complexes. Ils offrent des consultations approfondies, mettant en \u0153uvre leur expertise pour \u00e9tablir des diagnostics pr\u00e9cis et des plans de traitement adapt\u00e9s \u00e0 chaque patient. De la prise en charge [&hellip;]\" \/>\n<meta property=\"og:url\" content=\"https:\/\/www.berchemcare.be\/nl\/digestieve-heelkunde\/\" \/>\n<meta property=\"og:site_name\" content=\"Berchem Care\" \/>\n<meta property=\"article:modified_time\" content=\"2023-11-24T08:32:17+00:00\" \/>\n<meta name=\"twitter:card\" content=\"summary_large_image\" \/>\n<meta name=\"twitter:label1\" content=\"Geschatte leestijd\" \/>\n\t<meta name=\"twitter:data1\" content=\"1 minuut\" \/>\n<script type=\"application\/ld+json\" class=\"yoast-schema-graph\">{\"@context\":\"https:\\\/\\\/schema.org\",\"@graph\":[{\"@type\":\"WebPage\",\"@id\":\"https:\\\/\\\/www.berchemcare.be\\\/nl\\\/digestieve-heelkunde\\\/\",\"url\":\"https:\\\/\\\/www.berchemcare.be\\\/nl\\\/digestieve-heelkunde\\\/\",\"name\":\"Digestieve heelkunde - Berchem Care\",\"isPartOf\":{\"@id\":\"https:\\\/\\\/www.berchemcare.be\\\/#website\"},\"datePublished\":\"2018-05-01T10:22:59+00:00\",\"dateModified\":\"2023-11-24T08:32:17+00:00\",\"breadcrumb\":{\"@id\":\"https:\\\/\\\/www.berchemcare.be\\\/nl\\\/digestieve-heelkunde\\\/#breadcrumb\"},\"inLanguage\":\"nl-NL\",\"potentialAction\":[{\"@type\":\"ReadAction\",\"target\":[\"https:\\\/\\\/www.berchemcare.be\\\/nl\\\/digestieve-heelkunde\\\/\"]}]},{\"@type\":\"BreadcrumbList\",\"@id\":\"https:\\\/\\\/www.berchemcare.be\\\/nl\\\/digestieve-heelkunde\\\/#breadcrumb\",\"itemListElement\":[{\"@type\":\"ListItem\",\"position\":1,\"name\":\"Home\",\"item\":\"https:\\\/\\\/www.berchemcare.be\\\/nl\\\/\"},{\"@type\":\"ListItem\",\"position\":2,\"name\":\"Digestieve heelkunde\"}]},{\"@type\":\"WebSite\",\"@id\":\"https:\\\/\\\/www.berchemcare.be\\\/#website\",\"url\":\"https:\\\/\\\/www.berchemcare.be\\\/\",\"name\":\"Berchem Care\",\"description\":\"Medische praktijk\u00a0te Sint-Agatha-Berchem\",\"potentialAction\":[{\"@type\":\"SearchAction\",\"target\":{\"@type\":\"EntryPoint\",\"urlTemplate\":\"https:\\\/\\\/www.berchemcare.be\\\/?s={search_term_string}\"},\"query-input\":{\"@type\":\"PropertyValueSpecification\",\"valueRequired\":true,\"valueName\":\"search_term_string\"}}],\"inLanguage\":\"nl-NL\"}]}<\/script>\n<!-- \/ Yoast SEO plugin. -->","yoast_head_json":{"title":"Digestieve heelkunde - Berchem Care","robots":{"index":"index","follow":"follow","max-snippet":"max-snippet:-1","max-image-preview":"max-image-preview:large","max-video-preview":"max-video-preview:-1"},"canonical":"https:\/\/www.berchemcare.be\/nl\/digestieve-heelkunde\/","og_locale":"nl_NL","og_type":"article","og_title":"Digestieve heelkunde - Berchem Care","og_description":"[vc_row el_class=&#8221;text_intro&#8221;][vc_column][vc_column_text]Nos professionnels de la chirurgie digestive sont exp\u00e9riment\u00e9s dans le traitement des affections li\u00e9es au syst\u00e8me gastro-intestinal, allant des pathologies courantes aux cas plus complexes. Ils offrent des consultations approfondies, mettant en \u0153uvre leur expertise pour \u00e9tablir des diagnostics pr\u00e9cis et des plans de traitement adapt\u00e9s \u00e0 chaque patient. De la prise en charge [&hellip;]","og_url":"https:\/\/www.berchemcare.be\/nl\/digestieve-heelkunde\/","og_site_name":"Berchem Care","article_modified_time":"2023-11-24T08:32:17+00:00","twitter_card":"summary_large_image","twitter_misc":{"Geschatte leestijd":"1 minuut"},"schema":{"@context":"https:\/\/schema.org","@graph":[{"@type":"WebPage","@id":"https:\/\/www.berchemcare.be\/nl\/digestieve-heelkunde\/","url":"https:\/\/www.berchemcare.be\/nl\/digestieve-heelkunde\/","name":"Digestieve heelkunde - Berchem Care","isPartOf":{"@id":"https:\/\/www.berchemcare.be\/#website"},"datePublished":"2018-05-01T10:22:59+00:00","dateModified":"2023-11-24T08:32:17+00:00","breadcrumb":{"@id":"https:\/\/www.berchemcare.be\/nl\/digestieve-heelkunde\/#breadcrumb"},"inLanguage":"nl-NL","potentialAction":[{"@type":"ReadAction","target":["https:\/\/www.berchemcare.be\/nl\/digestieve-heelkunde\/"]}]},{"@type":"BreadcrumbList","@id":"https:\/\/www.berchemcare.be\/nl\/digestieve-heelkunde\/#breadcrumb","itemListElement":[{"@type":"ListItem","position":1,"name":"Home","item":"https:\/\/www.berchemcare.be\/nl\/"},{"@type":"ListItem","position":2,"name":"Digestieve heelkunde"}]},{"@type":"WebSite","@id":"https:\/\/www.berchemcare.be\/#website","url":"https:\/\/www.berchemcare.be\/","name":"Berchem Care","description":"Medische praktijk\u00a0te Sint-Agatha-Berchem","potentialAction":[{"@type":"SearchAction","target":{"@type":"EntryPoint","urlTemplate":"https:\/\/www.berchemcare.be\/?s={search_term_string}"},"query-input":{"@type":"PropertyValueSpecification","valueRequired":true,"valueName":"search_term_string"}}],"inLanguage":"nl-NL"}]}},"_links":{"self":[{"href":"https:\/\/www.berchemcare.be\/nl\/wp-json\/wp\/v2\/pages\/982","targetHints":{"allow":["GET"]}}],"collection":[{"href":"https:\/\/www.berchemcare.be\/nl\/wp-json\/wp\/v2\/pages"}],"about":[{"href":"https:\/\/www.berchemcare.be\/nl\/wp-json\/wp\/v2\/types\/page"}],"author":[{"embeddable":true,"href":"https:\/\/www.berchemcare.be\/nl\/wp-json\/wp\/v2\/users\/1"}],"replies":[{"embeddable":true,"href":"https:\/\/www.berchemcare.be\/nl\/wp-json\/wp\/v2\/comments?post=982"}],"version-history":[{"count":7,"href":"https:\/\/www.berchemcare.be\/nl\/wp-json\/wp\/v2\/pages\/982\/revisions"}],"predecessor-version":[{"id":1441,"href":"https:\/\/www.berchemcare.be\/nl\/wp-json\/wp\/v2\/pages\/982\/revisions\/1441"}],"wp:attachment":[{"href":"https:\/\/www.berchemcare.be\/nl\/wp-json\/wp\/v2\/media?parent=982"}],"curies":[{"name":"wp","href":"https:\/\/api.w.org\/{rel}","templated":true}]}}