{"id":985,"date":"2017-07-04T19:43:01","date_gmt":"2017-07-04T19:43:01","guid":{"rendered":"https:\/\/www.berchemcare.be\/onze-raadplegingen\/paramedische-beroepen\/kinesitherapie\/"},"modified":"2023-11-24T08:36:38","modified_gmt":"2023-11-24T08:36:38","slug":"kinesitherapie","status":"publish","type":"page","link":"https:\/\/www.berchemcare.be\/nl\/kinesitherapie\/","title":{"rendered":"Kin\u00e9sith\u00e9rapie"},"content":{"rendered":"<div class=\"wpb-content-wrapper\"><p>[vc_row el_class=&#8221;text_intro&#8221;][vc_column][vc_column_text]Notre \u00e9quipe de kin\u00e9sith\u00e9rapeutes qualifi\u00e9s met \u00e0 votre disposition <strong>une expertise diversifi\u00e9e<\/strong>, couvrant une gamme \u00e9tendue de troubles musculo-squelettiques et de conditions physiques. Que ce soit pour traiter des <strong>blessures<\/strong> sportives, des <strong>douleurs<\/strong> chroniques ou pour accompagner la <strong>r\u00e9\u00e9ducation<\/strong> apr\u00e8s une intervention chirurgicale, nos professionnels s&#8217;engagent \u00e0 offrir des soins attentifs et sp\u00e9cialis\u00e9s.<br \/>\n<strong>Planifiez facilement votre s\u00e9ance en ligne<\/strong> avec l&#8217;un de nos kin\u00e9sith\u00e9rapeutes en cliquant ci-dessous.[\/vc_column_text][\/vc_column][\/vc_row][vc_row mobile_visibility=&#8221;hide&#8221;][vc_column][vc_empty_space][\/vc_column][\/vc_row][vc_row column_gap=&#8221;20&#8243; el_class=&#8221;team team_kine&#8221;][vc_column width=&#8221;1\/2&#8243; tablet_width=&#8221;1&#8243; tablet_sm_width=&#8221;1&#8243; mobile_width=&#8221;1&#8243; el_class=&#8221;d-flex&#8221;]<div class=\"grve-element grve-image img_medecin grve-align-left\" style=\"\"><img decoding=\"async\" width=\"596\" height=\"624\" src=\"https:\/\/www.berchemcare.be\/files\/uploads\/2019\/01\/Capture-de\u0301cran-2023-06-25-a\u0300-20.05.29.png\" class=\"attachment-full size-full\" alt=\"\" srcset=\"https:\/\/www.berchemcare.be\/files\/uploads\/2019\/01\/Capture-de\u0301cran-2023-06-25-a\u0300-20.05.29.png 1x,https:\/\/www.berchemcare.be\/files\/uploads\/2019\/01\/Capture-de\u0301cran-2023-06-25-a\u0300-20.05.29.png 2x\" \/><\/div>[vc_row_inner el_class=&#8221;col_right&#8221;][vc_column_inner el_class=&#8221;right_col&#8221;]<div class=\"grve-element grve-title grve-align-left grve-h3 subtitle_medecin\" style=\"\"><span>Kin\u00e9sith\u00e9rapeute<\/span><\/div><div class=\"grve-element grve-title grve-align-left grve-h3 title_medecin\" style=\"\"><span>Hubert Iradukunda<\/span><\/div>[vc_column_text el_class=&#8221;mention&#8221;]<span class=\"langue\">frans<\/span>[\/vc_column_text][vc_column_text el_class=&#8221;text_medecin&#8221;]Consultations sur rendez-vous.<br \/>\nEn cas d\u2019urgence, vous pouvez me contacter au num\u00e9ro suivant : <a href=\"tel:0032470049961\">0470\/04.99.61<\/a>.[\/vc_column_text]<div class=\"grve-element grve-title grve-align-left grve-h3 subtitle_spe\" style=\"\"><span>Sp\u00e9cialisations :<\/span><\/div>[vc_column_text el_class=&#8221;text_medecin list_spe&#8221;]<\/p>\n<ul>\n<li>Orthop\u00e9die et traumatologie<\/li>\n<li>Drainage lymphatique manuel<\/li>\n<li>Crochetage<\/li>\n<li>Kin\u00e9sith\u00e9rapie respiratoire p\u00e9diatrique<\/li>\n<\/ul>\n<p>[\/vc_column_text]<div class=\"grve-element grve-align-left button_medecin\"><a href=\"https:\/\/progenda.be\/calendars\/iradukunda-hubert-kinesitherapeute-berchem-sainte-agathe\" target=\"_blank\" class=\"grve-btn grve-btn-medium grve-square grve-bg-primary-1 grve-bg-hover-black\"><span><i class=\"fas fa-chevron-right\"><\/i>Prendre rendez-vous<\/span><\/a><\/div>[\/vc_column_inner][\/vc_row_inner][\/vc_column][vc_column width=&#8221;1\/2&#8243; tablet_width=&#8221;1&#8243; tablet_sm_width=&#8221;1&#8243; el_class=&#8221;d-flex&#8221;]<div class=\"grve-element grve-image img_medecin grve-align-left\" style=\"\"><img decoding=\"async\" width=\"3024\" height=\"2932\" src=\"https:\/\/www.berchemcare.be\/files\/uploads\/2020\/11\/Photo_Antoine_Pierard-2.jpg\" class=\"attachment-full size-full\" alt=\"\" srcset=\"https:\/\/www.berchemcare.be\/files\/uploads\/2020\/11\/Photo_Antoine_Pierard-2.jpg 1x,https:\/\/www.berchemcare.be\/files\/uploads\/2020\/11\/Photo_Antoine_Pierard-2.jpg 2x\" \/><\/div>[vc_row_inner el_class=&#8221;col_right&#8221;][vc_column_inner el_class=&#8221;right_col&#8221;]<div class=\"grve-element grve-title grve-align-left grve-h3 subtitle_medecin\" style=\"\"><span>Kin\u00e9sith\u00e9rapeute<\/span><\/div><div class=\"grve-element grve-title grve-align-left grve-h3 title_medecin\" style=\"\"><span>Antoine Pierard<\/span><\/div>[vc_column_text el_class=&#8221;mention&#8221;]<span class=\"langue\">frans<\/span>[\/vc_column_text][vc_column_text el_class=&#8221;text_medecin&#8221;]Consultations sur rendez-vous au num\u00e9ro suivant : <a href=\"tel:0032470915938\">0470\/91.59.38<\/a> ou par mail <a href=\"mailto:apierard.kine@gmail.com\">apierard.kine@gmail.com<\/a>[\/vc_column_text]<div class=\"grve-element grve-title grve-align-left grve-h3 subtitle_spe\" style=\"\"><span>Sp\u00e9cialisations :<\/span><\/div>[vc_column_text el_class=&#8221;text_medecin list_spe&#8221;]<\/p>\n<ul>\n<li>Orthop\u00e9die, traumatologie et rhumatologie<\/li>\n<li>Crochetage, knife<\/li>\n<li>Prise en charge manuelle des c\u00e9phal\u00e9es cervicog\u00e9niques<\/li>\n<li>Prise en charge des pathologies de l\u2019articulation temporo-mandibulaire<\/li>\n<li>M\u00e9thode McKenzie pour les pathologies du rachis<\/li>\n<\/ul>\n<p>[\/vc_column_text]<div class=\"grve-element grve-align-left button_medecin\"><a href=\"tel:032470915938\" target=\"_blank\" class=\"grve-btn grve-btn-medium grve-square grve-bg-primary-1 grve-bg-hover-black\"><span><i class=\"fas fa-chevron-right\"><\/i>Prendre rendez-vous<\/span><\/a><\/div>[\/vc_column_inner][\/vc_row_inner][\/vc_column][\/vc_row][vc_row column_gap=&#8221;20&#8243; el_class=&#8221;team team_kine&#8221;][vc_column width=&#8221;1\/2&#8243; tablet_width=&#8221;1&#8243; tablet_sm_width=&#8221;1&#8243; mobile_width=&#8221;1&#8243; el_class=&#8221;d-flex&#8221;]<div class=\"grve-element grve-image img_medecin grve-align-left\" style=\"\"><img decoding=\"async\" width=\"450\" height=\"450\" src=\"https:\/\/www.berchemcare.be\/files\/uploads\/2023\/11\/doctor-man.png\" class=\"attachment-full size-full\" alt=\"\" srcset=\"https:\/\/www.berchemcare.be\/files\/uploads\/2023\/11\/doctor-man.png 1x,https:\/\/www.berchemcare.be\/files\/uploads\/2023\/11\/doctor-man.png 2x\" \/><\/div>[vc_row_inner el_class=&#8221;col_right&#8221;][vc_column_inner el_class=&#8221;right_col&#8221;]<div class=\"grve-element grve-title grve-align-left grve-h3 subtitle_medecin\" style=\"\"><span>Kin\u00e9sith\u00e9rapeute<\/span><\/div><div class=\"grve-element grve-title grve-align-left grve-h3 title_medecin\" style=\"\"><span>Antoine Claude<\/span><\/div>[vc_column_text el_class=&#8221;mention&#8221;]<span class=\"langue\">frans<\/span>[\/vc_column_text][vc_column_text el_class=&#8221;text_medecin&#8221;]Consultations sur rendez-vous au num\u00e9ro suivant <a href=\"tel:0032471187360\">0471\/18.73.60<\/a> ou par mail <a href=\"mailto:aclaude.kine@gmail.com\">aclaude.kine@gmail.com<\/a>[\/vc_column_text]<div class=\"grve-element grve-align-left button_medecin\"><a href=\"tel:0032471187360\" target=\"_blank\" class=\"grve-btn grve-btn-medium grve-square grve-bg-primary-1 grve-bg-hover-black\"><span><i class=\"fas fa-chevron-right\"><\/i>Prendre rendez-vous<\/span><\/a><\/div>[\/vc_column_inner][\/vc_row_inner][\/vc_column][\/vc_row]<\/p>\n<\/div>","protected":false},"excerpt":{"rendered":"<p>[vc_row el_class=&#8221;text_intro&#8221;][vc_column][vc_column_text]Notre \u00e9quipe de kin\u00e9sith\u00e9rapeutes qualifi\u00e9s met \u00e0 votre disposition une expertise diversifi\u00e9e, couvrant une gamme \u00e9tendue de troubles musculo-squelettiques et de conditions physiques. Que ce soit pour traiter des blessures sportives, des douleurs chroniques ou pour accompagner la r\u00e9\u00e9ducation apr\u00e8s une intervention chirurgicale, nos professionnels s&#8217;engagent \u00e0 offrir des soins attentifs et sp\u00e9cialis\u00e9s. Planifiez [&hellip;]<\/p>\n","protected":false},"author":1,"featured_media":986,"parent":0,"menu_order":0,"comment_status":"closed","ping_status":"closed","template":"","meta":{"footnotes":""},"class_list":["post-985","page","type-page","status-publish","has-post-thumbnail","hentry"],"yoast_head":"<!-- This site is optimized with the Yoast SEO plugin v27.3 - https:\/\/yoast.com\/product\/yoast-seo-wordpress\/ -->\n<title>Kin\u00e9sith\u00e9rapie - Berchem Care<\/title>\n<meta name=\"description\" content=\"Le cabinet m\u00e9dical Berchem Care \u00e0 Berchem-Sainte-Agathe vous propose ses services de kin\u00e9sith\u00e9rapies.\" \/>\n<meta name=\"robots\" content=\"index, follow, max-snippet:-1, max-image-preview:large, max-video-preview:-1\" \/>\n<link rel=\"canonical\" href=\"https:\/\/www.berchemcare.be\/nl\/kinesitherapie\/\" \/>\n<meta property=\"og:locale\" content=\"nl_NL\" \/>\n<meta property=\"og:type\" content=\"article\" \/>\n<meta property=\"og:title\" content=\"Kin\u00e9sith\u00e9rapie - Berchem Care\" \/>\n<meta property=\"og:description\" content=\"Le cabinet m\u00e9dical Berchem Care \u00e0 Berchem-Sainte-Agathe vous propose ses services de kin\u00e9sith\u00e9rapies.\" \/>\n<meta property=\"og:url\" content=\"https:\/\/www.berchemcare.be\/nl\/kinesitherapie\/\" \/>\n<meta property=\"og:site_name\" content=\"Berchem Care\" \/>\n<meta property=\"article:modified_time\" content=\"2023-11-24T08:36:38+00:00\" \/>\n<meta property=\"og:image\" content=\"https:\/\/www.berchemcare.be\/files\/uploads\/2017\/07\/kinesitherapie.jpg\" \/>\n\t<meta property=\"og:image:width\" content=\"1280\" \/>\n\t<meta property=\"og:image:height\" content=\"960\" \/>\n\t<meta property=\"og:image:type\" content=\"image\/jpeg\" \/>\n<meta name=\"twitter:card\" content=\"summary_large_image\" \/>\n<meta name=\"twitter:label1\" content=\"Geschatte leestijd\" \/>\n\t<meta name=\"twitter:data1\" content=\"2 minuten\" \/>\n<script type=\"application\/ld+json\" class=\"yoast-schema-graph\">{\"@context\":\"https:\\\/\\\/schema.org\",\"@graph\":[{\"@type\":\"WebPage\",\"@id\":\"https:\\\/\\\/www.berchemcare.be\\\/nl\\\/kinesitherapie\\\/\",\"url\":\"https:\\\/\\\/www.berchemcare.be\\\/nl\\\/kinesitherapie\\\/\",\"name\":\"Kin\u00e9sith\u00e9rapie - Berchem Care\",\"isPartOf\":{\"@id\":\"https:\\\/\\\/www.berchemcare.be\\\/#website\"},\"primaryImageOfPage\":{\"@id\":\"https:\\\/\\\/www.berchemcare.be\\\/nl\\\/kinesitherapie\\\/#primaryimage\"},\"image\":{\"@id\":\"https:\\\/\\\/www.berchemcare.be\\\/nl\\\/kinesitherapie\\\/#primaryimage\"},\"thumbnailUrl\":\"https:\\\/\\\/www.berchemcare.be\\\/files\\\/uploads\\\/2017\\\/07\\\/kinesitherapie.jpg\",\"datePublished\":\"2017-07-04T19:43:01+00:00\",\"dateModified\":\"2023-11-24T08:36:38+00:00\",\"description\":\"Le cabinet m\u00e9dical Berchem Care \u00e0 Berchem-Sainte-Agathe vous propose ses services de kin\u00e9sith\u00e9rapies.\",\"breadcrumb\":{\"@id\":\"https:\\\/\\\/www.berchemcare.be\\\/nl\\\/kinesitherapie\\\/#breadcrumb\"},\"inLanguage\":\"nl-NL\",\"potentialAction\":[{\"@type\":\"ReadAction\",\"target\":[\"https:\\\/\\\/www.berchemcare.be\\\/nl\\\/kinesitherapie\\\/\"]}]},{\"@type\":\"ImageObject\",\"inLanguage\":\"nl-NL\",\"@id\":\"https:\\\/\\\/www.berchemcare.be\\\/nl\\\/kinesitherapie\\\/#primaryimage\",\"url\":\"https:\\\/\\\/www.berchemcare.be\\\/files\\\/uploads\\\/2017\\\/07\\\/kinesitherapie.jpg\",\"contentUrl\":\"https:\\\/\\\/www.berchemcare.be\\\/files\\\/uploads\\\/2017\\\/07\\\/kinesitherapie.jpg\",\"width\":1280,\"height\":960},{\"@type\":\"BreadcrumbList\",\"@id\":\"https:\\\/\\\/www.berchemcare.be\\\/nl\\\/kinesitherapie\\\/#breadcrumb\",\"itemListElement\":[{\"@type\":\"ListItem\",\"position\":1,\"name\":\"Home\",\"item\":\"https:\\\/\\\/www.berchemcare.be\\\/nl\\\/\"},{\"@type\":\"ListItem\",\"position\":2,\"name\":\"Kin\u00e9sith\u00e9rapie\"}]},{\"@type\":\"WebSite\",\"@id\":\"https:\\\/\\\/www.berchemcare.be\\\/#website\",\"url\":\"https:\\\/\\\/www.berchemcare.be\\\/\",\"name\":\"Berchem Care\",\"description\":\"Medische praktijk\u00a0te Sint-Agatha-Berchem\",\"potentialAction\":[{\"@type\":\"SearchAction\",\"target\":{\"@type\":\"EntryPoint\",\"urlTemplate\":\"https:\\\/\\\/www.berchemcare.be\\\/?s={search_term_string}\"},\"query-input\":{\"@type\":\"PropertyValueSpecification\",\"valueRequired\":true,\"valueName\":\"search_term_string\"}}],\"inLanguage\":\"nl-NL\"}]}<\/script>\n<!-- \/ Yoast SEO plugin. -->","yoast_head_json":{"title":"Kin\u00e9sith\u00e9rapie - Berchem Care","description":"Le cabinet m\u00e9dical Berchem Care \u00e0 Berchem-Sainte-Agathe vous propose ses services de kin\u00e9sith\u00e9rapies.","robots":{"index":"index","follow":"follow","max-snippet":"max-snippet:-1","max-image-preview":"max-image-preview:large","max-video-preview":"max-video-preview:-1"},"canonical":"https:\/\/www.berchemcare.be\/nl\/kinesitherapie\/","og_locale":"nl_NL","og_type":"article","og_title":"Kin\u00e9sith\u00e9rapie - Berchem Care","og_description":"Le cabinet m\u00e9dical Berchem Care \u00e0 Berchem-Sainte-Agathe vous propose ses services de kin\u00e9sith\u00e9rapies.","og_url":"https:\/\/www.berchemcare.be\/nl\/kinesitherapie\/","og_site_name":"Berchem Care","article_modified_time":"2023-11-24T08:36:38+00:00","og_image":[{"width":1280,"height":960,"url":"https:\/\/www.berchemcare.be\/files\/uploads\/2017\/07\/kinesitherapie.jpg","type":"image\/jpeg"}],"twitter_card":"summary_large_image","twitter_misc":{"Geschatte leestijd":"2 minuten"},"schema":{"@context":"https:\/\/schema.org","@graph":[{"@type":"WebPage","@id":"https:\/\/www.berchemcare.be\/nl\/kinesitherapie\/","url":"https:\/\/www.berchemcare.be\/nl\/kinesitherapie\/","name":"Kin\u00e9sith\u00e9rapie - Berchem Care","isPartOf":{"@id":"https:\/\/www.berchemcare.be\/#website"},"primaryImageOfPage":{"@id":"https:\/\/www.berchemcare.be\/nl\/kinesitherapie\/#primaryimage"},"image":{"@id":"https:\/\/www.berchemcare.be\/nl\/kinesitherapie\/#primaryimage"},"thumbnailUrl":"https:\/\/www.berchemcare.be\/files\/uploads\/2017\/07\/kinesitherapie.jpg","datePublished":"2017-07-04T19:43:01+00:00","dateModified":"2023-11-24T08:36:38+00:00","description":"Le cabinet m\u00e9dical Berchem Care \u00e0 Berchem-Sainte-Agathe vous propose ses services de kin\u00e9sith\u00e9rapies.","breadcrumb":{"@id":"https:\/\/www.berchemcare.be\/nl\/kinesitherapie\/#breadcrumb"},"inLanguage":"nl-NL","potentialAction":[{"@type":"ReadAction","target":["https:\/\/www.berchemcare.be\/nl\/kinesitherapie\/"]}]},{"@type":"ImageObject","inLanguage":"nl-NL","@id":"https:\/\/www.berchemcare.be\/nl\/kinesitherapie\/#primaryimage","url":"https:\/\/www.berchemcare.be\/files\/uploads\/2017\/07\/kinesitherapie.jpg","contentUrl":"https:\/\/www.berchemcare.be\/files\/uploads\/2017\/07\/kinesitherapie.jpg","width":1280,"height":960},{"@type":"BreadcrumbList","@id":"https:\/\/www.berchemcare.be\/nl\/kinesitherapie\/#breadcrumb","itemListElement":[{"@type":"ListItem","position":1,"name":"Home","item":"https:\/\/www.berchemcare.be\/nl\/"},{"@type":"ListItem","position":2,"name":"Kin\u00e9sith\u00e9rapie"}]},{"@type":"WebSite","@id":"https:\/\/www.berchemcare.be\/#website","url":"https:\/\/www.berchemcare.be\/","name":"Berchem Care","description":"Medische praktijk\u00a0te Sint-Agatha-Berchem","potentialAction":[{"@type":"SearchAction","target":{"@type":"EntryPoint","urlTemplate":"https:\/\/www.berchemcare.be\/?s={search_term_string}"},"query-input":{"@type":"PropertyValueSpecification","valueRequired":true,"valueName":"search_term_string"}}],"inLanguage":"nl-NL"}]}},"_links":{"self":[{"href":"https:\/\/www.berchemcare.be\/nl\/wp-json\/wp\/v2\/pages\/985","targetHints":{"allow":["GET"]}}],"collection":[{"href":"https:\/\/www.berchemcare.be\/nl\/wp-json\/wp\/v2\/pages"}],"about":[{"href":"https:\/\/www.berchemcare.be\/nl\/wp-json\/wp\/v2\/types\/page"}],"author":[{"embeddable":true,"href":"https:\/\/www.berchemcare.be\/nl\/wp-json\/wp\/v2\/users\/1"}],"replies":[{"embeddable":true,"href":"https:\/\/www.berchemcare.be\/nl\/wp-json\/wp\/v2\/comments?post=985"}],"version-history":[{"count":6,"href":"https:\/\/www.berchemcare.be\/nl\/wp-json\/wp\/v2\/pages\/985\/revisions"}],"predecessor-version":[{"id":1448,"href":"https:\/\/www.berchemcare.be\/nl\/wp-json\/wp\/v2\/pages\/985\/revisions\/1448"}],"wp:featuredmedia":[{"embeddable":true,"href":"https:\/\/www.berchemcare.be\/nl\/wp-json\/wp\/v2\/media\/986"}],"wp:attachment":[{"href":"https:\/\/www.berchemcare.be\/nl\/wp-json\/wp\/v2\/media?parent=985"}],"curies":[{"name":"wp","href":"https:\/\/api.w.org\/{rel}","templated":true}]}}