{"id":989,"date":"2017-09-17T16:59:27","date_gmt":"2017-09-17T16:59:27","guid":{"rendered":"https:\/\/www.berchemcare.be\/onze-raadplegingen\/paramedische-beroepen\/psychologie\/"},"modified":"2026-04-13T14:26:22","modified_gmt":"2026-04-13T14:26:22","slug":"psychologie","status":"publish","type":"page","link":"https:\/\/www.berchemcare.be\/nl\/psychologie\/","title":{"rendered":"Psychologie"},"content":{"rendered":"<div class=\"wpb-content-wrapper\"><p>[vc_row el_class=&#8221;text_intro&#8221;][vc_column][vc_column_text]Notre \u00e9quipe est d\u00e9di\u00e9e \u00e0 <strong>am\u00e9liorer le bien-\u00eatre mental<\/strong> en favorisant une compr\u00e9hension approfondie des \u00e9motions et des pens\u00e9es. Que ce soit pour traiter l&#8217;anxi\u00e9t\u00e9, la d\u00e9pression, les troubles de l&#8217;humeur, ou pour offrir un soutien face aux transitions de la vie, nos professionnels sont d\u00e9vou\u00e9s \u00e0 <strong>fournir des soins attentifs et sp\u00e9cialis\u00e9s<\/strong>.<br \/>\nCliquez ci-dessous pour <strong>prendre rendez-vous en ligne<\/strong> avec l&#8217;un de nos psychologues.[\/vc_column_text][\/vc_column][\/vc_row][vc_row mobile_visibility=&#8221;hide&#8221;][vc_column][vc_empty_space][\/vc_column][\/vc_row][vc_row column_gap=&#8221;20&#8243; el_class=&#8221;team team_kine&#8221;][vc_column width=&#8221;1\/2&#8243; tablet_width=&#8221;1&#8243; tablet_sm_width=&#8221;1&#8243; mobile_width=&#8221;1&#8243; el_class=&#8221;d-flex&#8221;]<div class=\"grve-element grve-image img_medecin grve-align-left\" style=\"\"><img decoding=\"async\" width=\"726\" height=\"729\" src=\"https:\/\/www.berchemcare.be\/files\/uploads\/2018\/09\/Capture-d\u2019e\u0301cran-2018-11-22-a\u0300-12.47.19.png\" class=\"attachment-full size-full\" alt=\"\" srcset=\"https:\/\/www.berchemcare.be\/files\/uploads\/2018\/09\/Capture-d\u2019e\u0301cran-2018-11-22-a\u0300-12.47.19.png 1x,https:\/\/www.berchemcare.be\/files\/uploads\/2018\/09\/Capture-d\u2019e\u0301cran-2018-11-22-a\u0300-12.47.19.png 2x\" \/><\/div>[vc_row_inner el_class=&#8221;col_right&#8221;][vc_column_inner el_class=&#8221;right_col&#8221;]<div class=\"grve-element grve-title grve-align-left grve-h3 subtitle_medecin\" style=\"\"><span>Psychologue-psychoth\u00e9rapeute<\/span><\/div><div class=\"grve-element grve-title grve-align-left grve-h3 title_medecin\" style=\"\"><span>Mich\u00e8le Bastin<\/span><\/div>[vc_column_text el_class=&#8221;mention&#8221;]<span class=\"langue\">frans<\/span>[\/vc_column_text][vc_column_text el_class=&#8221;text_medecin&#8221;]Consultations sur rendez-vous au num\u00e9ro suivant <a href=\"tel:0032474963552\">0474\/96.35.52<\/a>.<\/p>\n<div class=\"wpb_column grve-column grve-column-1-4\">\n<div class=\"grve-team grve-element grve-style-1\">\n<figure class=\"grve-image-hover hover\"><figcaption>\n<div class=\"grve-team-content\">\n<div class=\"grve-team-description grve-align-center\"><\/div>\n<\/div>\n<\/figcaption><\/figure>\n<\/div>\n<\/div>\n<p>[\/vc_column_text]<div class=\"grve-element grve-title grve-align-left grve-h3 subtitle_spe\" style=\"\"><span>Sp\u00e9cialisations<\/span><\/div>[vc_column_text el_class=&#8221;text_medecin list_spe&#8221;]<\/p>\n<ul>\n<li>Enfants<\/li>\n<li>Adolescents<\/li>\n<li>Adultes<\/li>\n<li>Familles<\/li>\n<\/ul>\n<p>[\/vc_column_text]<div class=\"grve-element grve-align-left button_medecin\"><a href=\"tel:0032474963552\" target=\"_blank\" class=\"grve-btn grve-btn-medium grve-square grve-bg-primary-1 grve-bg-hover-black\"><span><i class=\"fas fa-chevron-right\"><\/i>Prendre rendez-vous<\/span><\/a><\/div>[\/vc_column_inner][\/vc_row_inner][\/vc_column][vc_column width=&#8221;1\/2&#8243; tablet_width=&#8221;1&#8243; tablet_sm_width=&#8221;1&#8243; el_class=&#8221;d-flex&#8221;]<div class=\"grve-element grve-image img_medecin grve-align-left\" style=\"\"><img decoding=\"async\" width=\"727\" height=\"730\" src=\"https:\/\/www.berchemcare.be\/files\/uploads\/2018\/03\/Capture-d\u2019e\u0301cran-2018-11-22-a\u0300-12.40.29.png\" class=\"attachment-full size-full\" alt=\"\" srcset=\"https:\/\/www.berchemcare.be\/files\/uploads\/2018\/03\/Capture-d\u2019e\u0301cran-2018-11-22-a\u0300-12.40.29.png 1x,https:\/\/www.berchemcare.be\/files\/uploads\/2018\/03\/Capture-d\u2019e\u0301cran-2018-11-22-a\u0300-12.40.29.png 2x\" \/><\/div>[vc_row_inner el_class=&#8221;col_right&#8221;][vc_column_inner el_class=&#8221;right_col&#8221;]<div class=\"grve-element grve-title grve-align-left grve-h3 subtitle_medecin\" style=\"\"><span>Psychologue<\/span><\/div><div class=\"grve-element grve-title grve-align-left grve-h3 title_medecin\" style=\"\"><span>Christelle Deterville<\/span><\/div>[vc_column_text el_class=&#8221;mention&#8221;]<span class=\"langue\">frans<\/span>[\/vc_column_text][vc_column_text el_class=&#8221;text_medecin&#8221;]Consultations sur rendez-vous au num\u00e9ro suivant <a href=\"tel:0032471552148\">0471\/55.21.48<\/a>.[\/vc_column_text]<div class=\"grve-element grve-align-left button_medecin\"><a href=\"tel:0032471552148\" target=\"_blank\" class=\"grve-btn grve-btn-medium grve-square grve-bg-primary-1 grve-bg-hover-black\"><span><i class=\"fas fa-chevron-right\"><\/i>Prendre rendez-vous<\/span><\/a><\/div>[\/vc_column_inner][\/vc_row_inner][\/vc_column][\/vc_row][vc_row column_gap=&#8221;20&#8243; el_class=&#8221;team team_kine&#8221;][vc_column width=&#8221;1\/2&#8243; tablet_width=&#8221;1&#8243; tablet_sm_width=&#8221;1&#8243; mobile_width=&#8221;1&#8243; el_class=&#8221;d-flex&#8221;]<div class=\"grve-element grve-image img_medecin grve-align-left\" style=\"\"><img decoding=\"async\" width=\"450\" height=\"450\" src=\"https:\/\/www.berchemcare.be\/files\/uploads\/2023\/11\/doctor-woman.png\" class=\"attachment-full size-full\" alt=\"\" srcset=\"https:\/\/www.berchemcare.be\/files\/uploads\/2023\/11\/doctor-woman.png 1x,https:\/\/www.berchemcare.be\/files\/uploads\/2023\/11\/doctor-woman.png 2x\" \/><\/div>[vc_row_inner el_class=&#8221;col_right&#8221;][vc_column_inner el_class=&#8221;right_col&#8221;]<div class=\"grve-element grve-title grve-align-left grve-h3 subtitle_medecin\" style=\"\"><span>psychologue<\/span><\/div><div class=\"grve-element grve-title grve-align-left grve-h3 title_medecin\" style=\"\"><span>Anna\u00eblle Devaux<\/span><\/div>[vc_column_text el_class=&#8221;mention&#8221;]<span class=\"langue\">frans<\/span>[\/vc_column_text][vc_column_text el_class=&#8221;text_medecin&#8221;]Consultations sur rendez-vous au num\u00e9ro suivant <a href=\"tel:0032492124058\">0492\/12.40.58<\/a>.[\/vc_column_text]<div class=\"grve-element grve-align-left button_medecin\"><a href=\"tel:0032492124058\" target=\"_blank\" class=\"grve-btn grve-btn-medium grve-square grve-bg-primary-1 grve-bg-hover-black\"><span><i class=\"fas fa-chevron-right\"><\/i>Prendre rendez-vous<\/span><\/a><\/div>[\/vc_column_inner][\/vc_row_inner][\/vc_column][vc_column width=&#8221;1\/2&#8243; el_class=&#8221;d-flex&#8221;]<div class=\"grve-element grve-image img_medecin grve-align-left\" style=\"\"><img decoding=\"async\" width=\"450\" height=\"450\" src=\"https:\/\/www.berchemcare.be\/files\/uploads\/2023\/11\/doctor-woman.png\" class=\"attachment-full size-full\" alt=\"\" srcset=\"https:\/\/www.berchemcare.be\/files\/uploads\/2023\/11\/doctor-woman.png 1x,https:\/\/www.berchemcare.be\/files\/uploads\/2023\/11\/doctor-woman.png 2x\" \/><\/div>[vc_row_inner el_class=&#8221;col_right&#8221;][vc_column_inner el_class=&#8221;right_col&#8221;]<div class=\"grve-element grve-title grve-align-left grve-h3 subtitle_medecin\" style=\"\"><span>Sexologue clinicienne<\/span><\/div><div class=\"grve-element grve-title grve-align-left grve-h3 title_medecin\" style=\"\"><span>V\u00e9ronique Vrydagh<\/span><\/div>[vc_column_text el_class=&#8221;mention&#8221;]<span class=\"langue\">frans<\/span>[\/vc_column_text][vc_column_text css=&#8221;&#8221; el_class=&#8221;text_medecin&#8221;]Consultations sur rendez-vous au num\u00e9ro suivant <a href=\"tel:0032491130680\">0491\/13.06.80<\/a>.[\/vc_column_text]<div class=\"grve-element grve-align-left button_medecin\"><a href=\"tel:0032491130680\" target=\"_blank\" class=\"grve-btn grve-btn-medium grve-square grve-bg-primary-1 grve-bg-hover-black\"><span><i class=\"fa fa-solid fa-angle-right\"><\/i>Prendre rendez-vous<\/span><\/a><\/div>[\/vc_column_inner][\/vc_row_inner][\/vc_column][\/vc_row]<\/p>\n<\/div>","protected":false},"excerpt":{"rendered":"<p>[vc_row el_class=&#8221;text_intro&#8221;][vc_column][vc_column_text]Notre \u00e9quipe est d\u00e9di\u00e9e \u00e0 am\u00e9liorer le bien-\u00eatre mental en favorisant une compr\u00e9hension approfondie des \u00e9motions et des pens\u00e9es. Que ce soit pour traiter l&#8217;anxi\u00e9t\u00e9, la d\u00e9pression, les troubles de l&#8217;humeur, ou pour offrir un soutien face aux transitions de la vie, nos professionnels sont d\u00e9vou\u00e9s \u00e0 fournir des soins attentifs et sp\u00e9cialis\u00e9s. Cliquez [&hellip;]<\/p>\n","protected":false},"author":1,"featured_media":991,"parent":0,"menu_order":0,"comment_status":"closed","ping_status":"closed","template":"","meta":{"footnotes":""},"class_list":["post-989","page","type-page","status-publish","has-post-thumbnail","hentry"],"yoast_head":"<!-- This site is optimized with the Yoast SEO plugin v27.3 - https:\/\/yoast.com\/product\/yoast-seo-wordpress\/ -->\n<title>Psychologie - Berchem Care<\/title>\n<meta name=\"description\" content=\"Le cabinet m\u00e9dical Berchem Care \u00e0 Berchem-Sainte-Agathe vous propose ses services de podologie.\" \/>\n<meta name=\"robots\" content=\"index, follow, max-snippet:-1, max-image-preview:large, max-video-preview:-1\" \/>\n<link rel=\"canonical\" href=\"https:\/\/www.berchemcare.be\/nl\/psychologie\/\" \/>\n<meta property=\"og:locale\" content=\"nl_NL\" \/>\n<meta property=\"og:type\" content=\"article\" \/>\n<meta property=\"og:title\" content=\"Psychologie - Berchem Care\" \/>\n<meta property=\"og:description\" content=\"Le cabinet m\u00e9dical Berchem Care \u00e0 Berchem-Sainte-Agathe vous propose ses services de podologie.\" \/>\n<meta property=\"og:url\" content=\"https:\/\/www.berchemcare.be\/nl\/psychologie\/\" \/>\n<meta property=\"og:site_name\" content=\"Berchem Care\" \/>\n<meta property=\"article:modified_time\" content=\"2026-04-13T14:26:22+00:00\" \/>\n<meta property=\"og:image\" content=\"https:\/\/www.berchemcare.be\/files\/uploads\/2017\/07\/medecine-specialisee.jpg\" \/>\n\t<meta property=\"og:image:width\" content=\"1280\" \/>\n\t<meta property=\"og:image:height\" content=\"960\" \/>\n\t<meta property=\"og:image:type\" content=\"image\/jpeg\" \/>\n<meta name=\"twitter:card\" content=\"summary_large_image\" \/>\n<meta name=\"twitter:label1\" content=\"Geschatte leestijd\" \/>\n\t<meta name=\"twitter:data1\" content=\"3 minuten\" \/>\n<script type=\"application\/ld+json\" class=\"yoast-schema-graph\">{\"@context\":\"https:\\\/\\\/schema.org\",\"@graph\":[{\"@type\":\"WebPage\",\"@id\":\"https:\\\/\\\/www.berchemcare.be\\\/nl\\\/psychologie\\\/\",\"url\":\"https:\\\/\\\/www.berchemcare.be\\\/nl\\\/psychologie\\\/\",\"name\":\"Psychologie - Berchem Care\",\"isPartOf\":{\"@id\":\"https:\\\/\\\/www.berchemcare.be\\\/#website\"},\"primaryImageOfPage\":{\"@id\":\"https:\\\/\\\/www.berchemcare.be\\\/nl\\\/psychologie\\\/#primaryimage\"},\"image\":{\"@id\":\"https:\\\/\\\/www.berchemcare.be\\\/nl\\\/psychologie\\\/#primaryimage\"},\"thumbnailUrl\":\"https:\\\/\\\/www.berchemcare.be\\\/files\\\/uploads\\\/2017\\\/07\\\/medecine-specialisee.jpg\",\"datePublished\":\"2017-09-17T16:59:27+00:00\",\"dateModified\":\"2026-04-13T14:26:22+00:00\",\"description\":\"Le cabinet m\u00e9dical Berchem Care \u00e0 Berchem-Sainte-Agathe vous propose ses services de podologie.\",\"breadcrumb\":{\"@id\":\"https:\\\/\\\/www.berchemcare.be\\\/nl\\\/psychologie\\\/#breadcrumb\"},\"inLanguage\":\"nl-NL\",\"potentialAction\":[{\"@type\":\"ReadAction\",\"target\":[\"https:\\\/\\\/www.berchemcare.be\\\/nl\\\/psychologie\\\/\"]}]},{\"@type\":\"ImageObject\",\"inLanguage\":\"nl-NL\",\"@id\":\"https:\\\/\\\/www.berchemcare.be\\\/nl\\\/psychologie\\\/#primaryimage\",\"url\":\"https:\\\/\\\/www.berchemcare.be\\\/files\\\/uploads\\\/2017\\\/07\\\/medecine-specialisee.jpg\",\"contentUrl\":\"https:\\\/\\\/www.berchemcare.be\\\/files\\\/uploads\\\/2017\\\/07\\\/medecine-specialisee.jpg\",\"width\":1280,\"height\":960},{\"@type\":\"BreadcrumbList\",\"@id\":\"https:\\\/\\\/www.berchemcare.be\\\/nl\\\/psychologie\\\/#breadcrumb\",\"itemListElement\":[{\"@type\":\"ListItem\",\"position\":1,\"name\":\"Home\",\"item\":\"https:\\\/\\\/www.berchemcare.be\\\/nl\\\/\"},{\"@type\":\"ListItem\",\"position\":2,\"name\":\"Psychologie\"}]},{\"@type\":\"WebSite\",\"@id\":\"https:\\\/\\\/www.berchemcare.be\\\/#website\",\"url\":\"https:\\\/\\\/www.berchemcare.be\\\/\",\"name\":\"Berchem Care\",\"description\":\"Medische praktijk\u00a0te Sint-Agatha-Berchem\",\"potentialAction\":[{\"@type\":\"SearchAction\",\"target\":{\"@type\":\"EntryPoint\",\"urlTemplate\":\"https:\\\/\\\/www.berchemcare.be\\\/?s={search_term_string}\"},\"query-input\":{\"@type\":\"PropertyValueSpecification\",\"valueRequired\":true,\"valueName\":\"search_term_string\"}}],\"inLanguage\":\"nl-NL\"}]}<\/script>\n<!-- \/ Yoast SEO plugin. -->","yoast_head_json":{"title":"Psychologie - Berchem Care","description":"Le cabinet m\u00e9dical Berchem Care \u00e0 Berchem-Sainte-Agathe vous propose ses services de podologie.","robots":{"index":"index","follow":"follow","max-snippet":"max-snippet:-1","max-image-preview":"max-image-preview:large","max-video-preview":"max-video-preview:-1"},"canonical":"https:\/\/www.berchemcare.be\/nl\/psychologie\/","og_locale":"nl_NL","og_type":"article","og_title":"Psychologie - Berchem Care","og_description":"Le cabinet m\u00e9dical Berchem Care \u00e0 Berchem-Sainte-Agathe vous propose ses services de podologie.","og_url":"https:\/\/www.berchemcare.be\/nl\/psychologie\/","og_site_name":"Berchem Care","article_modified_time":"2026-04-13T14:26:22+00:00","og_image":[{"width":1280,"height":960,"url":"https:\/\/www.berchemcare.be\/files\/uploads\/2017\/07\/medecine-specialisee.jpg","type":"image\/jpeg"}],"twitter_card":"summary_large_image","twitter_misc":{"Geschatte leestijd":"3 minuten"},"schema":{"@context":"https:\/\/schema.org","@graph":[{"@type":"WebPage","@id":"https:\/\/www.berchemcare.be\/nl\/psychologie\/","url":"https:\/\/www.berchemcare.be\/nl\/psychologie\/","name":"Psychologie - Berchem Care","isPartOf":{"@id":"https:\/\/www.berchemcare.be\/#website"},"primaryImageOfPage":{"@id":"https:\/\/www.berchemcare.be\/nl\/psychologie\/#primaryimage"},"image":{"@id":"https:\/\/www.berchemcare.be\/nl\/psychologie\/#primaryimage"},"thumbnailUrl":"https:\/\/www.berchemcare.be\/files\/uploads\/2017\/07\/medecine-specialisee.jpg","datePublished":"2017-09-17T16:59:27+00:00","dateModified":"2026-04-13T14:26:22+00:00","description":"Le cabinet m\u00e9dical Berchem Care \u00e0 Berchem-Sainte-Agathe vous propose ses services de podologie.","breadcrumb":{"@id":"https:\/\/www.berchemcare.be\/nl\/psychologie\/#breadcrumb"},"inLanguage":"nl-NL","potentialAction":[{"@type":"ReadAction","target":["https:\/\/www.berchemcare.be\/nl\/psychologie\/"]}]},{"@type":"ImageObject","inLanguage":"nl-NL","@id":"https:\/\/www.berchemcare.be\/nl\/psychologie\/#primaryimage","url":"https:\/\/www.berchemcare.be\/files\/uploads\/2017\/07\/medecine-specialisee.jpg","contentUrl":"https:\/\/www.berchemcare.be\/files\/uploads\/2017\/07\/medecine-specialisee.jpg","width":1280,"height":960},{"@type":"BreadcrumbList","@id":"https:\/\/www.berchemcare.be\/nl\/psychologie\/#breadcrumb","itemListElement":[{"@type":"ListItem","position":1,"name":"Home","item":"https:\/\/www.berchemcare.be\/nl\/"},{"@type":"ListItem","position":2,"name":"Psychologie"}]},{"@type":"WebSite","@id":"https:\/\/www.berchemcare.be\/#website","url":"https:\/\/www.berchemcare.be\/","name":"Berchem Care","description":"Medische praktijk\u00a0te Sint-Agatha-Berchem","potentialAction":[{"@type":"SearchAction","target":{"@type":"EntryPoint","urlTemplate":"https:\/\/www.berchemcare.be\/?s={search_term_string}"},"query-input":{"@type":"PropertyValueSpecification","valueRequired":true,"valueName":"search_term_string"}}],"inLanguage":"nl-NL"}]}},"_links":{"self":[{"href":"https:\/\/www.berchemcare.be\/nl\/wp-json\/wp\/v2\/pages\/989","targetHints":{"allow":["GET"]}}],"collection":[{"href":"https:\/\/www.berchemcare.be\/nl\/wp-json\/wp\/v2\/pages"}],"about":[{"href":"https:\/\/www.berchemcare.be\/nl\/wp-json\/wp\/v2\/types\/page"}],"author":[{"embeddable":true,"href":"https:\/\/www.berchemcare.be\/nl\/wp-json\/wp\/v2\/users\/1"}],"replies":[{"embeddable":true,"href":"https:\/\/www.berchemcare.be\/nl\/wp-json\/wp\/v2\/comments?post=989"}],"version-history":[{"count":16,"href":"https:\/\/www.berchemcare.be\/nl\/wp-json\/wp\/v2\/pages\/989\/revisions"}],"predecessor-version":[{"id":1582,"href":"https:\/\/www.berchemcare.be\/nl\/wp-json\/wp\/v2\/pages\/989\/revisions\/1582"}],"wp:featuredmedia":[{"embeddable":true,"href":"https:\/\/www.berchemcare.be\/nl\/wp-json\/wp\/v2\/media\/991"}],"wp:attachment":[{"href":"https:\/\/www.berchemcare.be\/nl\/wp-json\/wp\/v2\/media?parent=989"}],"curies":[{"name":"wp","href":"https:\/\/api.w.org\/{rel}","templated":true}]}}